{"id":259856,"date":"2023-11-15T09:36:35","date_gmt":"2023-11-15T09:36:35","guid":{"rendered":"https:\/\/harristweed-shop.be\/product\/australia-rugby-shirt-1987\/"},"modified":"2026-05-05T05:11:31","modified_gmt":"2026-05-05T05:11:31","slug":"australia-rugby-shirt-1987","status":"publish","type":"product","link":"https:\/\/harristweed-shop.be\/fr\/produit\/maillot-de-rugby-australien-1987\/","title":{"rendered":"Maillot de rugby australien 1987"},"content":{"rendered":"<p>Maillot de rugby australien 1987<\/p>\n<p>Lors de la Coupe du Monde de rugby 1987, l&#039;\u00e9quipe australienne de rugby \u00e0 XV a fait preuve d&#039;un talent remarquable, malgr\u00e9 une d\u00e9faite cuisante en demi-finale contre la France (24-30). Ce moment charni\u00e8re dans l&#039;histoire du tournoi a \u00e9t\u00e9 marqu\u00e9 par la performance exceptionnelle des Wallabies, arborant l&#039;embl\u00e9matique maillot de rugby australien 1987. Emmen\u00e9e par des joueurs exceptionnels comme David Campese, Nick Farr-Jones et Michael Lynagh, l&#039;\u00e9quipe a fait preuve d&#039;un talent et d&#039;une d\u00e9termination exceptionnels.<\/p>\n<p>Demi-finale de 1987\u00a0: un chagrin pour l&#039;\u00e9quipe australienne de rugby<\/p>\n<p>Leur parcours, bien que conclu en demi-finale, a marqu\u00e9 durablement les passionn\u00e9s de rugby du monde entier. Le maillot de rugby australien de 1987 est devenu le symbole de leur d\u00e9vouement et de leur esprit sportif, gagnant une immense reconnaissance aupr\u00e8s des fans et des collectionneurs.<\/p>\n<p>Le c\u00e9l\u00e8bre esprit wallaby<\/p>\n<p>Cet \u00e9v\u00e9nement historique a consolid\u00e9 l&#039;h\u00e9ritage de l&#039;\u00e9quipe australienne de rugby \u00e0 XV, conqu\u00e9rant le c\u0153ur des supporters et fa\u00e7onnant le patrimoine rugbystique du pays. Malgr\u00e9 le revers en demi-finale, la performance exceptionnelle de l&#039;\u00e9quipe et l&#039;attrait durable de ce maillot embl\u00e9matique de 1987 continuent d&#039;\u00eatre c\u00e9l\u00e9br\u00e9s dans le monde du rugby, saluant l&#039;esprit et le d\u00e9vouement ind\u00e9fectibles de l&#039;\u00e9quipe.<\/p>\n<p>Maillot de rugby classique de l&#039;Australie 1987<\/p>\n<p>Confectionn\u00e9 en coton 100% au toucher satin\u00e9, le maillot de rugby australien 1987 arbore une broderie d\u00e9taill\u00e9e sur l&#039;\u00e9cusson original. Il est \u00e9galement dot\u00e9 d&#039;une patte de boutonnage int\u00e9rieure, de poignets et d&#039;un col assortis, de fentes \u00e0 chevrons et d&#039;une bande de velours \u00e0 l&#039;encolure. Le logo \u00ab\u00a01987 Australia Rugby\u00a0\u00bb est \u00e9galement brod\u00e9 sur le pied de col et la nuque. Un logo Ellis Rugby ton sur ton orne \u00e9galement le bras.<\/p>\n<p>Nous proposons \u00e9galement le polo de rugby australien 1987.<\/p>\n<p>Les tailles disponibles sont S \u2013 4XL.<\/p>","protected":false},"excerpt":{"rendered":"<p>Maillot de rugby australien 1987<br \/>\nLors de la Coupe du monde de rugby de 1987, l&#039;\u00e9quipe australienne de rugby \u00e0 XV a fait preuve d&#039;un talent remarquable, malgr\u00e9 une d\u00e9faite d\u00e9chirante en demi-finale contre la France, terminant 24-30.<br \/>\nDans les annales du rugby, le match Nouvelle-Z\u00e9lande-Argentine de 1985 \u00e0 Buenos Aires reste un classique intemporel. La rencontre s&#039;est sold\u00e9e par un match nul haletant (21-21), laissant les supporters en haleine. Parmi les personnalit\u00e9s qui ont brill\u00e9 dans cette ferveur rugbystique, on compte le l\u00e9gendaire demi d&#039;ouverture argentin, Hugo Porta.<\/p>","protected":false},"featured_media":259864,"template":"","meta":[],"product_brand":[],"product_cat":[964,397,394,955],"product_tag":[],"class_list":{"0":"post-259856","1":"product","2":"type-product","3":"status-publish","4":"has-post-thumbnail","6":"product_cat-australia-wallabies-shop-by-country-club","7":"product_cat-international","8":"product_cat-rugby-shirts-2","9":"product_cat-shop-by-country-club","10":"pa_merk-ellis-rugby","12":"first","13":"instock","14":"taxable","15":"shipping-taxable","16":"purchasable","17":"product-type-variable"},"df_price":89.95,"df_sale_price":"","df_regular_price":89.95,"df_image_link":"https:\/\/harristweed-shop.be\/wp-content\/uploads\/2023\/11\/d208b038f4f5d0083d706eb498179f8c_Australia_Rugby_Shirt_1987-300x300.jpg","_links":{"self":[{"href":"https:\/\/harristweed-shop.be\/fr\/wp-json\/wp\/v2\/product\/259856","targetHints":{"allow":["GET"]}}],"collection":[{"href":"https:\/\/harristweed-shop.be\/fr\/wp-json\/wp\/v2\/product"}],"about":[{"href":"https:\/\/harristweed-shop.be\/fr\/wp-json\/wp\/v2\/types\/product"}],"wp:featuredmedia":[{"embeddable":true,"href":"https:\/\/harristweed-shop.be\/fr\/wp-json\/wp\/v2\/media\/259864"}],"wp:attachment":[{"href":"https:\/\/harristweed-shop.be\/fr\/wp-json\/wp\/v2\/media?parent=259856"}],"wp:term":[{"taxonomy":"product_brand","embeddable":true,"href":"https:\/\/harristweed-shop.be\/fr\/wp-json\/wp\/v2\/product_brand?post=259856"},{"taxonomy":"product_cat","embeddable":true,"href":"https:\/\/harristweed-shop.be\/fr\/wp-json\/wp\/v2\/product_cat?post=259856"},{"taxonomy":"product_tag","embeddable":true,"href":"https:\/\/harristweed-shop.be\/fr\/wp-json\/wp\/v2\/product_tag?post=259856"}],"curies":[{"name":"wp","href":"https:\/\/api.w.org\/{rel}","templated":true}]}}