{"id":25609,"date":"2023-03-23T12:39:21","date_gmt":"2023-03-23T12:39:21","guid":{"rendered":"https:\/\/harristweed-shop.be\/product\/zwarte-wollen-sokken-carlo-lanza\/"},"modified":"2026-04-21T16:37:07","modified_gmt":"2026-04-21T16:37:07","slug":"zwarte-wollen-sokken-carlo-lanza","status":"publish","type":"product","link":"https:\/\/harristweed-shop.be\/fr\/produit\/chaussettes-en-laine-noire-carlo-lanza\/","title":{"rendered":"Chaussettes en laine pour homme Notte noires"},"content":{"rendered":"<p>Les chaussettes en laine m\u00e9rinos noire sont un incontournable de votre collection. Ces chaussettes Notte de Carlo Lanza sont \u00e9l\u00e9gantes, confortables et r\u00e9sistantes. Parfaites pour le travail comme pour les loisirs. Le choix id\u00e9al pour les hommes soucieux de la qualit\u00e9. La laine m\u00e9rinos les rend respirantes et anti-odeurs. Un cadeau id\u00e9al pour toutes les occasions. Le noir est un choix intemporel, \u00e9l\u00e9gant avec toutes les tenues. Pour une qualit\u00e9 durable\u00a0: laver \u00e0 basse temp\u00e9rature et ne pas repasser.<\/p>\n<p>Marque : Carlo Lanza<br \/>Composition : 70 % laine m\u00e9rinos, 27 % coton, 31 % \u00e9lasthanne<br \/>Origine : Fabriqu\u00e9 en Italie<\/p>","protected":false},"excerpt":{"rendered":"<p>Chaussettes en laine pour homme Notte noires.<\/p>\n<p>Les chaussettes en laine m\u00e9rinos noire sont un incontournable de votre collection. Ces chaussettes Notte de Carlo Lanza sont \u00e9l\u00e9gantes, confortables et r\u00e9sistantes.<\/p>","protected":false},"featured_media":25612,"template":"","meta":[],"product_brand":[],"product_cat":[925,134],"product_tag":[],"class_list":{"0":"post-25609","1":"product","2":"type-product","3":"status-publish","4":"has-post-thumbnail","6":"product_cat-socken","7":"product_cat-sokken","8":"pa_merk-carlolanza","10":"first","11":"instock","12":"taxable","13":"shipping-taxable","14":"purchasable","15":"product-type-variable"},"df_price":17.95,"df_sale_price":"","df_regular_price":17.95,"df_image_link":"https:\/\/harristweed-shop.be\/wp-content\/uploads\/2023\/03\/b8a188a1a2ba20bbeeb9035db0bde7f6_Zwarte_wollen_sokken___Carlo_Lanza-300x300.jpg","_links":{"self":[{"href":"https:\/\/harristweed-shop.be\/fr\/wp-json\/wp\/v2\/product\/25609","targetHints":{"allow":["GET"]}}],"collection":[{"href":"https:\/\/harristweed-shop.be\/fr\/wp-json\/wp\/v2\/product"}],"about":[{"href":"https:\/\/harristweed-shop.be\/fr\/wp-json\/wp\/v2\/types\/product"}],"wp:featuredmedia":[{"embeddable":true,"href":"https:\/\/harristweed-shop.be\/fr\/wp-json\/wp\/v2\/media\/25612"}],"wp:attachment":[{"href":"https:\/\/harristweed-shop.be\/fr\/wp-json\/wp\/v2\/media?parent=25609"}],"wp:term":[{"taxonomy":"product_brand","embeddable":true,"href":"https:\/\/harristweed-shop.be\/fr\/wp-json\/wp\/v2\/product_brand?post=25609"},{"taxonomy":"product_cat","embeddable":true,"href":"https:\/\/harristweed-shop.be\/fr\/wp-json\/wp\/v2\/product_cat?post=25609"},{"taxonomy":"product_tag","embeddable":true,"href":"https:\/\/harristweed-shop.be\/fr\/wp-json\/wp\/v2\/product_tag?post=25609"}],"curies":[{"name":"wp","href":"https:\/\/api.w.org\/{rel}","templated":true}]}}