{"id":253075,"date":"2023-11-07T14:02:47","date_gmt":"2023-11-07T14:02:47","guid":{"rendered":"https:\/\/harristweed-shop.be\/product\/wellington-wol-cashmere-damesmantel-navy\/"},"modified":"2026-04-08T15:25:29","modified_gmt":"2026-04-08T15:25:29","slug":"wellington-wol-cashmere-damesmantel-navy","status":"publish","type":"product","link":"https:\/\/harristweed-shop.be\/fr\/produit\/manteau-femme-en-laine-et-cachemire-wellington-bleu-marine\/","title":{"rendered":"Veste Paula pour femme en laine et cachemire bleu marine"},"content":{"rendered":"<p>Paula \u2013 Un manteau en tweed pour femme, d&#039;une \u00e9l\u00e9gance intemporelle et d&#039;une qualit\u00e9 de confection exceptionnelle.<\/p>\n<p>Le manteau en tweed pour femme \u201c\u00a0Paula\u00a0\u201d se distingue par son m\u00e9lange exclusif de laine et de cachemire, associ\u00e9 au tissage tweed caract\u00e9ristique, robuste et raffin\u00e9. Cette mati\u00e8re haut de gamme offre non seulement une chaleur et une durabilit\u00e9 exceptionnelles, mais conf\u00e8re \u00e9galement au manteau une texture et une profondeur uniques.<\/p>\n<p>La silhouette s\u00e9duit par son design \u00e9l\u00e9gant et ses d\u00e9tails raffin\u00e9s. Le col montant \u00e0 fermeture haute, bord\u00e9 d&#039;une confortable fourrure synth\u00e9tique amovible, m\u00e9rite une attention particuli\u00e8re. Deux boucles d\u00e9coratives \u00e0 l&#039;aspect cuir soign\u00e9 apportent une touche d&#039;\u00e9l\u00e9gance et de raffinement \u00e0 la veste.<\/p>\n<p>Cette veste pour femme t\u00e9moigne d&#039;un savoir-faire exceptionnel\u00a0: des d\u00e9tails raffin\u00e9s, comme la fermeture \u00e9clair dissimul\u00e9e et la patte de boutonnage orn\u00e9e d&#039;\u00e9l\u00e9gants boutons \u00e0 logo en forme de corne, lui conf\u00e8rent une allure sobre et sophistiqu\u00e9e. Les poches passepoil\u00e9es judicieusement plac\u00e9es dans la couture centrale compl\u00e8tent parfaitement le design, alliant fonctionnalit\u00e9 et raffinement. Une fente au dos offre une plus grande libert\u00e9 de mouvement et un confort exceptionnel.<\/p>\n<p>\u00c9l\u00e9gante ou sportive, la chaise longue \u201c Paula \u201d s\u00e9duit par son allure intemporelle et ses mat\u00e9riaux de haute qualit\u00e9, qui offrent bien plus que de la simple chaleur.<\/p>\n<p>\u2013 Une poche int\u00e9rieure avec fermeture \u00e9clair<br \/>- Enti\u00e8rement doubl\u00e9<br \/>\u2013 Col amovible en fausse fourrure de haute qualit\u00e9<br \/>- L\u00e9g\u00e8rement ajust\u00e9<br \/>\u2013 \u00c9tiquette nominative<br \/>\u2013 Coutures princesse avec fente au dos<br \/>\u2013 Deux poches lat\u00e9rales<br \/>\u2013 Deux boucles de collier en similicuir<\/p>\n<p>Mensurations du mod\u00e8le : Le mannequin mesure 174 cm et porte une taille 36 sur la photo.<br \/>Coupe : L\u00e9g\u00e8rement ajust\u00e9e.<br \/>Mesures du v\u00eatement\u00a0: Pour la taille 36, les mesures sont les suivantes\u00a0: Demi-tour de poitrine\u00a0: 98\u00a0cm \u2013 Demi-tour de taille\u00a0: 94\u00a0cm \u2013 Largeur d\u2019\u00e9paules\u00a0: 10,5\u00a0cm \u2013 Longueur des manches (depuis l\u2019ourlet)\u00a0: 64\u00a0cm \u2013 Longueur dos\u00a0: 84,5\u00a0cm<\/p>\n<p>Tissu ext\u00e9rieur : 95% laine vierge, 5% cachemire<br \/>Doublure : 60% viscose, 40% polyester<br \/>Doublure des manches : polyester 100%<\/p>","protected":false},"excerpt":{"rendered":"<p>Veste Paula pour femme en laine et cachemire bleu marine.<\/p>\n<p>Le manteau en tweed pour femme \u201c\u00a0Paula\u00a0\u201d se distingue par son m\u00e9lange exclusif de laine et de cachemire, associ\u00e9 au tissage tweed caract\u00e9ristique, robuste et raffin\u00e9. Cette mati\u00e8re haut de gamme offre non seulement une chaleur et une durabilit\u00e9 exceptionnelles, mais conf\u00e8re \u00e9galement au manteau une texture et une profondeur uniques.<\/p>","protected":false},"featured_media":253086,"template":"","meta":[],"product_brand":[],"product_cat":[481,87,482,483],"product_tag":[],"class_list":{"0":"post-253075","1":"product","2":"type-product","3":"status-publish","4":"has-post-thumbnail","6":"product_cat-dames-jassen-en-jacks","7":"product_cat-jassen-en-jacks","8":"product_cat-mantel-und-jacken","9":"product_cat-mantel-und-jacken-fur-damen","10":"pa_merk-wellington","12":"first","13":"instock","14":"taxable","15":"shipping-taxable","16":"purchasable","17":"product-type-variable"},"df_price":298.95,"df_sale_price":"","df_regular_price":298.95,"df_image_link":"https:\/\/harristweed-shop.be\/wp-content\/uploads\/2023\/11\/8ef9ce29f095dea70ab883a37ce30f51_Wellington__Wol_Cashmere_Damesmantel_Navy_-225x300.jpg","_links":{"self":[{"href":"https:\/\/harristweed-shop.be\/fr\/wp-json\/wp\/v2\/product\/253075","targetHints":{"allow":["GET"]}}],"collection":[{"href":"https:\/\/harristweed-shop.be\/fr\/wp-json\/wp\/v2\/product"}],"about":[{"href":"https:\/\/harristweed-shop.be\/fr\/wp-json\/wp\/v2\/types\/product"}],"wp:featuredmedia":[{"embeddable":true,"href":"https:\/\/harristweed-shop.be\/fr\/wp-json\/wp\/v2\/media\/253086"}],"wp:attachment":[{"href":"https:\/\/harristweed-shop.be\/fr\/wp-json\/wp\/v2\/media?parent=253075"}],"wp:term":[{"taxonomy":"product_brand","embeddable":true,"href":"https:\/\/harristweed-shop.be\/fr\/wp-json\/wp\/v2\/product_brand?post=253075"},{"taxonomy":"product_cat","embeddable":true,"href":"https:\/\/harristweed-shop.be\/fr\/wp-json\/wp\/v2\/product_cat?post=253075"},{"taxonomy":"product_tag","embeddable":true,"href":"https:\/\/harristweed-shop.be\/fr\/wp-json\/wp\/v2\/product_tag?post=253075"}],"curies":[{"name":"wp","href":"https:\/\/api.w.org\/{rel}","templated":true}]}}