{"id":252787,"date":"2023-11-07T10:27:47","date_gmt":"2023-11-07T10:27:47","guid":{"rendered":"https:\/\/harristweed-shop.be\/product\/harris-tweed-barrel-bag-mustard\/"},"modified":"2026-04-08T15:40:20","modified_gmt":"2026-04-08T15:40:20","slug":"harris-tweed-barrel-bag-mustard","status":"publish","type":"product","link":"https:\/\/harristweed-shop.be\/fr\/produit\/sac-baril-en-tweed-harris-moutarde\/","title":{"rendered":"Sac tonneau en Harris Tweed \u2013 Motif moutarde"},"content":{"rendered":"<p>\u2013 Disponible dans une s\u00e9lection de couleurs Harris Tweed<br \/>\n<br \/>\u2013 Photo\u00a0: Motif moutarde<br \/>\u2013 Tiss\u00e9 \u00e0 la main en pure laine 100%<br \/>\n<br \/>\u2013 Finition cuir avec doublure aspect daim<br \/>\n<br \/>\u2013 Petite poche zipp\u00e9e \u00e0 l&#039;int\u00e9rieur<br \/>\n<br \/>\u2013 32 cm (L) x 20 cm (H) x 14 cm (P)<br \/>\n<br \/>\u2013 Hauteur de la poign\u00e9e : 24 cm<\/p>","protected":false},"excerpt":{"rendered":"<p>Sac en tweed Harris \u2013 Motif moutarde.<\/p>\n<p>\u2013 Harris Tweed \u2013 Laine 100%<br \/>\n\u2013 Doublure \u2013 Polyester 100% (effet daim)<br \/>\n\u2013 Finition \u2013 Cuir 100%<\/p>","protected":false},"featured_media":252788,"template":"","meta":[],"product_brand":[],"product_cat":[903,904,1212,1163,1139,1162,1138,1221,901,808],"product_tag":[],"class_list":{"0":"post-252787","1":"product","2":"type-product","3":"status-publish","4":"has-post-thumbnail","6":"product_cat-handtas","7":"product_cat-handtaschen","8":"product_cat-harris-tweed","9":"product_cat-harris-tweed-handtasche","10":"product_cat-harris-tweed-handtassen","11":"product_cat-harris-tweed-taschen","12":"product_cat-harris-tweed-tassen","13":"product_cat-tas-harris-tweed","14":"product_cat-taschen","15":"product_cat-tassen","16":"pa_merk-harristweed","18":"first","19":"outofstock","20":"taxable","21":"shipping-taxable","22":"purchasable","23":"product-type-simple"},"df_price":169.95,"df_sale_price":"","df_regular_price":169.95,"df_image_link":"https:\/\/harristweed-shop.be\/wp-content\/uploads\/2023\/11\/68a32b414b4aebc2ef9649b6c25dd1c0_Harris_Tweed_Barrel_Bag_Mustard-300x300.jpg","_links":{"self":[{"href":"https:\/\/harristweed-shop.be\/fr\/wp-json\/wp\/v2\/product\/252787","targetHints":{"allow":["GET"]}}],"collection":[{"href":"https:\/\/harristweed-shop.be\/fr\/wp-json\/wp\/v2\/product"}],"about":[{"href":"https:\/\/harristweed-shop.be\/fr\/wp-json\/wp\/v2\/types\/product"}],"wp:featuredmedia":[{"embeddable":true,"href":"https:\/\/harristweed-shop.be\/fr\/wp-json\/wp\/v2\/media\/252788"}],"wp:attachment":[{"href":"https:\/\/harristweed-shop.be\/fr\/wp-json\/wp\/v2\/media?parent=252787"}],"wp:term":[{"taxonomy":"product_brand","embeddable":true,"href":"https:\/\/harristweed-shop.be\/fr\/wp-json\/wp\/v2\/product_brand?post=252787"},{"taxonomy":"product_cat","embeddable":true,"href":"https:\/\/harristweed-shop.be\/fr\/wp-json\/wp\/v2\/product_cat?post=252787"},{"taxonomy":"product_tag","embeddable":true,"href":"https:\/\/harristweed-shop.be\/fr\/wp-json\/wp\/v2\/product_tag?post=252787"}],"curies":[{"name":"wp","href":"https:\/\/api.w.org\/{rel}","templated":true}]}}