{"id":251420,"date":"2023-11-05T15:05:19","date_gmt":"2023-11-05T15:05:19","guid":{"rendered":"https:\/\/harristweed-shop.be\/product\/harris-tweed-pantalon-625\/"},"modified":"2026-04-21T12:13:10","modified_gmt":"2026-04-21T12:13:10","slug":"harris-tweed-pantalon-625","status":"publish","type":"product","link":"https:\/\/harristweed-shop.be\/fr\/produit\/pantalon-en-tweed-harris-625\/","title":{"rendered":"Pantalon en tweed Harris \u00e0 carreaux \u00e9cossais Mr Miller"},"content":{"rendered":"<p>Pantalon homme \u00ab Mr. Miller \u00bb 100% Harris Tweed \u2013 classique, \u00e9l\u00e9gant et exclusif<\/p>\n<p>D\u00e9couvrez le pantalon pour homme \u201c\u00a0Mr. Miller\u00a0\u201d, confectionn\u00e9 en v\u00e9ritable Harris Tweed 100%, l&#039;un des tissus les plus raffin\u00e9s au monde, tiss\u00e9 \u00e0 la main en \u00c9cosse. Ce pantalon allie un style intemporel \u00e0 un savoir-faire d&#039;exception et offre un confort optimal en toute occasion.<\/p>\n<p>L&#039;authentique Harris Tweed, confectionn\u00e9 en pure laine vierge, est pris\u00e9 pour sa durabilit\u00e9 naturelle, sa respirabilit\u00e9 et sa texture unique. La technique de tissage classique et le design \u00e9l\u00e9gant de ce pantalon en font un incontournable pour les amateurs de tweed et les passionn\u00e9s de mode.<\/p>\n<p>Ce pantalon poss\u00e8de une coupe classique, des poches lat\u00e9rales, deux poches arri\u00e8re boutonn\u00e9es, une ceinture facilement ajustable et une doublure trois-quarts pour plus de confort.<\/p>\n<p>Que ce soit au bureau, lors d&#039;un d\u00e9jeuner d&#039;affaires ou pour une allure d\u00e9contract\u00e9e et \u00e9l\u00e9gante, le pantalon \u201c\u00a0Mr. Miller\u00a0\u201d s&#039;accorde parfaitement avec un blazer ou un gilet. C&#039;est le choix id\u00e9al pour les hommes qui appr\u00e9cient la qualit\u00e9 durable, le savoir-faire exceptionnel et un style classique.<\/p>\n<p>- Ceinture facilement ajustable<br \/>\u2013 Triple fermeture de s\u00e9curit\u00e9 sur la ceinture<br \/>- Poches boutonn\u00e9es au dos&nbsp;&nbsp;<br \/>\u2013 Harris Tweed \u2013 tiss\u00e9 \u00e0 la main en \u00c9cosse<br \/>\u2013 Doublure devant et dos du pantalon 3\/4<br \/>\u2013 Deux poches lat\u00e9rales<\/p>\n<p>Mensurations du mod\u00e8le : Le mannequin mesure 189 cm et porte une taille 50.<br \/>Coupe : Coupe r\u00e9guli\u00e8re<br \/>Mesures du v\u00eatement\u00a0: Pour la taille 50, les mesures sont les suivantes\u00a0: demi-tour de taille\u00a0: 46,5\u00a0cm \u2013 longueur d\u2019entrejambe\u00a0: 82\u00a0cm \u2013 largeur de l\u2019ourlet\u00a0: 20\u00a0cm<\/p>\n<p>Tissu ext\u00e9rieur : laine vierge 100%<br \/>Doublure : viscose 100%<\/p>","protected":false},"excerpt":{"rendered":"<p>Pantalon en tweed Harris M. Miller \u00e0 carreaux \u00e9cossais 625.<\/p>\n<p>D\u00e9couvrez le pantalon pour homme \u201c\u00a0Mr. Miller\u00a0\u201d, confectionn\u00e9 en v\u00e9ritable Harris Tweed 100%, l&#039;un des tissus les plus raffin\u00e9s au monde, tiss\u00e9 \u00e0 la main en \u00c9cosse. Ce pantalon allie un style intemporel \u00e0 un savoir-faire d&#039;exception et offre un confort optimal en toute occasion.<\/p>","protected":false},"featured_media":251452,"template":"","meta":[],"product_brand":[],"product_cat":[513,1123,1158,602,604,514],"product_tag":[],"class_list":{"0":"post-251420","1":"product","2":"type-product","3":"status-publish","4":"has-post-thumbnail","6":"product_cat-broeken","7":"product_cat-harris-tweed-broeken","8":"product_cat-harris-tweed-hosen","9":"product_cat-hosen","10":"product_cat-hosen-aus-tweed","11":"product_cat-tweed-pantalons-broeken","12":"pa_merk-wellington","14":"first","15":"instock","16":"taxable","17":"shipping-taxable","18":"purchasable","19":"product-type-variable"},"df_price":229.95,"df_sale_price":"","df_regular_price":229.95,"df_image_link":"https:\/\/harristweed-shop.be\/wp-content\/uploads\/2023\/11\/3c4870c0c26013c57c49be3559f76ed6_Harris_Tweed_Pantalon_625-225x300.jpg","_links":{"self":[{"href":"https:\/\/harristweed-shop.be\/fr\/wp-json\/wp\/v2\/product\/251420","targetHints":{"allow":["GET"]}}],"collection":[{"href":"https:\/\/harristweed-shop.be\/fr\/wp-json\/wp\/v2\/product"}],"about":[{"href":"https:\/\/harristweed-shop.be\/fr\/wp-json\/wp\/v2\/types\/product"}],"wp:featuredmedia":[{"embeddable":true,"href":"https:\/\/harristweed-shop.be\/fr\/wp-json\/wp\/v2\/media\/251452"}],"wp:attachment":[{"href":"https:\/\/harristweed-shop.be\/fr\/wp-json\/wp\/v2\/media?parent=251420"}],"wp:term":[{"taxonomy":"product_brand","embeddable":true,"href":"https:\/\/harristweed-shop.be\/fr\/wp-json\/wp\/v2\/product_brand?post=251420"},{"taxonomy":"product_cat","embeddable":true,"href":"https:\/\/harristweed-shop.be\/fr\/wp-json\/wp\/v2\/product_cat?post=251420"},{"taxonomy":"product_tag","embeddable":true,"href":"https:\/\/harristweed-shop.be\/fr\/wp-json\/wp\/v2\/product_tag?post=251420"}],"curies":[{"name":"wp","href":"https:\/\/api.w.org\/{rel}","templated":true}]}}