{"id":251349,"date":"2023-11-05T15:04:37","date_gmt":"2023-11-05T15:04:37","guid":{"rendered":"https:\/\/harristweed-shop.be\/product\/harris-tweed-pantalon-blue-herringbone\/"},"modified":"2026-05-05T05:14:43","modified_gmt":"2026-05-05T05:14:43","slug":"harris-tweed-pantalon-blue-herringbone","status":"publish","type":"product","link":"https:\/\/harristweed-shop.be\/fr\/produit\/pantalon-en-tweed-harris-a-chevrons-bleus\/","title":{"rendered":"Pantalon en tweed Harris Mr Miller \u00e0 chevrons bleus"},"content":{"rendered":"<p>Pantalon homme \u00ab Mr. Miller \u00bb en tweed Harris 100% \u2013 classique, \u00e9l\u00e9gant et exclusif<\/p>\n<p>D\u00e9couvrez le pantalon homme \u00ab\u00a0Mr. Miller\u00a0\u00bb, confectionn\u00e9 en v\u00e9ritable Harris Tweed 100%, l&#039;un des tissus les plus raffin\u00e9s au monde, tiss\u00e9 \u00e0 la main en \u00c9cosse. Ce pantalon allie style intemporel et savoir-faire de haute qualit\u00e9, pour un confort optimal, id\u00e9al en toute occasion.&nbsp;<br \/>L&#039;authentique Harris Tweed, confectionn\u00e9 en pure laine vierge, impressionne par sa durabilit\u00e9 naturelle, sa respirabilit\u00e9 et sa texture distinctive. Son tissage classique et son design \u00e9l\u00e9gant font de ce pantalon un v\u00e9ritable coup de c\u0153ur pour les amateurs de tweed et les connaisseurs de mode.<\/p>\n<p>Le pantalon pr\u00e9sente une coupe r\u00e9guli\u00e8re, des poches lat\u00e9rales, deux poches arri\u00e8re boutonn\u00e9es, une ceinture facile \u00e0 modifier et une doublure \u00be pour plus de confort.<\/p>\n<p>Au bureau, lors d&#039;un d\u00e9jeuner d&#039;affaires ou avec une tenue d\u00e9contract\u00e9e sophistiqu\u00e9e, le pantalon homme \u00ab Mr. Miller \u00bb s&#039;accorde parfaitement avec une veste ou un gilet. Il est le choix id\u00e9al pour les hommes qui appr\u00e9cient la qualit\u00e9 durable, l&#039;excellence du savoir-faire et le style classique.<\/p>\n<p>\u2013 Un gouvernement f\u00e9d\u00e9ral favorable \u00e0 la monnaie<br \/>\u2013 Triple fermeture de s\u00e9curit\u00e9 sur la ceinture<br \/>\u2013 Poches arri\u00e8re avec bouton<br \/>\u2013 Harris Tweed \u2013 tiss\u00e9 \u00e0 la main en \u00c9cosse<br \/>\u2013 Pantalon devant et dos 3\/4 doubl\u00e9<br \/>\u2013 Deux poches lat\u00e9rales<\/p>\n<p>Mensurations du mod\u00e8le : Le mannequin mesure 189 cm et porte une taille 50.<br \/>Coupe : coupe r\u00e9guli\u00e8re<br \/>Dimensions de l&#039;article : Pour la taille 50, les mesures sont : ceinture : 46,5 cm, longueur de l&#039;entrejambe : 82 cm, largeur de l&#039;ourlet : 20 cm<\/p>\n<p>Tissu ext\u00e9rieur : laine vierge 100%<br \/>Doublure : viscose 100%<\/p>","protected":false},"excerpt":{"rendered":"<p>Pantalon Harris Tweed Mr Miller en chevrons bleus 610.<\/p>\n<p>D\u00e9couvrez le pantalon homme \u00ab\u00a0Mr. Miller\u00a0\u00bb, confectionn\u00e9 en v\u00e9ritable Harris Tweed 100%, l&#039;un des tissus les plus raffin\u00e9s au monde, tiss\u00e9 \u00e0 la main en \u00c9cosse. Ce pantalon allie style intemporel et savoir-faire de haute qualit\u00e9, pour un confort optimal, id\u00e9al en toute occasion.<\/p>","protected":false},"featured_media":251381,"template":"","meta":[],"product_brand":[],"product_cat":[513,1123,1158,602,604,514],"product_tag":[],"class_list":{"0":"post-251349","1":"product","2":"type-product","3":"status-publish","4":"has-post-thumbnail","6":"product_cat-broeken","7":"product_cat-harris-tweed-broeken","8":"product_cat-harris-tweed-hosen","9":"product_cat-hosen","10":"product_cat-hosen-aus-tweed","11":"product_cat-tweed-pantalons-broeken","12":"pa_merk-wellington","14":"first","15":"instock","16":"taxable","17":"shipping-taxable","18":"purchasable","19":"product-type-variable"},"df_price":229.95,"df_sale_price":"","df_regular_price":229.95,"df_image_link":"https:\/\/harristweed-shop.be\/wp-content\/uploads\/2023\/11\/142e384674fc677d8cdd883c8ad79c2e_Harris_Tweed_Pantalon_Blue_Herringbone-225x300.jpg","_links":{"self":[{"href":"https:\/\/harristweed-shop.be\/fr\/wp-json\/wp\/v2\/product\/251349","targetHints":{"allow":["GET"]}}],"collection":[{"href":"https:\/\/harristweed-shop.be\/fr\/wp-json\/wp\/v2\/product"}],"about":[{"href":"https:\/\/harristweed-shop.be\/fr\/wp-json\/wp\/v2\/types\/product"}],"wp:featuredmedia":[{"embeddable":true,"href":"https:\/\/harristweed-shop.be\/fr\/wp-json\/wp\/v2\/media\/251381"}],"wp:attachment":[{"href":"https:\/\/harristweed-shop.be\/fr\/wp-json\/wp\/v2\/media?parent=251349"}],"wp:term":[{"taxonomy":"product_brand","embeddable":true,"href":"https:\/\/harristweed-shop.be\/fr\/wp-json\/wp\/v2\/product_brand?post=251349"},{"taxonomy":"product_cat","embeddable":true,"href":"https:\/\/harristweed-shop.be\/fr\/wp-json\/wp\/v2\/product_cat?post=251349"},{"taxonomy":"product_tag","embeddable":true,"href":"https:\/\/harristweed-shop.be\/fr\/wp-json\/wp\/v2\/product_tag?post=251349"}],"curies":[{"name":"wp","href":"https:\/\/api.w.org\/{rel}","templated":true}]}}