{"id":250208,"date":"2023-11-05T11:45:15","date_gmt":"2023-11-05T11:45:15","guid":{"rendered":"https:\/\/harristweed-shop.be\/product\/magee-tweed-vestje-met-revers-192\/"},"modified":"2026-04-21T15:49:26","modified_gmt":"2026-04-21T15:49:26","slug":"magee-tweed-vestje-met-revers-192","status":"publish","type":"product","link":"https:\/\/harristweed-shop.be\/fr\/produit\/gilet-en-tweed-magee-a-revers-192\/","title":{"rendered":"Veste en tweed Magee \u00e0 revers \u00e0 carreaux multicolores"},"content":{"rendered":"<p>Gilet classique pour homme \u201c\u00a0Wales\u00a0\u201d, confectionn\u00e9 en tweed Magee 100% \u00e0 motif \u00e0 carreaux multicolores. Magee, maison irlandaise traditionnelle forte de 150 ans d&#039;histoire, est r\u00e9put\u00e9e pour la qualit\u00e9 luxueuse et le confort exceptionnel de ses tissus. La marque est c\u00e9l\u00e8bre pour ses motifs \u00e9clatants, inspir\u00e9s des paysages pittoresques du comt\u00e9 de Donegal. Ce gilet cinq boutons, de confection traditionnelle, pr\u00e9sente une coupe l\u00e9g\u00e8rement cintr\u00e9e et des revers. Il est dot\u00e9 de deux poches \u00e0 rabat, d&#039;une poche passepoil\u00e9e poitrine, d&#039;un empi\u00e8cement dos en m\u00eame tissu et d&#039;une ceinture ajustable. Le certificat d&#039;authenticit\u00e9 cousu garantit la qualit\u00e9 et l&#039;authenticit\u00e9 uniques du tissu. Classique, intemporel et pourtant moderne\u00a0: ce gilet assure une allure \u00e9l\u00e9gante en toutes circonstances et se marie parfaitement avec un blazer, un jean, un chino ou un pantalon en velours c\u00f4tel\u00e9.<\/p>\n<p>\u2013 Tweed Magee original d&#039;Irlande<br \/>\u2013 Revers crant\u00e9s<br \/>\u2013 Devant et dos enti\u00e8rement r\u00e9alis\u00e9s dans le m\u00eame tissu<br \/>\u2013 Bandouli\u00e8re r\u00e9glable<br \/>\u2013 Deux poches \u00e0 rabat<\/p>\n<p>Mensurations du mannequin\u00a0: Le mannequin mesure 189\u00a0cm et porte une taille\u00a050.<br \/>Coupe : L\u00e9g\u00e8rement ajust\u00e9e et facilement r\u00e9glable gr\u00e2ce \u00e0 la sangle \u00e0 l&#039;arri\u00e8re.<br \/>Dimensions du produit\u00a0: Pour la taille 50, les mesures sont les suivantes\u00a0: Longueur dos\u00a0: 61\u00a0cm, Tour de taille (demi-taille)\u00a0: 53\u00a0cm, Tour de poitrine (demi-taille)\u00a0: 55\u00a0cm<\/p>\n<p>Tissu ext\u00e9rieur : pure laine vierge 100%<br \/>Doublure : viscose 100%<\/p>","protected":false},"excerpt":{"rendered":"<p>Gilet en tweed Magee \u00e0 revers \u00e0 carreaux multicolores 192.<\/p>\n<p>Gilet classique pour homme \u201c\u00a0Pays de Galles\u00a0\u201d, confectionn\u00e9 en tweed Magee 100% \u00e0 motif \u00e0 carreaux multicolores. Magee, maison irlandaise traditionnelle forte de 150\u00a0ans d\u2019histoire, est r\u00e9put\u00e9e pour la qualit\u00e9 luxueuse et le confort exceptionnel de ses produits.<\/p>","protected":false},"featured_media":250220,"template":"","meta":[],"product_brand":[],"product_cat":[510,512,88,511],"product_tag":[],"class_list":{"0":"post-250208","1":"product","2":"type-product","3":"status-publish","4":"has-post-thumbnail","6":"product_cat-heren-vestjes","7":"product_cat-herren-westen-und-gilets","8":"product_cat-vestjes-en-gilets","9":"product_cat-westen-und-gilets","10":"pa_merk-harristweed","12":"first","13":"instock","14":"taxable","15":"shipping-taxable","16":"purchasable","17":"product-type-variable"},"df_price":179.95,"df_sale_price":"","df_regular_price":179.95,"df_image_link":"https:\/\/harristweed-shop.be\/wp-content\/uploads\/2023\/11\/42627e946ba7e34b48762293b94dbcfa_Magee_Tweed_Vestje_met_revers_192-225x300.jpg","_links":{"self":[{"href":"https:\/\/harristweed-shop.be\/fr\/wp-json\/wp\/v2\/product\/250208","targetHints":{"allow":["GET"]}}],"collection":[{"href":"https:\/\/harristweed-shop.be\/fr\/wp-json\/wp\/v2\/product"}],"about":[{"href":"https:\/\/harristweed-shop.be\/fr\/wp-json\/wp\/v2\/types\/product"}],"wp:featuredmedia":[{"embeddable":true,"href":"https:\/\/harristweed-shop.be\/fr\/wp-json\/wp\/v2\/media\/250220"}],"wp:attachment":[{"href":"https:\/\/harristweed-shop.be\/fr\/wp-json\/wp\/v2\/media?parent=250208"}],"wp:term":[{"taxonomy":"product_brand","embeddable":true,"href":"https:\/\/harristweed-shop.be\/fr\/wp-json\/wp\/v2\/product_brand?post=250208"},{"taxonomy":"product_cat","embeddable":true,"href":"https:\/\/harristweed-shop.be\/fr\/wp-json\/wp\/v2\/product_cat?post=250208"},{"taxonomy":"product_tag","embeddable":true,"href":"https:\/\/harristweed-shop.be\/fr\/wp-json\/wp\/v2\/product_tag?post=250208"}],"curies":[{"name":"wp","href":"https:\/\/api.w.org\/{rel}","templated":true}]}}