{"id":231362,"date":"2023-10-26T11:26:21","date_gmt":"2023-10-26T11:26:21","guid":{"rendered":"https:\/\/harristweed-shop.be\/product\/tweed-overjas-blauw-visgraat\/"},"modified":"2026-04-23T17:03:56","modified_gmt":"2026-04-23T17:03:56","slug":"tweed-overjas-blauw-visgraat","status":"publish","type":"product","link":"https:\/\/harristweed-shop.be\/fr\/produit\/pardessus-en-tweed-a-chevrons-bleus\/","title":{"rendered":"Veste homme en tweed Howard \u00e0 chevrons bleus"},"content":{"rendered":"<p>La veste pour homme l\u00e9g\u00e8rement ajust\u00e9e &quot;Howard&quot; avec revers et trois boutons est id\u00e9ale pour une promenade en ville par temps froid. <\/p>\n<p>Son design classique pr\u00e9sente un col \u00e0 revers et des poches passepoil\u00e9es. Le dessous de col en polaire de laine apporte une touche d&#039;originalit\u00e9. La doublure jacquard rend cette veste confortable \u00e0 porter par-dessus une veste ou un costume et facile \u00e0 enfiler. La fente au dos et les manches mont\u00e9es offrent un confort optimal. Cet \u00e9l\u00e9gant v\u00eatement polyvalent est un incontournable de votre garde-robe.<\/p>\n<p>\u2013 Manches mont\u00e9es<br \/>\u2013 \u00c9tiquette nominative<br \/>\u2013 Col \u00e0 revers<br \/>- Doubl\u00e9 de jacquard de canard<br \/>\u2013 Fente dans le dos<br \/>-Coupe sur mesure<br \/>\u2013 Dessous de col contrast\u00e9 en feutre de laine<br \/>\u2013 Deux poches int\u00e9rieures<\/p>\n<p>Mensurations du mod\u00e8le : Le mannequin mesure 184 cm et porte une taille 50.<br \/>Coupe : Veste Balzer ajust\u00e9e, l\u00e9g\u00e8rement cintr\u00e9e.<br \/>Dimensions de l&#039;article : Les dimensions pour la taille 50 sont : Longueur du dos : 96 cm \u2013 Longueur des manches \u00e0 partir du ballon : 67 cm \u2013 Largeur demi-poitrine : 58 cm \u2013 Largeur demi-taille : 55 cm<\/p>\n<p>Tissu ext\u00e9rieur : 95% laine vierge, 5% cachemire<br \/>Doublure : 60% viscose, 40% PL<br \/>Doublure des manches : 60% viscose, 40% PL<\/p>","protected":false},"excerpt":{"rendered":"<p>Manteau Harris Tweed Howard en chevrons bleus 610.<\/p>\n<p>La veste pour homme l\u00e9g\u00e8rement ajust\u00e9e &quot;Howard&quot; avec revers et trois boutons est id\u00e9ale pour une promenade en ville par temps froid.<\/p>","protected":false},"featured_media":238352,"template":"","meta":[],"product_brand":[],"product_cat":[530,87,482,531],"product_tag":[],"class_list":{"0":"post-231362","1":"product","2":"type-product","3":"status-publish","4":"has-post-thumbnail","6":"product_cat-heren-jassen-en-jacks","7":"product_cat-jassen-en-jacks","8":"product_cat-mantel-und-jacken","9":"product_cat-mantel-und-jacken-fur-herren","10":"pa_merk-wellington","12":"first","13":"instock","14":"taxable","15":"shipping-taxable","16":"purchasable","17":"product-type-variable"},"df_price":298,"df_sale_price":"","df_regular_price":298,"df_image_link":"https:\/\/harristweed-shop.be\/wp-content\/uploads\/2023\/10\/c1547b0137b4a21762b66f4e7ecae15c_Tweed_Overjas__Blauw_visgraat_1-225x300.jpg","_links":{"self":[{"href":"https:\/\/harristweed-shop.be\/fr\/wp-json\/wp\/v2\/product\/231362","targetHints":{"allow":["GET"]}}],"collection":[{"href":"https:\/\/harristweed-shop.be\/fr\/wp-json\/wp\/v2\/product"}],"about":[{"href":"https:\/\/harristweed-shop.be\/fr\/wp-json\/wp\/v2\/types\/product"}],"wp:featuredmedia":[{"embeddable":true,"href":"https:\/\/harristweed-shop.be\/fr\/wp-json\/wp\/v2\/media\/238352"}],"wp:attachment":[{"href":"https:\/\/harristweed-shop.be\/fr\/wp-json\/wp\/v2\/media?parent=231362"}],"wp:term":[{"taxonomy":"product_brand","embeddable":true,"href":"https:\/\/harristweed-shop.be\/fr\/wp-json\/wp\/v2\/product_brand?post=231362"},{"taxonomy":"product_cat","embeddable":true,"href":"https:\/\/harristweed-shop.be\/fr\/wp-json\/wp\/v2\/product_cat?post=231362"},{"taxonomy":"product_tag","embeddable":true,"href":"https:\/\/harristweed-shop.be\/fr\/wp-json\/wp\/v2\/product_tag?post=231362"}],"curies":[{"name":"wp","href":"https:\/\/api.w.org\/{rel}","templated":true}]}}