{"id":22569,"date":"2023-03-18T14:59:27","date_gmt":"2023-03-18T14:59:27","guid":{"rendered":"https:\/\/harristweed-shop.be\/product\/vestje-moleskin-iain-waistcoat-lovat\/"},"modified":"2026-04-10T08:34:12","modified_gmt":"2026-04-10T08:34:12","slug":"vestje-moleskin-iain-waistcoat-lovat","status":"publish","type":"product","link":"https:\/\/harristweed-shop.be\/fr\/produit\/vestje-moleskin-iain-gilet-lovat\/","title":{"rendered":"Cardigan en moleskine, gilet Iain \u2013 Lovat"},"content":{"rendered":"<p>Un cardigan classique \u00e0 cinq boutons, \u00e0 porter avec ou sans veste. Con\u00e7us pour s&#039;harmoniser avec nos vestes, ces cardigans en moleskine sont disponibles en trois coloris et pr\u00e9sentent une jolie doublure cachemire au dos.<\/p>\n<p>\u2013 Lovat Moleskine<br \/>\u2013 Tissu du Yorkshire<br \/>\u2013 Coton 100%<br \/>\u2013 Doublure arri\u00e8re \u00e0 motif cachemire marron<br \/>\u2013 5 boutons sur le devant<br \/>\u2013 Poches passepoil\u00e9es<br \/>\u2013 Coupe moderne<\/p>","protected":false},"excerpt":{"rendered":"<p>Gilet en moleskine, gilet Iain \u2013 Lovat.<\/p>\n<p>\u2013 Tissu ext\u00e9rieur \u2013 Coton 100%<br \/>\n\u2013 Doublure \u2013 ac\u00e9tate 50%\/viscose 50%<br \/>\nNettoyage \u00e0 sec uniquement<\/p>","protected":false},"featured_media":22581,"template":"","meta":[],"product_brand":[],"product_cat":[510,512,88,511],"product_tag":[],"class_list":{"0":"post-22569","1":"product","2":"type-product","3":"status-publish","4":"has-post-thumbnail","6":"product_cat-heren-vestjes","7":"product_cat-herren-westen-und-gilets","8":"product_cat-vestjes-en-gilets","9":"product_cat-westen-und-gilets","10":"pa_merk-bucktrout","12":"first","13":"instock","14":"taxable","15":"shipping-taxable","16":"purchasable","17":"product-type-variable"},"df_price":159.95,"df_sale_price":"","df_regular_price":159.95,"df_image_link":"https:\/\/harristweed-shop.be\/wp-content\/uploads\/2023\/03\/f1194399330f0949bb4ba74be40fc625_Vestje_Moleskin__IAIN_WAISTCOAT___LOVAT-225x300.jpg","_links":{"self":[{"href":"https:\/\/harristweed-shop.be\/fr\/wp-json\/wp\/v2\/product\/22569","targetHints":{"allow":["GET"]}}],"collection":[{"href":"https:\/\/harristweed-shop.be\/fr\/wp-json\/wp\/v2\/product"}],"about":[{"href":"https:\/\/harristweed-shop.be\/fr\/wp-json\/wp\/v2\/types\/product"}],"wp:featuredmedia":[{"embeddable":true,"href":"https:\/\/harristweed-shop.be\/fr\/wp-json\/wp\/v2\/media\/22581"}],"wp:attachment":[{"href":"https:\/\/harristweed-shop.be\/fr\/wp-json\/wp\/v2\/media?parent=22569"}],"wp:term":[{"taxonomy":"product_brand","embeddable":true,"href":"https:\/\/harristweed-shop.be\/fr\/wp-json\/wp\/v2\/product_brand?post=22569"},{"taxonomy":"product_cat","embeddable":true,"href":"https:\/\/harristweed-shop.be\/fr\/wp-json\/wp\/v2\/product_cat?post=22569"},{"taxonomy":"product_tag","embeddable":true,"href":"https:\/\/harristweed-shop.be\/fr\/wp-json\/wp\/v2\/product_tag?post=22569"}],"curies":[{"name":"wp","href":"https:\/\/api.w.org\/{rel}","templated":true}]}}