{"id":21803,"date":"2023-03-17T11:06:53","date_gmt":"2023-03-17T11:06:53","guid":{"rendered":"https:\/\/harristweed-shop.be\/product\/vestje-moleskin-iain-waistcoat-blue\/"},"modified":"2026-04-09T04:40:30","modified_gmt":"2026-04-09T04:40:30","slug":"vestje-moleskin-iain-waistcoat-blue","status":"publish","type":"product","link":"https:\/\/harristweed-shop.be\/fr\/produit\/vestje-moleskin-iain-gilet-bleu\/","title":{"rendered":"Gilet en moleskine, gilet Iain \u2013 Bleu marine"},"content":{"rendered":"<p>Un cardigan classique \u00e0 cinq boutons, \u00e0 porter avec ou sans veste. Con\u00e7us pour s&#039;harmoniser avec nos vestes, ces cardigans en moleskine sont disponibles en trois coloris et pr\u00e9sentent une jolie doublure cachemire au dos.<\/p>\n<p>\u2013 Moleskine marine<br \/>\u2013 Tissu du Yorkshire<br \/>\u2013 Coton 100%<br \/>\u2013 Doublure arri\u00e8re \u00e0 motif cachemire marron<br \/>\u2013 5 boutons sur le devant<br \/>\u2013 Poches passepoil\u00e9es<br \/>\u2013 Coupe moderne<\/p>","protected":false},"excerpt":{"rendered":"<p>Gilet en moleskine, gilet Iain \u2013 Marine.<\/p>\n<p>\u2013 Tissu ext\u00e9rieur \u2013 Coton 100%<br \/>\n\u2013 Doublure \u2013 ac\u00e9tate 50%\/viscose 50%<br \/>\nNettoyage \u00e0 sec uniquement<\/p>","protected":false},"featured_media":21815,"template":"","meta":[],"product_brand":[],"product_cat":[510,512,88,511],"product_tag":[],"class_list":{"0":"post-21803","1":"product","2":"type-product","3":"status-publish","4":"has-post-thumbnail","6":"product_cat-heren-vestjes","7":"product_cat-herren-westen-und-gilets","8":"product_cat-vestjes-en-gilets","9":"product_cat-westen-und-gilets","10":"pa_merk-bucktrout","12":"first","13":"instock","14":"taxable","15":"shipping-taxable","16":"purchasable","17":"product-type-variable"},"df_price":159.95,"df_sale_price":"","df_regular_price":159.95,"df_image_link":"https:\/\/harristweed-shop.be\/wp-content\/uploads\/2023\/03\/da4bfb535861f9b8c82a6c1813682f41_Vestje_Moleskin__IAIN_WAISTCOAT___Blue-225x300.jpg","_links":{"self":[{"href":"https:\/\/harristweed-shop.be\/fr\/wp-json\/wp\/v2\/product\/21803","targetHints":{"allow":["GET"]}}],"collection":[{"href":"https:\/\/harristweed-shop.be\/fr\/wp-json\/wp\/v2\/product"}],"about":[{"href":"https:\/\/harristweed-shop.be\/fr\/wp-json\/wp\/v2\/types\/product"}],"wp:featuredmedia":[{"embeddable":true,"href":"https:\/\/harristweed-shop.be\/fr\/wp-json\/wp\/v2\/media\/21815"}],"wp:attachment":[{"href":"https:\/\/harristweed-shop.be\/fr\/wp-json\/wp\/v2\/media?parent=21803"}],"wp:term":[{"taxonomy":"product_brand","embeddable":true,"href":"https:\/\/harristweed-shop.be\/fr\/wp-json\/wp\/v2\/product_brand?post=21803"},{"taxonomy":"product_cat","embeddable":true,"href":"https:\/\/harristweed-shop.be\/fr\/wp-json\/wp\/v2\/product_cat?post=21803"},{"taxonomy":"product_tag","embeddable":true,"href":"https:\/\/harristweed-shop.be\/fr\/wp-json\/wp\/v2\/product_tag?post=21803"}],"curies":[{"name":"wp","href":"https:\/\/api.w.org\/{rel}","templated":true}]}}