{"id":2086,"date":"2020-04-15T18:42:48","date_gmt":"2020-04-15T18:42:48","guid":{"rendered":"https:\/\/harristweed-shop.be\/?post_type=product&#038;p=2086"},"modified":"2023-10-27T10:22:11","modified_gmt":"2023-10-27T10:22:11","slug":"chino-stretch-donker-blauw","status":"publish","type":"product","link":"https:\/\/harristweed-shop.be\/fr\/produit\/chino-stretch-bleu-fonce\/","title":{"rendered":"Chino Stretch Bleu Fonc\u00e9, \u00e9t\u00e9"},"content":{"rendered":"<p>Magnifique Chino, confectionn\u00e9 dans une qualit\u00e9 de coton stretch confortable.<\/p>\n<p>Composition\u00a0: 961\u00a0TP3T coton et 41\u00a0TP3T fibre de verre. Ce qui conf\u00e8re au pantalon un confort exceptionnel.<\/p>\n<p>\u2013 Poches fran\u00e7aises<br \/>\n\u2013 Poche passepoil\u00e9e avec bouton<br \/>\n\u2013 Pantalon d\u2019\u00e9t\u00e9 en coton qui refl\u00e8te la lumi\u00e8re du soleil et <strong>PAS <\/strong>chauff\u00e9!<br \/>\n\u2013 Avec ce pantalon tu resteras <strong>COOL<\/strong>! Les tissus raffin\u00e9s influencent l\u2019absorption active de la chaleur.<br \/>\n\u2013 Le pantalon id\u00e9al pour les chaudes journ\u00e9es d\u2019\u00e9t\u00e9 !<br \/>\n\u2013 Coldblack (protection solaire)<br \/>\n\u2013 Poche de s\u00e9curit\u00e9 (fermeture \u00e9clair suppl\u00e9mentaire cach\u00e9e dans la poche arri\u00e8re)<br \/>\n\u2013 Poche suppl\u00e9mentaire pour les pi\u00e8ces\/monnaie<br \/>\n\u2013 Chemise double\/bloqueur de chemise !<\/p>\n<p>&nbsp;<\/p>\n<p><img decoding=\"async\" class=\"alignnone size-full wp-image-1999\" src=\"https:\/\/harristweed-shop.be\/wp-content\/uploads\/2020\/04\/Schermafbeelding-2020-04-15-om-17.04.40.png\" alt=\"\" width=\"183\" height=\"93\" \/><img decoding=\"async\" class=\"alignnone wp-image-2089\" src=\"https:\/\/harristweed-shop.be\/wp-content\/uploads\/2020\/04\/Schermafbeelding-2020-04-15-om-20.41.39.png\" alt=\"\" width=\"143\" height=\"70\" srcset=\"https:\/\/harristweed-shop.be\/wp-content\/uploads\/2020\/04\/Schermafbeelding-2020-04-15-om-20.41.39.png 376w, https:\/\/harristweed-shop.be\/wp-content\/uploads\/2020\/04\/Schermafbeelding-2020-04-15-om-20.41.39-262x128.png 262w, https:\/\/harristweed-shop.be\/wp-content\/uploads\/2020\/04\/Schermafbeelding-2020-04-15-om-20.41.39-300x147.png 300w\" sizes=\"(max-width: 143px) 100vw, 143px\" \/><\/p>\n<p>Voir les tableaux des tailles ci-dessous :<\/p>\n<p><img fetchpriority=\"high\" decoding=\"async\" class=\"alignnone size-full wp-image-2090\" src=\"https:\/\/harristweed-shop.be\/wp-content\/uploads\/2020\/04\/garvey.png\" alt=\"\" width=\"1468\" height=\"1118\" srcset=\"https:\/\/harristweed-shop.be\/wp-content\/uploads\/2020\/04\/garvey.png 1468w, https:\/\/harristweed-shop.be\/wp-content\/uploads\/2020\/04\/garvey-262x200.png 262w, https:\/\/harristweed-shop.be\/wp-content\/uploads\/2020\/04\/garvey-555x423.png 555w, https:\/\/harristweed-shop.be\/wp-content\/uploads\/2020\/04\/garvey-300x228.png 300w, https:\/\/harristweed-shop.be\/wp-content\/uploads\/2020\/04\/garvey-1024x780.png 1024w, https:\/\/harristweed-shop.be\/wp-content\/uploads\/2020\/04\/garvey-768x585.png 768w\" sizes=\"(max-width: 1468px) 100vw, 1468px\" \/><\/p>","protected":false},"excerpt":{"rendered":"<p>Magnifique Chino, confectionn\u00e9 dans une qualit\u00e9 de coton stretch confortable.<\/p>\n<p>Composition\u00a0: 961\u00a0TP3T coton et 41\u00a0TP3T fibre de verre. Ce qui conf\u00e8re au pantalon un confort exceptionnel.<\/p>\n<p>Disponible dans les tailles : 48-60 et 24-32<\/p>\n<p>Couleur : bleu fonc\u00e9<\/p>\n<p><img decoding=\"async\" class=\"alignnone size-full wp-image-1999\" src=\"https:\/\/harristweed-shop.be\/wp-content\/uploads\/2020\/04\/Schermafbeelding-2020-04-15-om-17.04.40.png\" alt=\"\" width=\"183\" height=\"93\" \/><img loading=\"lazy\" decoding=\"async\" class=\"alignnone wp-image-2088\" src=\"https:\/\/harristweed-shop.be\/wp-content\/uploads\/2020\/04\/garvey-wasvoorschrift.png\" alt=\"\" width=\"186\" height=\"49\" srcset=\"https:\/\/harristweed-shop.be\/wp-content\/uploads\/2020\/04\/garvey-wasvoorschrift.png 540w, https:\/\/harristweed-shop.be\/wp-content\/uploads\/2020\/04\/garvey-wasvoorschrift-262x69.png 262w, https:\/\/harristweed-shop.be\/wp-content\/uploads\/2020\/04\/garvey-wasvoorschrift-300x79.png 300w\" sizes=\"(max-width: 186px) 100vw, 186px\" \/><\/p>","protected":false},"featured_media":0,"template":"","meta":[],"product_brand":[],"product_cat":[308,126],"product_tag":[174,183,181,175,182],"class_list":{"0":"post-2086","1":"product","2":"type-product","3":"status-publish","5":"product_cat-chinos","6":"product_cat-pantalons","7":"product_tag-comfortabele-broek","8":"product_tag-donker-blauwe-chino","9":"product_tag-stretch-broek","10":"product_tag-stretch-chino","11":"product_tag-zomerbroek","12":"pa_merk-clubofcomfort","14":"first","15":"outofstock","16":"taxable","17":"shipping-taxable","18":"product-type-variable"},"df_price":"","df_sale_price":"","df_regular_price":"","df_image_link":"https:\/\/harristweed-shop.be\/wp-content\/uploads\/woocommerce-placeholder-300x300.png","_links":{"self":[{"href":"https:\/\/harristweed-shop.be\/fr\/wp-json\/wp\/v2\/product\/2086","targetHints":{"allow":["GET"]}}],"collection":[{"href":"https:\/\/harristweed-shop.be\/fr\/wp-json\/wp\/v2\/product"}],"about":[{"href":"https:\/\/harristweed-shop.be\/fr\/wp-json\/wp\/v2\/types\/product"}],"wp:attachment":[{"href":"https:\/\/harristweed-shop.be\/fr\/wp-json\/wp\/v2\/media?parent=2086"}],"wp:term":[{"taxonomy":"product_brand","embeddable":true,"href":"https:\/\/harristweed-shop.be\/fr\/wp-json\/wp\/v2\/product_brand?post=2086"},{"taxonomy":"product_cat","embeddable":true,"href":"https:\/\/harristweed-shop.be\/fr\/wp-json\/wp\/v2\/product_cat?post=2086"},{"taxonomy":"product_tag","embeddable":true,"href":"https:\/\/harristweed-shop.be\/fr\/wp-json\/wp\/v2\/product_tag?post=2086"}],"curies":[{"name":"wp","href":"https:\/\/api.w.org\/{rel}","templated":true}]}}