{"id":20468,"date":"2023-03-16T21:26:26","date_gmt":"2023-03-16T21:26:26","guid":{"rendered":"https:\/\/harristweed-shop.be\/product\/viyella-wol-katoen-shirt\/"},"modified":"2026-05-05T06:06:35","modified_gmt":"2026-05-05T06:06:35","slug":"viyella-wol-katoen-shirt","status":"publish","type":"product","link":"https:\/\/harristweed-shop.be\/fr\/produit\/chemise-en-laine-et-coton-viyella\/","title":{"rendered":"Chemise en laine\/coton Viyella"},"content":{"rendered":"<p>Chemise \u00e0 col boutonn\u00e9 Viyella Black Watch Tartan 80\/20 coton m\u00e9lang\u00e9 laine<br \/>\nManchette r\u00e9glable \u00e0 2 boutons<br \/>\nPoche poitrine<br \/>\nCol boutonn\u00e9<br \/>\nCoupe standard<br \/>\nCoton sp\u00e9cialement m\u00e9lang\u00e9 \u00e0 de la laine m\u00e9rinos<\/p>\n<p>Viyella a un h\u00e9ritage qui remonte \u00e0 1784 et est le plus ancien tissu de MARQUE au monde.<br \/>\nAujourd&#039;hui, nous utilisons les comp\u00e9tences et l&#039;expertise de nos anc\u00eatres pour vous proposer une belle chemise pratique, l&#039;un des seuls v\u00eatements de votre garde-robe que vous pouvez transmettre de g\u00e9n\u00e9ration en g\u00e9n\u00e9ration.<br \/>\nCombinant un m\u00e9lange de laine et de coton dans un m\u00eame fil pour cr\u00e9er un tissu r\u00e9sistant et doux, vous gardant au chaud par temps froid et au frais par temps chaud, les propri\u00e9t\u00e9s naturelles uniques de ces deux fibres naturelles s&#039;associent pour cr\u00e9er un m\u00e9lange intime. Les fibres techniques modernes offrent aujourd&#039;hui ce m\u00eame avantage, mais Viyella \u00e9tait le premier tissu performant et le plus naturel il y a des si\u00e8cles\u00a0!<\/p>\n<p>Associ\u00e9 \u00e0 une double couture robuste, \u00e0 une longueur accrue et \u00e0 une largeur d&#039;\u00e9paule g\u00e9n\u00e9reuse, ce t-shirt de sport fonctionnel et pratique est cr\u00e9\u00e9 dans notre propre studio de cr\u00e9ation, inspir\u00e9 des tendances de la saison et des couleurs du monde entier. Chaque mod\u00e8le est unique et exclusif \u00e0 Viyella, avec des droits d&#039;auteur garantis.<\/p>\n<p>Le tartan Black Watch, traditionnel du Royal Highland Regiment, est revisit\u00e9 dans une chemise Viyella. Le Black Watch est un tartan vert aux tons bleu marine et noir. Col boutonn\u00e9, poche poitrine fonctionnelle assortie au motif, boutons Viyella sigl\u00e9s, tous positionn\u00e9s \u00e0 la main et poignets r\u00e9glables. <\/p>","protected":false},"excerpt":{"rendered":"<p>Chemise \u00e0 col boutonn\u00e9 Viyella Black Watch Tartan 80\/20 coton m\u00e9lang\u00e9 laine<\/p>","protected":false},"featured_media":20486,"template":"","meta":[],"product_brand":[],"product_cat":[304,86,1025],"product_tag":[],"class_list":{"0":"post-20468","1":"product","2":"type-product","3":"status-publish","4":"has-post-thumbnail","6":"product_cat-flanel-shirts","7":"product_cat-shirts-en-overhemden","8":"product_cat-viyella","9":"pa_merk-viyella","11":"first","12":"instock","13":"taxable","14":"shipping-taxable","15":"purchasable","16":"product-type-variable"},"df_price":129.95,"df_sale_price":"","df_regular_price":129.95,"df_image_link":"https:\/\/harristweed-shop.be\/wp-content\/uploads\/2023\/03\/d13c93c28405fb08a3ef656c4360b7c2_6256Viyella_wol_katoen_shirt-225x300.jpg","_links":{"self":[{"href":"https:\/\/harristweed-shop.be\/fr\/wp-json\/wp\/v2\/product\/20468","targetHints":{"allow":["GET"]}}],"collection":[{"href":"https:\/\/harristweed-shop.be\/fr\/wp-json\/wp\/v2\/product"}],"about":[{"href":"https:\/\/harristweed-shop.be\/fr\/wp-json\/wp\/v2\/types\/product"}],"wp:featuredmedia":[{"embeddable":true,"href":"https:\/\/harristweed-shop.be\/fr\/wp-json\/wp\/v2\/media\/20486"}],"wp:attachment":[{"href":"https:\/\/harristweed-shop.be\/fr\/wp-json\/wp\/v2\/media?parent=20468"}],"wp:term":[{"taxonomy":"product_brand","embeddable":true,"href":"https:\/\/harristweed-shop.be\/fr\/wp-json\/wp\/v2\/product_brand?post=20468"},{"taxonomy":"product_cat","embeddable":true,"href":"https:\/\/harristweed-shop.be\/fr\/wp-json\/wp\/v2\/product_cat?post=20468"},{"taxonomy":"product_tag","embeddable":true,"href":"https:\/\/harristweed-shop.be\/fr\/wp-json\/wp\/v2\/product_tag?post=20468"}],"curies":[{"name":"wp","href":"https:\/\/api.w.org\/{rel}","templated":true}]}}