{"id":203232,"date":"2023-10-14T11:58:12","date_gmt":"2023-10-14T11:58:12","guid":{"rendered":"https:\/\/harristweed-shop.be\/product\/grafton-cricket-cable-vee-denim\/"},"modified":"2026-03-11T13:27:51","modified_gmt":"2026-03-11T13:27:51","slug":"grafton-cricket-cable-vee-denim","status":"publish","type":"product","link":"https:\/\/harristweed-shop.be\/fr\/produit\/grafton-cricket-cable-vee-denim\/","title":{"rendered":"Grafton Cricket Cable Vee Denim"},"content":{"rendered":"<p>Tricot\u00e9 en fine laine m\u00e9rinos, notre pull de cricket \u00e0 col en V Black Grape revisite le style traditionnel avec modernit\u00e9. Dot\u00e9 d&#039;un design torsad\u00e9 sophistiqu\u00e9, nous avons ajout\u00e9 une bordure remarquable autour du col en V, des poignets et de la tr\u00e9pointe.<\/p>\n<p>LES CARACT\u00c9RISTIQUES D&#039;ALAN PAINE<br \/>\n\u2022 100% Laine m\u00e9rinos italienne fine \u2013 calibre 12.<br \/>\n\u2022 Enti\u00e8rement fa\u00e7onn\u00e9 \u2013 Tricot\u00e9 \u00e0 la forme sur la machine \u00e0 tricoter. Nous laissons \u00e0 d&#039;autres le soin de faire des \u00e9conomies.<br \/>\n\u2022 Fini \u00e0 la main \u2013 Chaque point est reli\u00e9 \u00e0 la main pour donner la jonction la plus lisse possible.<br \/>\n\u2022 Poignets et ourlet c\u00f4tel\u00e9s \u2013 Pour plus de confort et d\u2019ajustement.<\/p>\n<p>Les bienfaits de la laine m\u00e9rinos<br \/>\n\u2022 Super doux \u2013 Garantie sans d\u00e9mangeaisons.<br \/>\n\u2022 Vous garde au frais et au sec \u2013 Oui\u00a0! Ce pull est polyvalent.<br \/>\n\u2022 Conserve sa forme \u2013 Contrairement \u00e0 nous \u00e0 No\u00ebl.<br \/>\n\u2022 Couleurs r\u00e9sistantes \u2013 R\u00e9sistant \u00e0 la d\u00e9coloration et aux coulures.<\/p>\n<p>\u00c9tabli en 1907<br \/>\nDepuis 1907, la marque de fabrique des produits Alan Paine est la qualit\u00e9 et le savoir-faire des fibres de luxe.<\/p>\n<p>PATRIMOINE BRITANNIQUE<br \/>\nLa marque Alan Paine perp\u00e9tue la tradition du pass\u00e9 en cr\u00e9ant un style \u00e9volutif et non une mode r\u00e9volutionnaire.<\/p>\n<p>117 ans de savoir-faire<br \/>\nSeules des fibres naturelles issues de ressources g\u00e9r\u00e9es durablement sont utilis\u00e9es dans la cr\u00e9ation de nos magnifiques tricots.<br \/>\nEn tant qu&#039;entreprise, nous adh\u00e9rons aux normes les plus \u00e9lev\u00e9es afin de fournir des produits qui combinent un style et une coupe \u00e9volutifs avec un confort et un toucher luxueux.<\/p>","protected":false},"excerpt":{"rendered":"<p>Jean Grafton Cricket Cable Vee.<\/p>\n<p>Tricot\u00e9 en fine laine m\u00e9rinos, notre pull de cricket \u00e0 col en V Black Grape est une version contemporaine du style traditionnel. <\/p>","protected":false},"featured_media":381920,"template":"","meta":[],"product_brand":[],"product_cat":[486,84,442,487],"product_tag":[],"class_list":{"0":"post-203232","1":"product","2":"type-product","3":"status-publish","4":"has-post-thumbnail","6":"product_cat-pullover-und-westen","7":"product_cat-truien-en-pullovers","8":"product_cat-wollen-truien","9":"product_cat-wollpullover","10":"pa_merk-alan-paine","12":"first","13":"instock","14":"taxable","15":"shipping-taxable","16":"purchasable","17":"product-type-variable"},"df_price":229.95,"df_sale_price":"","df_regular_price":229.95,"df_image_link":"https:\/\/harristweed-shop.be\/wp-content\/uploads\/2023\/10\/4e56e92024806120b426b37bc650c507_Grafton_Cricket_Cable_Vee_Denim-225x300.jpeg","_links":{"self":[{"href":"https:\/\/harristweed-shop.be\/fr\/wp-json\/wp\/v2\/product\/203232","targetHints":{"allow":["GET"]}}],"collection":[{"href":"https:\/\/harristweed-shop.be\/fr\/wp-json\/wp\/v2\/product"}],"about":[{"href":"https:\/\/harristweed-shop.be\/fr\/wp-json\/wp\/v2\/types\/product"}],"wp:featuredmedia":[{"embeddable":true,"href":"https:\/\/harristweed-shop.be\/fr\/wp-json\/wp\/v2\/media\/381920"}],"wp:attachment":[{"href":"https:\/\/harristweed-shop.be\/fr\/wp-json\/wp\/v2\/media?parent=203232"}],"wp:term":[{"taxonomy":"product_brand","embeddable":true,"href":"https:\/\/harristweed-shop.be\/fr\/wp-json\/wp\/v2\/product_brand?post=203232"},{"taxonomy":"product_cat","embeddable":true,"href":"https:\/\/harristweed-shop.be\/fr\/wp-json\/wp\/v2\/product_cat?post=203232"},{"taxonomy":"product_tag","embeddable":true,"href":"https:\/\/harristweed-shop.be\/fr\/wp-json\/wp\/v2\/product_tag?post=203232"}],"curies":[{"name":"wp","href":"https:\/\/api.w.org\/{rel}","templated":true}]}}