{"id":200138,"date":"2023-10-12T14:51:31","date_gmt":"2023-10-12T14:51:31","guid":{"rendered":"https:\/\/harristweed-shop.be\/product\/wellington-tweed-jack-bruin-visgraat-2\/"},"modified":"2026-05-05T05:15:33","modified_gmt":"2026-05-05T05:15:33","slug":"wellington-tweed-jack-bruin-visgraat-2","status":"publish","type":"product","link":"https:\/\/harristweed-shop.be\/fr\/produit\/veste-en-tweed-wellington-marron-a-chevrons-2\/","title":{"rendered":"Veste Wellington en laine et cachemire \u201c Brooklyn \u201d bleu marine"},"content":{"rendered":"<p>L&#039;\u00e9l\u00e9gante veste homme \u00ab Brooklyn \u00bb, confectionn\u00e9e en laine et cachemire de haute qualit\u00e9, se distingue par son style intemporel et d\u00e9contract\u00e9. Id\u00e9ale pour la mi-saison, elle offre une coupe d\u00e9contract\u00e9e et un confort optimal. Cette veste homme, confectionn\u00e9e avec expertise, est dot\u00e9e d&#039;une fermeture \u00e9clair et d&#039;une patte de boutonnage dissimul\u00e9e. Tous les boutons sont en corne v\u00e9ritable et arborent un logo grav\u00e9. Le col montant, avec empi\u00e8cement tricot\u00e9 int\u00e9gr\u00e9, se ferme par un rabat-temp\u00eate. Deux larges poches passepoil\u00e9es matelass\u00e9es offrent un grand espace de rangement pour vos essentiels. L&#039;int\u00e9rieur spacieux est enti\u00e8rement doubl\u00e9 d&#039;une doublure \u00e0 motifs l\u00e9g\u00e8rement matelass\u00e9e et respirante, de deux poches int\u00e9rieures refermables et d&#039;une \u00e9tiquette nominative. Parfaite pour le travail comme pour les loisirs, cette veste offre une infinit\u00e9 de combinaisons et est un incontournable de toute garde-robe.<\/p>\n<p>\u2013 Poches passepoil\u00e9es<br \/>\u2013 \u00c9tiquette nominative<br \/>\u2013 Doublure en jacquard de canard<br \/>\u2013 Poches coulissantes<br \/>- Doubl\u00e9<br \/>\u2013 Deux poches int\u00e9rieures<\/p>\n<p>Mensurations du mod\u00e8le : Le mannequin mesure 182 cm et porte une taille 50.<br \/>Coupe : Coupe r\u00e9guli\u00e8re l\u00e9g\u00e8rement ajust\u00e9e et confortable.<br \/>Mesures : Pour la taille 50 les mesures sont : \u2013 Poitrine : 60 cm \u2013 Taille : 58 cm \u2013 Longueur des manches : 63 cm \u2013 Longueur du dos : 80 cm<\/p>\n<p>Tissu ext\u00e9rieur : 90% laine vierge, 10% cachemire<br \/>Doublure : 60% viscose, 40% polyester<br \/>Doublure des manches : 60% viscose, 40% polyester<\/p>","protected":false},"excerpt":{"rendered":"<p>Veste Wellington Laine Cachemire Brooklyn Bleu Marine.<\/p>\n<p>L&#039;\u00e9l\u00e9gante veste homme \u00ab\u00a0Brooklyn\u00a0\u00bb, confectionn\u00e9e en laine et cachemire de haute qualit\u00e9, se distingue par son style intemporel et d\u00e9contract\u00e9. Id\u00e9ale pour la mi-saison, elle offre une coupe d\u00e9contract\u00e9e et un confort optimal.<\/p>","protected":false},"featured_media":200157,"template":"","meta":[],"product_brand":[],"product_cat":[530,87,482,531],"product_tag":[],"class_list":{"0":"post-200138","1":"product","2":"type-product","3":"status-publish","4":"has-post-thumbnail","6":"product_cat-heren-jassen-en-jacks","7":"product_cat-jassen-en-jacks","8":"product_cat-mantel-und-jacken","9":"product_cat-mantel-und-jacken-fur-herren","10":"pa_merk-wellington","12":"first","13":"instock","14":"taxable","15":"shipping-taxable","16":"purchasable","17":"product-type-variable"},"df_price":329.95,"df_sale_price":"","df_regular_price":329.95,"df_image_link":"https:\/\/harristweed-shop.be\/wp-content\/uploads\/2023\/10\/be1d6fe89b36391eccdc132c17c934a9_Wellington_Jack_Wol_Cashmere_Brooklyn-225x300.jpg","_links":{"self":[{"href":"https:\/\/harristweed-shop.be\/fr\/wp-json\/wp\/v2\/product\/200138","targetHints":{"allow":["GET"]}}],"collection":[{"href":"https:\/\/harristweed-shop.be\/fr\/wp-json\/wp\/v2\/product"}],"about":[{"href":"https:\/\/harristweed-shop.be\/fr\/wp-json\/wp\/v2\/types\/product"}],"wp:featuredmedia":[{"embeddable":true,"href":"https:\/\/harristweed-shop.be\/fr\/wp-json\/wp\/v2\/media\/200157"}],"wp:attachment":[{"href":"https:\/\/harristweed-shop.be\/fr\/wp-json\/wp\/v2\/media?parent=200138"}],"wp:term":[{"taxonomy":"product_brand","embeddable":true,"href":"https:\/\/harristweed-shop.be\/fr\/wp-json\/wp\/v2\/product_brand?post=200138"},{"taxonomy":"product_cat","embeddable":true,"href":"https:\/\/harristweed-shop.be\/fr\/wp-json\/wp\/v2\/product_cat?post=200138"},{"taxonomy":"product_tag","embeddable":true,"href":"https:\/\/harristweed-shop.be\/fr\/wp-json\/wp\/v2\/product_tag?post=200138"}],"curies":[{"name":"wp","href":"https:\/\/api.w.org\/{rel}","templated":true}]}}