{"id":190211,"date":"2023-10-05T20:51:19","date_gmt":"2023-10-05T20:51:19","guid":{"rendered":"https:\/\/harristweed-shop.be\/product\/springboks-rugby-shirt-1937\/"},"modified":"2026-05-05T05:17:07","modified_gmt":"2026-05-05T05:17:07","slug":"springboks-rugby-shirt-1937","status":"publish","type":"product","link":"https:\/\/harristweed-shop.be\/fr\/produit\/maillot-de-rugby-des-springboks-1937\/","title":{"rendered":"Maillot de rugby des Springboks 1937"},"content":{"rendered":"<p>Maillot de rugby des Springboks 1937<\/p>\n<p>Maillot de rugby des Springboks 1937. L&#039;\u00e9quipe sud-africaine de rugby \u00e0 XV de 1937, v\u00eatue de son embl\u00e9matique maillot de rugby des Springboks 1937, a marqu\u00e9 l&#039;histoire du rugby \u00e0 jamais. Lors de leur tourn\u00e9e en Australie et en Nouvelle-Z\u00e9lande, au terme d&#039;une confrontation palpitante, les Springboks ont triomph\u00e9 des Wallabies non pas une, mais deux fois. Ils ont remport\u00e9 une victoire \u00e9clatante 9-5, puis les ont domin\u00e9s 26-7. Ces victoires ont \u00e9galement d\u00e9montr\u00e9 leur prouesse et leur t\u00e9nacit\u00e9 sur le terrain, leur valant des \u00e9loges bien m\u00e9rit\u00e9s.<\/p>\n<p>Les Springboks battent les Wallabies, puis les All Blacks<\/p>\n<p>La s\u00e9rie contre les redoutables All Blacks de Nouvelle-Z\u00e9lande a \u00e9t\u00e9 riche en \u00e9motions. Malgr\u00e9 un premier test difficile, les Springboks s&#039;inclinant 13-7, ils ont r\u00e9alis\u00e9 une remont\u00e9e remarquable. De plus, le deuxi\u00e8me test \u00e0 Christchurch les a vus dominer avec une victoire 13-6, faisant preuve d&#039;un travail d&#039;\u00e9quipe et d&#039;une technique exceptionnels. La s\u00e9rie a atteint son apog\u00e9e \u00e0 Auckland, o\u00f9 les Springboks ont \u00e9clips\u00e9 les All Blacks, remportant une victoire historique 17-6. Ce triomphe a eu un retentissement mondial, inscrivant le nom de ces joueurs dans la l\u00e9gende du rugby.<\/p>\n<p>Le capitaine inspirant des Springboks, Philip Nel<\/p>\n<p>\u00c0 la barre se trouvait le capitaine Philip Nel, dont le leadership a men\u00e9 l&#039;\u00e9quipe vers un succ\u00e8s sans pr\u00e9c\u00e9dent. \u00c0 ses c\u00f4t\u00e9s, des joueurs l\u00e9gendaires comme Danie Craven et Boy Louw ont fait \u00e9talage de leur talent, cr\u00e9ant des moments d&#039;\u00e9clat sous le maillot des Springboks.<\/p>\n<p>Springboks de 1937<\/p>\n<p>En r\u00e9sum\u00e9, la tourn\u00e9e de l&#039;\u00e9quipe sud-africaine de rugby \u00e0 XV de 1937 t\u00e9moigne de sa d\u00e9termination in\u00e9branlable, de son remarquable travail d&#039;\u00e9quipe et de son talent exceptionnel. Leurs victoires sur les Wallabies et les All Blacks, notamment face \u00e0 l&#039;adversit\u00e9, ont consolid\u00e9 leur h\u00e9ritage dans l&#039;histoire du rugby, faisant des Springboks de 1937 une source d&#039;inspiration pour les g\u00e9n\u00e9rations futures.<\/p>\n<p>Fabrication<\/p>\n<p>Le maillot de rugby sud-africain. Confectionn\u00e9 en coton 100% au toucher satin\u00e9, il arbore un \u00e9cusson brod\u00e9 d\u00e9taill\u00e9. Il pr\u00e9sente \u00e9galement une finition \u00e0 chevrons sur les fentes et une bande de propret\u00e9 \u00e0 l&#039;encolure. Nous proposons \u00e9galement un polo de rugby Springboks 1937.<\/p>","protected":false},"excerpt":{"rendered":"<p>Maillot de rugby des Springboks 1937. L&#039;\u00e9quipe sud-africaine de rugby \u00e0 XV de 1937, v\u00eatue de son embl\u00e9matique maillot de rugby des Springboks 1937, a marqu\u00e9 l&#039;histoire du rugby \u00e0 jamais. Lors de leur tourn\u00e9e en Australie et en Nouvelle-Z\u00e9lande, au terme d&#039;une confrontation palpitante, les Springboks ont triomph\u00e9 des Wallabies non pas une, mais deux fois. Ils ont remport\u00e9 une victoire \u00e9clatante 9-5, puis les ont domin\u00e9s 26-7. Ces victoires ont \u00e9galement d\u00e9montr\u00e9 leur prouesse et leur t\u00e9nacit\u00e9 sur le terrain, leur valant des \u00e9loges bien m\u00e9rit\u00e9s.<\/p>","protected":false},"featured_media":190233,"template":"","meta":[],"product_brand":[],"product_cat":[397,394,955,960],"product_tag":[],"class_list":{"0":"post-190211","1":"product","2":"type-product","3":"status-publish","4":"has-post-thumbnail","6":"product_cat-international","7":"product_cat-rugby-shirts-2","8":"product_cat-shop-by-country-club","9":"product_cat-south-africa-springboks-shop-by-country-club","10":"pa_merk-ellis-rugby","12":"first","13":"instock","14":"taxable","15":"shipping-taxable","16":"purchasable","17":"product-type-variable"},"df_price":89.95,"df_sale_price":"","df_regular_price":89.95,"df_image_link":"https:\/\/harristweed-shop.be\/wp-content\/uploads\/2023\/10\/881db2ac7b3ee2b5c607950c880c72e4_Springboks_Rugby_Shirt_1937-300x300.jpg","_links":{"self":[{"href":"https:\/\/harristweed-shop.be\/fr\/wp-json\/wp\/v2\/product\/190211","targetHints":{"allow":["GET"]}}],"collection":[{"href":"https:\/\/harristweed-shop.be\/fr\/wp-json\/wp\/v2\/product"}],"about":[{"href":"https:\/\/harristweed-shop.be\/fr\/wp-json\/wp\/v2\/types\/product"}],"wp:featuredmedia":[{"embeddable":true,"href":"https:\/\/harristweed-shop.be\/fr\/wp-json\/wp\/v2\/media\/190233"}],"wp:attachment":[{"href":"https:\/\/harristweed-shop.be\/fr\/wp-json\/wp\/v2\/media?parent=190211"}],"wp:term":[{"taxonomy":"product_brand","embeddable":true,"href":"https:\/\/harristweed-shop.be\/fr\/wp-json\/wp\/v2\/product_brand?post=190211"},{"taxonomy":"product_cat","embeddable":true,"href":"https:\/\/harristweed-shop.be\/fr\/wp-json\/wp\/v2\/product_cat?post=190211"},{"taxonomy":"product_tag","embeddable":true,"href":"https:\/\/harristweed-shop.be\/fr\/wp-json\/wp\/v2\/product_tag?post=190211"}],"curies":[{"name":"wp","href":"https:\/\/api.w.org\/{rel}","templated":true}]}}