{"id":1861,"date":"2020-04-14T10:38:55","date_gmt":"2020-04-14T10:38:55","guid":{"rendered":"https:\/\/harristweed-shop.be\/?post_type=product&#038;p=1861"},"modified":"2023-10-27T11:16:35","modified_gmt":"2023-10-27T11:16:35","slug":"paulo-bellini-riem-fasano-leather-anaconda-green","status":"publish","type":"product","link":"https:\/\/harristweed-shop.be\/fr\/produit\/ceinture-paulo-bellini-fasano-en-cuir-vert-anaconda\/","title":{"rendered":"Ceinture Paulo Bellini en cuir Fasano vert anaconda"},"content":{"rendered":"<p>Cette ceinture Paulo Bellini s&#039;accorde parfaitement avec les chaussures Paulo Bellini. Toutes les ceintures Paulo Bellini sont finies \u00e0 la main, ce qui leur conf\u00e8re un look chaleureux. De plus, elles sont longues et faciles \u00e0 ajuster gr\u00e2ce \u00e0 la boucle.<\/p>\n<p><img decoding=\"async\" class=\"alignnone size-full wp-image-1673\" src=\"https:\/\/harristweed-shop.be\/wp-content\/uploads\/2020\/04\/Schermafbeelding-2020-04-14-om-11.04.14.png\" alt=\"\" width=\"299\" height=\"141\" srcset=\"https:\/\/harristweed-shop.be\/wp-content\/uploads\/2020\/04\/Schermafbeelding-2020-04-14-om-11.04.14.png 299w, https:\/\/harristweed-shop.be\/wp-content\/uploads\/2020\/04\/Schermafbeelding-2020-04-14-om-11.04.14-262x124.png 262w\" sizes=\"(max-width: 299px) 100vw, 299px\" \/><\/p>","protected":false},"excerpt":{"rendered":"<p>Cette ceinture Paulo Bellini s&#039;accorde parfaitement avec les chaussures Paulo Bellini. Toutes les ceintures Paulo Bellini sont finies \u00e0 la main, ce qui leur conf\u00e8re un look chaleureux. De plus, elles sont longues et faciles \u00e0 ajuster gr\u00e2ce \u00e0 la boucle.<\/p>\n<p>Couleur : Vert<\/p>\n<p>Mati\u00e8re : Cuir<\/p>\n<p>Boucle r\u00e9glable<\/p>\n<p>&nbsp;<\/p>","protected":false},"featured_media":0,"template":"","meta":[],"product_brand":[],"product_cat":[162],"product_tag":[154,152,153],"class_list":{"0":"post-1861","1":"product","2":"type-product","3":"status-publish","5":"product_cat-riemen","6":"product_tag-bijzondere-schoenen","7":"product_tag-paulo-bellini-schoenen","8":"product_tag-trouwschoenen","9":"pa_merk-paulobellini","11":"first","12":"outofstock","13":"taxable","14":"shipping-taxable","15":"purchasable","16":"product-type-simple"},"df_price":69.95,"df_sale_price":"","df_regular_price":69.95,"df_image_link":"https:\/\/harristweed-shop.be\/wp-content\/uploads\/woocommerce-placeholder-300x300.png","_links":{"self":[{"href":"https:\/\/harristweed-shop.be\/fr\/wp-json\/wp\/v2\/product\/1861","targetHints":{"allow":["GET"]}}],"collection":[{"href":"https:\/\/harristweed-shop.be\/fr\/wp-json\/wp\/v2\/product"}],"about":[{"href":"https:\/\/harristweed-shop.be\/fr\/wp-json\/wp\/v2\/types\/product"}],"wp:attachment":[{"href":"https:\/\/harristweed-shop.be\/fr\/wp-json\/wp\/v2\/media?parent=1861"}],"wp:term":[{"taxonomy":"product_brand","embeddable":true,"href":"https:\/\/harristweed-shop.be\/fr\/wp-json\/wp\/v2\/product_brand?post=1861"},{"taxonomy":"product_cat","embeddable":true,"href":"https:\/\/harristweed-shop.be\/fr\/wp-json\/wp\/v2\/product_cat?post=1861"},{"taxonomy":"product_tag","embeddable":true,"href":"https:\/\/harristweed-shop.be\/fr\/wp-json\/wp\/v2\/product_tag?post=1861"}],"curies":[{"name":"wp","href":"https:\/\/api.w.org\/{rel}","templated":true}]}}