{"id":18327,"date":"2023-03-16T12:36:37","date_gmt":"2023-03-16T12:36:37","guid":{"rendered":"https:\/\/harristweed-shop.be\/product\/rib-broek-club-of-comfort-bruin\/"},"modified":"2026-03-12T02:56:44","modified_gmt":"2026-03-12T02:56:44","slug":"rib-broek-club-of-comfort-bruin","status":"publish","type":"product","link":"https:\/\/harristweed-shop.be\/fr\/produit\/pantalon-cotele-club-of-comfort-marron\/","title":{"rendered":"Pantalon c\u00f4tel\u00e9 Club of Comfort, marron"},"content":{"rendered":"<p>Club of Comfort est synonyme d&#039;un confort optimal gr\u00e2ce \u00e0 sa coupe d\u00e9contract\u00e9e, ses d\u00e9tails soign\u00e9s et l&#039;utilisation de mati\u00e8res innovantes, faciles d&#039;entretien et de haute qualit\u00e9. Ind\u00e9formable.<\/p>\n<p>\u2013 Pantalon \u00e0 devant plat en velours c\u00f4tel\u00e9<br \/>\n\u2013 FIT r\u00e9gulier<br \/>\n\u2013 FIT hauteur de taille normale<br \/>\n\u2013 Bande de confort extensible (jusqu&#039;\u00e0 4 cm)<br \/>\n\u2013 Poches fran\u00e7aises<br \/>\n\u2013 Poche passepoil\u00e9e avec bouton<br \/>\n\u2013 Logo en cuir sur la sangle de confort \u00e0 l&#039;arri\u00e8re<br \/>\n- Equip\u00e9 d&#039;un double arr\u00eat de chemise<br \/>\n\u2013 Disponible en 6 couleurs diff\u00e9rentes<\/p>\n<p>Composition : 98% Coton, 2% \u00c9lasthanne <\/p>\n<p>Tailles disponibles : 48-60 ; 24-32<\/p>","protected":false},"excerpt":{"rendered":"<p>Club of Comfort staat voor uitstekend draagcomfort door de ontspannen pasvorm, de uitgebalanceerde details en het gebruik van innovatieve, gemakkelijk te onderhouden kwaliteitsmaterialen. Absoluut vormvast. &#8211; Corduroy \/ ribfluweel flat front broek &#8211; FIT regular &#8211; FIT normale taillehoogte &#8211; Strech comfortband (tot 4 cm) &#8211; Franse steekzakken &#8211; Paspelzak met knoop &#8211; Leder logo [&hellip;]<\/p>\n","protected":false},"featured_media":18360,"template":"","meta":[],"product_brand":[],"product_cat":[513,603,602,601],"product_tag":[],"class_list":{"0":"post-18327","1":"product","2":"type-product","3":"status-publish","4":"has-post-thumbnail","6":"product_cat-broeken","7":"product_cat-cord-hosen","8":"product_cat-hosen","9":"product_cat-ribbroeken","10":"pa_merk-clubofcomfort","12":"first","13":"instock","14":"taxable","15":"shipping-taxable","16":"purchasable","17":"product-type-variable"},"df_price":109.95,"df_sale_price":"","df_regular_price":109.95,"df_image_link":"https:\/\/harristweed-shop.be\/wp-content\/uploads\/2023\/03\/1ae6071c65aabf0efd96ab33c41a4b6b_101789_0_5806-225x300.jpg","_links":{"self":[{"href":"https:\/\/harristweed-shop.be\/fr\/wp-json\/wp\/v2\/product\/18327","targetHints":{"allow":["GET"]}}],"collection":[{"href":"https:\/\/harristweed-shop.be\/fr\/wp-json\/wp\/v2\/product"}],"about":[{"href":"https:\/\/harristweed-shop.be\/fr\/wp-json\/wp\/v2\/types\/product"}],"wp:featuredmedia":[{"embeddable":true,"href":"https:\/\/harristweed-shop.be\/fr\/wp-json\/wp\/v2\/media\/18360"}],"wp:attachment":[{"href":"https:\/\/harristweed-shop.be\/fr\/wp-json\/wp\/v2\/media?parent=18327"}],"wp:term":[{"taxonomy":"product_brand","embeddable":true,"href":"https:\/\/harristweed-shop.be\/fr\/wp-json\/wp\/v2\/product_brand?post=18327"},{"taxonomy":"product_cat","embeddable":true,"href":"https:\/\/harristweed-shop.be\/fr\/wp-json\/wp\/v2\/product_cat?post=18327"},{"taxonomy":"product_tag","embeddable":true,"href":"https:\/\/harristweed-shop.be\/fr\/wp-json\/wp\/v2\/product_tag?post=18327"}],"curies":[{"name":"wp","href":"https:\/\/api.w.org\/{rel}","templated":true}]}}