{"id":18205,"date":"2023-03-16T11:28:23","date_gmt":"2023-03-16T11:28:23","guid":{"rendered":"https:\/\/harristweed-shop.be\/product\/tweed-vestje-iain-waistcoat-blue-herringbone-yorkshire-tweed\/"},"modified":"2026-03-26T18:04:24","modified_gmt":"2026-03-26T18:04:24","slug":"tweed-vestje-iain-waistcoat-blue-herringbone-yorkshire-tweed","status":"publish","type":"product","link":"https:\/\/harristweed-shop.be\/fr\/produit\/gilet-en-tweedje-iain-gilet-bleu-chevrons-yorkshire-tweed\/","title":{"rendered":"Gilet en tweed du Yorkshire, gilet Iain \u2013 chevrons bleus"},"content":{"rendered":"<p>Un cardigan classique \u00e0 cinq boutons, \u00e0 porter avec ou sans veste. Con\u00e7us pour s&#039;harmoniser avec nos vestes, les cardigans Iain sont disponibles dans une vari\u00e9t\u00e9 de tweeds et pr\u00e9sentent une jolie doublure \u00e0 motif cachemire au dos.<\/p>\n<p>\u2013 Gilet en tweed du Yorkshire bleu<br \/>\n\u2013 Tiss\u00e9 en pure laine<br \/>\n- Fermeture \u00e0 5 boutons<br \/>\n\u2013 Poches passepoil\u00e9es<br \/>\n\u2013 Doublure dor\u00e9e \u00e0 motifs cachemire au dos avec fermeture r\u00e9glable<\/p>","protected":false},"excerpt":{"rendered":"<p>Gilet en tweed du Yorkshire, gilet Iain \u2013 motif chevrons bleus.<\/p>\n<p>\u2013 Tissu ext\u00e9rieur \u2013 Laine 100%<br \/>\n\u2013 Doublure \u2013 ac\u00e9tate 50%\/viscose 50%<br \/>\nNettoyage \u00e0 sec uniquement<br \/>\nArticles assortis disponibles<\/p>","protected":false},"featured_media":18217,"template":"","meta":[],"product_brand":[],"product_cat":[510,512,88,511],"product_tag":[],"class_list":{"0":"post-18205","1":"product","2":"type-product","3":"status-publish","4":"has-post-thumbnail","6":"product_cat-heren-vestjes","7":"product_cat-herren-westen-und-gilets","8":"product_cat-vestjes-en-gilets","9":"product_cat-westen-und-gilets","10":"pa_merk-bucktrout","12":"first","13":"instock","14":"taxable","15":"shipping-taxable","16":"purchasable","17":"product-type-variable"},"df_price":169.95,"df_sale_price":"","df_regular_price":169.95,"df_image_link":"https:\/\/harristweed-shop.be\/wp-content\/uploads\/2023\/03\/3be9127f793af28df77aaee521a6e268_Tweed_Vestje__IAIN_WAISTCOAT___Blue_Herringbone_Yorkshire_Tweed-225x300.jpg","_links":{"self":[{"href":"https:\/\/harristweed-shop.be\/fr\/wp-json\/wp\/v2\/product\/18205","targetHints":{"allow":["GET"]}}],"collection":[{"href":"https:\/\/harristweed-shop.be\/fr\/wp-json\/wp\/v2\/product"}],"about":[{"href":"https:\/\/harristweed-shop.be\/fr\/wp-json\/wp\/v2\/types\/product"}],"wp:featuredmedia":[{"embeddable":true,"href":"https:\/\/harristweed-shop.be\/fr\/wp-json\/wp\/v2\/media\/18217"}],"wp:attachment":[{"href":"https:\/\/harristweed-shop.be\/fr\/wp-json\/wp\/v2\/media?parent=18205"}],"wp:term":[{"taxonomy":"product_brand","embeddable":true,"href":"https:\/\/harristweed-shop.be\/fr\/wp-json\/wp\/v2\/product_brand?post=18205"},{"taxonomy":"product_cat","embeddable":true,"href":"https:\/\/harristweed-shop.be\/fr\/wp-json\/wp\/v2\/product_cat?post=18205"},{"taxonomy":"product_tag","embeddable":true,"href":"https:\/\/harristweed-shop.be\/fr\/wp-json\/wp\/v2\/product_tag?post=18205"}],"curies":[{"name":"wp","href":"https:\/\/api.w.org\/{rel}","templated":true}]}}