{"id":1733,"date":"2020-04-14T09:38:19","date_gmt":"2020-04-14T09:38:19","guid":{"rendered":"https:\/\/harristweed-shop.be\/?post_type=product&#038;p=1733"},"modified":"2023-10-27T11:20:20","modified_gmt":"2023-10-27T11:20:20","slug":"paulo-bellini-schoen-anaconda-leather-blue","status":"publish","type":"product","link":"https:\/\/harristweed-shop.be\/fr\/produit\/chaussure-paulo-bellini-anaconda-en-cuir-bleu\/","title":{"rendered":"Chaussure Paulo Bellini Anaconda en cuir bleu"},"content":{"rendered":"<p>Cette chaussure est confectionn\u00e9e dans un magnifique cuir de serpent bleu. Toutes les chaussures Paulo Bellini sont finies \u00e0 la main, ce qui leur conf\u00e8re un aspect chaleureux.<\/p>\n<p>Chaussure artisanale, fabriqu\u00e9e au Portugal.<\/p>\n<p><img decoding=\"async\" class=\"alignnone size-full wp-image-1673\" src=\"https:\/\/harristweed-shop.be\/wp-content\/uploads\/2020\/04\/Schermafbeelding-2020-04-14-om-11.04.14.png\" alt=\"\" width=\"299\" height=\"141\" srcset=\"https:\/\/harristweed-shop.be\/wp-content\/uploads\/2020\/04\/Schermafbeelding-2020-04-14-om-11.04.14.png 299w, https:\/\/harristweed-shop.be\/wp-content\/uploads\/2020\/04\/Schermafbeelding-2020-04-14-om-11.04.14-262x124.png 262w\" sizes=\"(max-width: 299px) 100vw, 299px\" \/><\/p>","protected":false},"excerpt":{"rendered":"<p>Cette chaussure est confectionn\u00e9e dans un magnifique cuir de serpent bleu. Toutes les chaussures Paulo Bellini sont finies \u00e0 la main, ce qui leur conf\u00e8re un aspect chaleureux.<\/p>\n<p>Couleur : Bleu clair<\/p>\n<p>Mati\u00e8re : Cuir<\/p>\n<p>M\u00e9thode de fabrication : Traitement Blake, matelass\u00e9<\/p>\n<p>Largeur de chaussure : G1\/2<\/p>\n<p>Semelle : Cuir<\/p>","protected":false},"featured_media":0,"template":"","meta":[],"product_brand":[],"product_cat":[155,85],"product_tag":[154,152,157,158,153],"class_list":{"0":"post-1733","1":"product","2":"type-product","3":"status-publish","5":"product_cat-paulo-bellini-schoenen","6":"product_cat-schoenen","7":"product_tag-bijzondere-schoenen","8":"product_tag-paulo-bellini-schoenen","9":"product_tag-schoen-slangenleer","10":"product_tag-schoen-slangenprint","11":"product_tag-trouwschoenen","12":"pa_merk-paulobellini","14":"first","15":"outofstock","16":"taxable","17":"shipping-taxable","18":"purchasable","19":"product-type-variable"},"df_price":189.95,"df_sale_price":"","df_regular_price":189.95,"df_image_link":"https:\/\/harristweed-shop.be\/wp-content\/uploads\/woocommerce-placeholder-300x300.png","_links":{"self":[{"href":"https:\/\/harristweed-shop.be\/fr\/wp-json\/wp\/v2\/product\/1733","targetHints":{"allow":["GET"]}}],"collection":[{"href":"https:\/\/harristweed-shop.be\/fr\/wp-json\/wp\/v2\/product"}],"about":[{"href":"https:\/\/harristweed-shop.be\/fr\/wp-json\/wp\/v2\/types\/product"}],"wp:attachment":[{"href":"https:\/\/harristweed-shop.be\/fr\/wp-json\/wp\/v2\/media?parent=1733"}],"wp:term":[{"taxonomy":"product_brand","embeddable":true,"href":"https:\/\/harristweed-shop.be\/fr\/wp-json\/wp\/v2\/product_brand?post=1733"},{"taxonomy":"product_cat","embeddable":true,"href":"https:\/\/harristweed-shop.be\/fr\/wp-json\/wp\/v2\/product_cat?post=1733"},{"taxonomy":"product_tag","embeddable":true,"href":"https:\/\/harristweed-shop.be\/fr\/wp-json\/wp\/v2\/product_tag?post=1733"}],"curies":[{"name":"wp","href":"https:\/\/api.w.org\/{rel}","templated":true}]}}