{"id":159815,"date":"2023-09-14T10:56:51","date_gmt":"2023-09-14T10:56:51","guid":{"rendered":"https:\/\/harristweed-shop.be\/product\/wellington-rib-broek-forest\/"},"modified":"2026-04-18T15:04:23","modified_gmt":"2026-04-18T15:04:23","slug":"wellington-rib-broek-forest","status":"publish","type":"product","link":"https:\/\/harristweed-shop.be\/fr\/produit\/pantalon-cotele-wellington-forest\/","title":{"rendered":"Pantalon en velours c\u00f4tel\u00e9 \u201c\u00a0Mr. Bradley\u00a0\u201d vert mousse"},"content":{"rendered":"<p>Pantalon en velours c\u00f4tel\u00e9 pour homme \u201c\u00a0Mr. Bradley\u00a0\u201d \u2013 Un confort intemporel alli\u00e9 \u00e0 une qualit\u00e9 sup\u00e9rieure<\/p>\n<p>Le pantalon en velours c\u00f4tel\u00e9 pour homme \u201c\u00a0Mr. Bradley\u00a0\u201d, confectionn\u00e9 en velours c\u00f4tel\u00e9 g\u00e9nois mi-fin, incarne un style classique et un confort exceptionnel. Fabriqu\u00e9 dans un tissu bi-stretch de haute qualit\u00e9, riche en coton et en fibres extensibles, il \u00e9pouse parfaitement tous les mouvements et conserve sa forme.<\/p>\n<p>Sa coupe classique et d\u00e9contract\u00e9e offre une grande libert\u00e9 de mouvement, tandis que ses poches lat\u00e9rales fendues, ses poches passepoil\u00e9es boutonn\u00e9es \u00e0 l&#039;arri\u00e8re et sa ceinture confortable avec stop-chemise allient fonctionnalit\u00e9 et raffinement pour l&#039;homme moderne.<\/p>\n<p>Le pantalon en velours c\u00f4tel\u00e9 \u201c Mr. Bradley \u201d est parfait pour les looks d\u00e9contract\u00e9s comme pour les tenues professionnelles et constitue un compagnon intemporel pour toutes les occasions.<\/p>\n<p>\u2013 Tissu bi-extensible<br \/>\u2013 Arr\u00eats de chemise<br \/>\u2013 C\u00f4tes en velours c\u00f4tel\u00e9 de g\u00e9nois de poids moyen<br \/>\u2013 Poches lat\u00e9rales<br \/>- Lavable en machine et facile d&#039;entretien<br \/>\u2013 Deux poches passepoil\u00e9es avec bouton au dos<\/p>\n<p>Coupe : Mod\u00e8le droit<br \/>Dimensions de l&#039;article\u00a0: pour la taille 50 \u2013 tour de taille\u00a0: 90\u00a0cm \u2013 longueur d&#039;entrejambe\u00a0: 83\u00a0cm \u2013 largeur de cheville\u00a0: 39\u00a0cm<\/p>\n<p>Tissu ext\u00e9rieur : 991 % coton TP3T, 11 % \u00e9lasthanne TP3T<\/p>","protected":false},"excerpt":{"rendered":"<p>Pantalon en velours c\u00f4tel\u00e9 \u201c\u00a0Mr. Bradley\u00a0\u201d vert mousse 35.<\/p>\n<p>Le pantalon en velours c\u00f4tel\u00e9 pour homme \u201c Mr. Bradley \u201d, confectionn\u00e9 en velours c\u00f4tel\u00e9 g\u00e9nois mi-fin, incarne un style classique et un confort exceptionnel.<\/p>","protected":false},"featured_media":540696,"template":"","meta":[],"product_brand":[],"product_cat":[513,603,602,601],"product_tag":[],"class_list":{"0":"post-159815","1":"product","2":"type-product","3":"status-publish","4":"has-post-thumbnail","6":"product_cat-broeken","7":"product_cat-cord-hosen","8":"product_cat-hosen","9":"product_cat-ribbroeken","10":"pa_merk-wellington","12":"first","13":"instock","14":"taxable","15":"shipping-taxable","16":"purchasable","17":"product-type-variable"},"df_price":109.95,"df_sale_price":"","df_regular_price":109.95,"df_image_link":"https:\/\/harristweed-shop.be\/wp-content\/uploads\/2023\/09\/c3da24f4dbb3f97d7843c787406fd436_Wellington__Rib_broek_Forest_1-225x300.jpeg","_links":{"self":[{"href":"https:\/\/harristweed-shop.be\/fr\/wp-json\/wp\/v2\/product\/159815","targetHints":{"allow":["GET"]}}],"collection":[{"href":"https:\/\/harristweed-shop.be\/fr\/wp-json\/wp\/v2\/product"}],"about":[{"href":"https:\/\/harristweed-shop.be\/fr\/wp-json\/wp\/v2\/types\/product"}],"wp:featuredmedia":[{"embeddable":true,"href":"https:\/\/harristweed-shop.be\/fr\/wp-json\/wp\/v2\/media\/540696"}],"wp:attachment":[{"href":"https:\/\/harristweed-shop.be\/fr\/wp-json\/wp\/v2\/media?parent=159815"}],"wp:term":[{"taxonomy":"product_brand","embeddable":true,"href":"https:\/\/harristweed-shop.be\/fr\/wp-json\/wp\/v2\/product_brand?post=159815"},{"taxonomy":"product_cat","embeddable":true,"href":"https:\/\/harristweed-shop.be\/fr\/wp-json\/wp\/v2\/product_cat?post=159815"},{"taxonomy":"product_tag","embeddable":true,"href":"https:\/\/harristweed-shop.be\/fr\/wp-json\/wp\/v2\/product_tag?post=159815"}],"curies":[{"name":"wp","href":"https:\/\/api.w.org\/{rel}","templated":true}]}}