{"id":158333,"date":"2023-09-13T11:43:33","date_gmt":"2023-09-13T11:43:33","guid":{"rendered":"https:\/\/harristweed-shop.be\/product\/dufflecoat-navy\/"},"modified":"2026-05-05T05:18:44","modified_gmt":"2026-05-05T05:18:44","slug":"dufflecoat-navy","status":"publish","type":"product","link":"https:\/\/harristweed-shop.be\/fr\/produit\/duffle-coat-bleu-marine\/","title":{"rendered":"Duffle-coat bleu marine pour homme"},"content":{"rendered":"<p>Duffle-coat pour homme : \u201c Duffle-coat pour homme \u201d \u2013 Un classique r\u00e9tro<\/p>\n<p>Le duffle-coat pour homme est un v\u00e9ritable classique r\u00e9tro, fabriqu\u00e9 en Angleterre. Il pr\u00e9sente des d\u00e9tails authentiques tels qu&#039;une capuche ajustable, une fermeture \u00e9clair dissimul\u00e9e \u00e0 double sens, de v\u00e9ritables fermetures en corne avec passants en cuir et deux poches plaqu\u00e9es pratiques. Le tissu est doubl\u00e9 au niveau des \u00e9paules, renfor\u00e7ant ainsi l&#039;imperm\u00e9abilit\u00e9 du v\u00eatement. Il prot\u00e8ge efficacement du vent et de la pluie, tout en pr\u00e9servant du froid et de l&#039;humidit\u00e9 gr\u00e2ce \u00e0 sa laine pure et r\u00e9sistante. Le tissu ext\u00e9rieur de haute qualit\u00e9 et fonctionnel du duffle-coat est un mat\u00e9riau double face, fruit d&#039;une technique de tissage complexe associant un tissu uni et un tissu \u00e0 carreaux assorti. Ce manteau britannique traditionnel est un mod\u00e8le polyvalent, alliant qualit\u00e9 et savoir-faire exceptionnels.<\/p>\n<p>\u2013 Fermeture \u00e9clair \u00e0 double sens<br \/>\u2013 Poches \u00e0 rabat plaqu\u00e9es<br \/>\u2013 Une poche int\u00e9rieure<br \/>\u2013 Coupe droite et classique<br \/>\u2013 Tissu double face de haute qualit\u00e9, fabriqu\u00e9 en Angleterre<br \/>\u2013 Fermetures \u00e0 bascule en corne v\u00e9ritable avec passants en cuir<br \/>\u2013 Capuche r\u00e9glable<br \/>\u2013 Hydrofuge<\/p>\n<p>Mensurations du mannequin\u00a0: Le mannequin mesure 189\u00a0cm et porte une taille\u00a050.<br \/>Coupe : Coupe droite et confortable<br \/>Dimensions du produit\u00a0: Taille 50\u00a0: Longueur dos\u00a0: 102\u00a0cm \u2013 Longueur manches\u00a0: 67\u00a0cm \u2013 Largeur poitrine (demi-largeur)\u00a0: 62\u00a0cm<\/p>\n<p>Tissu ext\u00e9rieur\u00a0: laine 70%, polyamide 30%<br \/>Doublure : laine 70%, polyamide 30%<\/p>","protected":false},"excerpt":{"rendered":"<p>Duffle-coat homme bleu marine taille 10.<\/p>\n<p>Le sac polochon pour homme est un v\u00e9ritable classique r\u00e9tro, fabriqu\u00e9 en Angleterre. Il pr\u00e9sente des d\u00e9tails authentiques tels qu&#039;une capuche ajustable, une fermeture \u00e9clair \u00e0 double sens dissimul\u00e9e, de v\u00e9ritables fermetures en corne avec des passants en cuir et deux poches plaqu\u00e9es pratiques.<\/p>","protected":false},"featured_media":545272,"template":"","meta":[],"product_brand":[],"product_cat":[530,87,482,531],"product_tag":[],"class_list":{"0":"post-158333","1":"product","2":"type-product","3":"status-publish","4":"has-post-thumbnail","6":"product_cat-heren-jassen-en-jacks","7":"product_cat-jassen-en-jacks","8":"product_cat-mantel-und-jacken","9":"product_cat-mantel-und-jacken-fur-herren","10":"pa_merk-wellington","12":"first","13":"instock","14":"taxable","15":"shipping-taxable","16":"purchasable","17":"product-type-variable"},"df_price":399.95,"df_sale_price":"","df_regular_price":399.95,"df_image_link":"https:\/\/harristweed-shop.be\/wp-content\/uploads\/2023\/09\/cf61c1ee74e8e8f88ce2ef821a069055_Dufflecoat_Navy-225x300.jpg","_links":{"self":[{"href":"https:\/\/harristweed-shop.be\/fr\/wp-json\/wp\/v2\/product\/158333","targetHints":{"allow":["GET"]}}],"collection":[{"href":"https:\/\/harristweed-shop.be\/fr\/wp-json\/wp\/v2\/product"}],"about":[{"href":"https:\/\/harristweed-shop.be\/fr\/wp-json\/wp\/v2\/types\/product"}],"wp:featuredmedia":[{"embeddable":true,"href":"https:\/\/harristweed-shop.be\/fr\/wp-json\/wp\/v2\/media\/545272"}],"wp:attachment":[{"href":"https:\/\/harristweed-shop.be\/fr\/wp-json\/wp\/v2\/media?parent=158333"}],"wp:term":[{"taxonomy":"product_brand","embeddable":true,"href":"https:\/\/harristweed-shop.be\/fr\/wp-json\/wp\/v2\/product_brand?post=158333"},{"taxonomy":"product_cat","embeddable":true,"href":"https:\/\/harristweed-shop.be\/fr\/wp-json\/wp\/v2\/product_cat?post=158333"},{"taxonomy":"product_tag","embeddable":true,"href":"https:\/\/harristweed-shop.be\/fr\/wp-json\/wp\/v2\/product_tag?post=158333"}],"curies":[{"name":"wp","href":"https:\/\/api.w.org\/{rel}","templated":true}]}}