{"id":1500,"date":"2020-04-10T09:51:56","date_gmt":"2020-04-10T09:51:56","guid":{"rendered":"https:\/\/harristweed-shop.be\/?post_type=product&#038;p=1500"},"modified":"2023-10-27T11:23:13","modified_gmt":"2023-10-27T11:23:13","slug":"tomasso-light-blue-twill-cutaway-overhemd","status":"publish","type":"product","link":"https:\/\/harristweed-shop.be\/fr\/produit\/chemise-tomasso-bleu-clair-en-serge-a-decoupes\/","title":{"rendered":"Chemise Tomasso en serg\u00e9 bleu clair \u2013 Coupe ajust\u00e9e"},"content":{"rendered":"<p>Belle chemise de Lavendi.<\/p>\n<p>Ce twill business ultra-fin offre une coupe parfaite. Son tissu doux est facile \u00e0 repasser et infroissable. Il s&#039;accorde parfaitement avec un costume \u00e0 col italien et \u00e0 la finition \u00e9l\u00e9gante. Ses d\u00e9tails uniques conf\u00e8rent \u00e0 cette chemise business une touche distinctive.<\/p>\n<p><img decoding=\"async\" class=\"alignnone size-full wp-image-1433\" src=\"https:\/\/harristweed-shop.be\/wp-content\/uploads\/2020\/04\/Lavendi-logo.png\" alt=\"\" width=\"243\" height=\"87\" \/><\/p>\n<p><img fetchpriority=\"high\" decoding=\"async\" class=\"alignnone size-full wp-image-1434\" src=\"https:\/\/harristweed-shop.be\/wp-content\/uploads\/2020\/04\/lavendi-maattabel.png\" alt=\"\" width=\"631\" height=\"408\" srcset=\"https:\/\/harristweed-shop.be\/wp-content\/uploads\/2020\/04\/lavendi-maattabel.png 631w, https:\/\/harristweed-shop.be\/wp-content\/uploads\/2020\/04\/lavendi-maattabel-262x169.png 262w, https:\/\/harristweed-shop.be\/wp-content\/uploads\/2020\/04\/lavendi-maattabel-555x359.png 555w, https:\/\/harristweed-shop.be\/wp-content\/uploads\/2020\/04\/lavendi-maattabel-300x194.png 300w\" sizes=\"(max-width: 631px) 100vw, 631px\" \/><\/p>","protected":false},"excerpt":{"rendered":"<p>Ce twill business ultra-fin offre une coupe parfaite. Son tissu doux est facile \u00e0 repasser et infroissable. Il s&#039;accorde parfaitement avec un costume \u00e0 col italien et \u00e0 la finition \u00e9l\u00e9gante. Ses d\u00e9tails uniques conf\u00e8rent \u00e0 cette chemise business une touche distinctive.<\/p>\n<table class=\"woocommerce-product-attributes shop_attributes\">\n<tbody>\n<tr class=\"woocommerce-product-attributes-item woocommerce-product-attributes-item--attribute_pa_kleur\">\n<th class=\"woocommerce-product-attributes-item__label\">Couleur<\/th>\n<td class=\"woocommerce-product-attributes-item__value\">Bleu clair<\/td>\n<\/tr>\n<tr class=\"woocommerce-product-attributes-item woocommerce-product-attributes-item--attribute_pa_kraag\">\n<th class=\"woocommerce-product-attributes-item__label\">Collier<\/th>\n<td class=\"woocommerce-product-attributes-item__value\">Couper<\/td>\n<\/tr>\n<tr class=\"woocommerce-product-attributes-item woocommerce-product-attributes-item--attribute_pa_materiaal\">\n<th class=\"woocommerce-product-attributes-item__label\">Mat\u00e9riel<\/th>\n<td class=\"woocommerce-product-attributes-item__value\">Coton \u00e9gyptien 100%<\/td>\n<\/tr>\n<tr class=\"woocommerce-product-attributes-item woocommerce-product-attributes-item--attribute_pa_pasvorm\">\n<th class=\"woocommerce-product-attributes-item__label\">Ajuster<\/th>\n<td class=\"woocommerce-product-attributes-item__value\">Coupe ajust\u00e9e<\/td>\n<\/tr>\n<tr class=\"woocommerce-product-attributes-item woocommerce-product-attributes-item--attribute_pa_weving\">\n<th class=\"woocommerce-product-attributes-item__label\">Tissage<\/th>\n<td class=\"woocommerce-product-attributes-item__value\">Serg\u00e9<\/td>\n<\/tr>\n<\/tbody>\n<\/table>\n<p><img decoding=\"async\" class=\"alignnone size-full wp-image-1433\" src=\"https:\/\/harristweed-shop.be\/wp-content\/uploads\/2020\/04\/Lavendi-logo.png\" alt=\"\" width=\"243\" height=\"87\" \/><\/p>","protected":false},"featured_media":1502,"template":"","meta":[],"product_brand":[],"product_cat":[86],"product_tag":[140,142,141],"class_list":{"0":"post-1500","1":"product","2":"type-product","3":"status-publish","4":"has-post-thumbnail","6":"product_cat-shirts-en-overhemden","7":"product_tag-lavendi","8":"product_tag-lavendi-overhemd","9":"product_tag-laveni-shirt","10":"pa_merk-lavendi","12":"first","13":"outofstock","14":"taxable","15":"shipping-taxable","16":"product-type-variable"},"df_price":"","df_sale_price":"","df_regular_price":"","df_image_link":"https:\/\/harristweed-shop.be\/wp-content\/uploads\/2020\/04\/30-20-lavendi007-e1586512485563-225x300.jpg","_links":{"self":[{"href":"https:\/\/harristweed-shop.be\/fr\/wp-json\/wp\/v2\/product\/1500","targetHints":{"allow":["GET"]}}],"collection":[{"href":"https:\/\/harristweed-shop.be\/fr\/wp-json\/wp\/v2\/product"}],"about":[{"href":"https:\/\/harristweed-shop.be\/fr\/wp-json\/wp\/v2\/types\/product"}],"wp:featuredmedia":[{"embeddable":true,"href":"https:\/\/harristweed-shop.be\/fr\/wp-json\/wp\/v2\/media\/1502"}],"wp:attachment":[{"href":"https:\/\/harristweed-shop.be\/fr\/wp-json\/wp\/v2\/media?parent=1500"}],"wp:term":[{"taxonomy":"product_brand","embeddable":true,"href":"https:\/\/harristweed-shop.be\/fr\/wp-json\/wp\/v2\/product_brand?post=1500"},{"taxonomy":"product_cat","embeddable":true,"href":"https:\/\/harristweed-shop.be\/fr\/wp-json\/wp\/v2\/product_cat?post=1500"},{"taxonomy":"product_tag","embeddable":true,"href":"https:\/\/harristweed-shop.be\/fr\/wp-json\/wp\/v2\/product_tag?post=1500"}],"curies":[{"name":"wp","href":"https:\/\/api.w.org\/{rel}","templated":true}]}}