{"id":14782,"date":"2023-03-14T16:29:05","date_gmt":"2023-03-14T16:29:05","guid":{"rendered":"https:\/\/harristweed-shop.be\/product\/wellington-harris-tweed-dames-vestje-629\/"},"modified":"2026-04-21T12:11:40","modified_gmt":"2026-04-21T12:11:40","slug":"wellington-harris-tweed-dames-vestje-629","status":"publish","type":"product","link":"https:\/\/harristweed-shop.be\/fr\/produit\/gilet-femme-wellington-harris-tweed-629\/","title":{"rendered":"Gilet Lea pour femme en tweed Harris, coloris sable \u00e0 chevrons."},"content":{"rendered":"<p>Gilet femme &quot;Lea&quot; \u2013 Authentique chic britannique en pure laine vierge 100%.<\/p>\n<p> Le cardigan f\u00e9minin \u00ab\u00a0Lea\u00a0\u00bb en Harris Tweed allie avec \u00e9l\u00e9gance tradition et innovation. Cette laine vierge raffin\u00e9e, tiss\u00e9e \u00e0 la main dans les H\u00e9brides ext\u00e9rieures en \u00c9cosse, est bien plus qu&#039;un simple tissu\u00a0: elle repr\u00e9sente plus de 100\u00a0ans de tradition, une qualit\u00e9 in\u00e9gal\u00e9e, une production exceptionnellement durable et une expression de l&#039;histoire culturelle britannique. <\/p>\n<p>Le Harris Tweed est respirant et r\u00e9gule la temp\u00e9rature, ce qui en fait le compagnon id\u00e9al pour toutes les saisons.<br \/>\nDot\u00e9 de coutures princesse, d&#039;un col en V profond, de trois poches passepoil\u00e9es, d&#039;une poche int\u00e9rieure et d&#039;un empi\u00e8cement ext\u00e9rieur en tissu au dos, ce cardigan impressionne \u00e9galement par sa fonctionnalit\u00e9. Quatre \u00e9l\u00e9gants boutons effet corne compl\u00e8tent son design.<br \/>\nPort\u00e9 sur un chemisier ou un pull, le cardigan Lea est polyvalent, ajoute une touche d&#039;\u00e9l\u00e9gance britannique \u00e0 n&#039;importe quelle tenue et est une expression de style et d&#039;individualit\u00e9.<\/p>\n<p>\u2013 Trois poches passepoil\u00e9es \u00e9troites<br \/>\u2013 Une poche int\u00e9rieure<br \/>- Enti\u00e8rement doubl\u00e9<br \/>\u2013 Harris Tweed \u2013 tiss\u00e9 \u00e0 la main en \u00c9cosse<br \/>- L\u00e9g\u00e8rement ajust\u00e9<br \/>\u2013 \u00c9tiquette nominative<br \/>\u2013 Devant et dos enti\u00e8rement en Harris Tweed<\/p>\n<p>Taille du mod\u00e8le : Le mannequin mesure 174 cm et porte la taille 36.<br \/>Coupe : L\u00e9g\u00e8rement ajust\u00e9e<br \/>Taille de l&#039;article : Pour la taille 36, les mesures sont : longueur du dos : 51,5 cm \u2013 demi-largeur de poitrine : 46,6 cm \u2013 demi-largeur de taille : 42,3 cm<\/p>\n<p>Tissu ext\u00e9rieur : laine vierge 100% <br \/>Doublure : 55% polyester, 45% viscose<\/p>","protected":false},"excerpt":{"rendered":"<p>Gilet Harris Tweed pour femme Lea en chevrons sable 629.<\/p>\n<p> Le cardigan f\u00e9minin \u00ab\u00a0Lea\u00a0\u00bb en Harris Tweed allie avec \u00e9l\u00e9gance tradition et innovation. Cette laine vierge raffin\u00e9e, tiss\u00e9e \u00e0 la main dans les H\u00e9brides ext\u00e9rieures en \u00c9cosse, est bien plus qu&#039;un simple tissu\u00a0: elle repr\u00e9sente plus de 100\u00a0ans de tradition, une qualit\u00e9 in\u00e9gal\u00e9e, une production exceptionnellement durable et une expression de l&#039;histoire culturelle britannique.<\/p>","protected":false},"featured_media":14793,"template":"","meta":[],"product_brand":[],"product_cat":[594,593,592,353,1137,1161,15,478,88,511],"product_tag":[],"class_list":{"0":"post-14782","1":"product","2":"type-product","3":"status-publish","4":"has-post-thumbnail","6":"product_cat-damen-westen-und-gilets","7":"product_cat-dames-vestjes","8":"product_cat-harris-tweed-blazer-fur-damen","9":"product_cat-harris-tweed-dames-jasjes","10":"product_cat-harris-tweed-vestjes-en-gilets-dames","11":"product_cat-harris-tweed-westen-und-gilets-damen","12":"product_cat-harris-tweed-colberts","13":"product_cat-tweed-sakkos","14":"product_cat-vestjes-en-gilets","15":"product_cat-westen-und-gilets","16":"pa_merk-wellington","18":"first","19":"instock","20":"taxable","21":"shipping-taxable","22":"purchasable","23":"product-type-variable"},"df_price":179.95,"df_sale_price":"","df_regular_price":179.95,"df_image_link":"https:\/\/harristweed-shop.be\/wp-content\/uploads\/2023\/03\/2c21b0623c8978a7d2fd585a37a97756_Wellington_Harris_Tweed_Dames_Vestje_629-225x300.jpg","_links":{"self":[{"href":"https:\/\/harristweed-shop.be\/fr\/wp-json\/wp\/v2\/product\/14782","targetHints":{"allow":["GET"]}}],"collection":[{"href":"https:\/\/harristweed-shop.be\/fr\/wp-json\/wp\/v2\/product"}],"about":[{"href":"https:\/\/harristweed-shop.be\/fr\/wp-json\/wp\/v2\/types\/product"}],"wp:featuredmedia":[{"embeddable":true,"href":"https:\/\/harristweed-shop.be\/fr\/wp-json\/wp\/v2\/media\/14793"}],"wp:attachment":[{"href":"https:\/\/harristweed-shop.be\/fr\/wp-json\/wp\/v2\/media?parent=14782"}],"wp:term":[{"taxonomy":"product_brand","embeddable":true,"href":"https:\/\/harristweed-shop.be\/fr\/wp-json\/wp\/v2\/product_brand?post=14782"},{"taxonomy":"product_cat","embeddable":true,"href":"https:\/\/harristweed-shop.be\/fr\/wp-json\/wp\/v2\/product_cat?post=14782"},{"taxonomy":"product_tag","embeddable":true,"href":"https:\/\/harristweed-shop.be\/fr\/wp-json\/wp\/v2\/product_tag?post=14782"}],"curies":[{"name":"wp","href":"https:\/\/api.w.org\/{rel}","templated":true}]}}