{"id":1463,"date":"2020-04-10T08:12:28","date_gmt":"2020-04-10T08:12:28","guid":{"rendered":"https:\/\/harristweed-shop.be\/?post_type=product&#038;p=1463"},"modified":"2023-10-27T11:25:53","modified_gmt":"2023-10-27T11:25:53","slug":"luigi-indigo-denim-overhemd-cutaway","status":"publish","type":"product","link":"https:\/\/harristweed-shop.be\/fr\/produit\/chemise-en-denim-indigo-luigi-a-decoupes\/","title":{"rendered":"Chemise en jean indigo Luigi \u2013 Coupe d\u00e9coup\u00e9e"},"content":{"rendered":"<p>Belle chemise de Lavendi. Denim.<\/p>\n<p>La Luigi Indigo est une chemise sportive, parfaite pour les tenues professionnelles comme d\u00e9contract\u00e9es. Lavendi revisite la chemise en jean classique. Confectionn\u00e9e en denim italien de la plus haute qualit\u00e9, elle est rehauss\u00e9e d&#039;un col italien.<\/p>\n<p>Le tissu doux est en coton 100% et provient de la filature italienne Albini. Ce qui rend cette chemise unique, c&#039;est qu&#039;elle prend un aspect plus robuste apr\u00e8s plusieurs lavages.<\/p>\n<p><img decoding=\"async\" class=\"alignnone size-full wp-image-1433\" src=\"https:\/\/harristweed-shop.be\/wp-content\/uploads\/2020\/04\/Lavendi-logo.png\" alt=\"\" width=\"243\" height=\"87\" \/><\/p>\n<p><img fetchpriority=\"high\" decoding=\"async\" class=\"alignnone size-full wp-image-1434\" src=\"https:\/\/harristweed-shop.be\/wp-content\/uploads\/2020\/04\/lavendi-maattabel.png\" alt=\"\" width=\"631\" height=\"408\" srcset=\"https:\/\/harristweed-shop.be\/wp-content\/uploads\/2020\/04\/lavendi-maattabel.png 631w, https:\/\/harristweed-shop.be\/wp-content\/uploads\/2020\/04\/lavendi-maattabel-262x169.png 262w, https:\/\/harristweed-shop.be\/wp-content\/uploads\/2020\/04\/lavendi-maattabel-555x359.png 555w, https:\/\/harristweed-shop.be\/wp-content\/uploads\/2020\/04\/lavendi-maattabel-300x194.png 300w\" sizes=\"(max-width: 631px) 100vw, 631px\" \/><\/p>","protected":false},"excerpt":{"rendered":"<p>La Luigi Indigo est une chemise sportive, parfaite pour les tenues professionnelles comme d\u00e9contract\u00e9es. Lavendi revisite la chemise en jean classique. Confectionn\u00e9e en denim italien de la plus haute qualit\u00e9, elle est rehauss\u00e9e d&#039;un col italien.<\/p>\n<p>Le tissu doux est en coton 100% et provient de la filature italienne Albini. Ce qui rend cette chemise unique, c&#039;est qu&#039;elle prend un aspect plus robuste apr\u00e8s plusieurs lavages.<\/p>\n<table class=\"woocommerce-product-attributes shop_attributes\">\n<tbody>\n<tr class=\"woocommerce-product-attributes-item woocommerce-product-attributes-item--attribute_pa_kleur\">\n<th class=\"woocommerce-product-attributes-item__label\">Couleur<\/th>\n<td class=\"woocommerce-product-attributes-item__value\">Indigo<\/td>\n<\/tr>\n<tr class=\"woocommerce-product-attributes-item woocommerce-product-attributes-item--attribute_pa_kraag\">\n<th class=\"woocommerce-product-attributes-item__label\">Collier<\/th>\n<td class=\"woocommerce-product-attributes-item__value\">Couper<\/td>\n<\/tr>\n<tr class=\"woocommerce-product-attributes-item woocommerce-product-attributes-item--attribute_pa_materiaal\">\n<th class=\"woocommerce-product-attributes-item__label\">Mat\u00e9riel<\/th>\n<td class=\"woocommerce-product-attributes-item__value\">Coton \u00e9gyptien 100%<\/td>\n<\/tr>\n<tr class=\"woocommerce-product-attributes-item woocommerce-product-attributes-item--attribute_pa_pasvorm\">\n<th class=\"woocommerce-product-attributes-item__label\">Ajuster<\/th>\n<td class=\"woocommerce-product-attributes-item__value\">Coupe ajust\u00e9e<\/td>\n<\/tr>\n<tr class=\"woocommerce-product-attributes-item woocommerce-product-attributes-item--attribute_pa_weving\">\n<th class=\"woocommerce-product-attributes-item__label\">Tissage<\/th>\n<td class=\"woocommerce-product-attributes-item__value\">Denim<\/td>\n<\/tr>\n<\/tbody>\n<\/table>\n<p><img decoding=\"async\" class=\"alignnone size-full wp-image-1433\" src=\"https:\/\/harristweed-shop.be\/wp-content\/uploads\/2020\/04\/Lavendi-logo.png\" alt=\"\" width=\"243\" height=\"87\" \/><\/p>","protected":false},"featured_media":1466,"template":"","meta":[],"product_brand":[],"product_cat":[86],"product_tag":[146,150,147,140,142,141,148,149],"class_list":{"0":"post-1463","1":"product","2":"type-product","3":"status-publish","4":"has-post-thumbnail","6":"product_cat-shirts-en-overhemden","7":"product_tag-denim-shirt","8":"product_tag-jeans-overhemd","9":"product_tag-jeans-shirt","10":"product_tag-lavendi","11":"product_tag-lavendi-overhemd","12":"product_tag-laveni-shirt","13":"product_tag-spijker-overhemd","14":"product_tag-spijker-shirt","15":"pa_merk-lavendi","17":"first","18":"outofstock","19":"taxable","20":"shipping-taxable","21":"product-type-variable"},"df_price":"","df_sale_price":"","df_regular_price":"","df_image_link":"https:\/\/harristweed-shop.be\/wp-content\/uploads\/2020\/04\/30-20-lavendi015-e1586506507747-225x300.jpg","_links":{"self":[{"href":"https:\/\/harristweed-shop.be\/fr\/wp-json\/wp\/v2\/product\/1463","targetHints":{"allow":["GET"]}}],"collection":[{"href":"https:\/\/harristweed-shop.be\/fr\/wp-json\/wp\/v2\/product"}],"about":[{"href":"https:\/\/harristweed-shop.be\/fr\/wp-json\/wp\/v2\/types\/product"}],"wp:featuredmedia":[{"embeddable":true,"href":"https:\/\/harristweed-shop.be\/fr\/wp-json\/wp\/v2\/media\/1466"}],"wp:attachment":[{"href":"https:\/\/harristweed-shop.be\/fr\/wp-json\/wp\/v2\/media?parent=1463"}],"wp:term":[{"taxonomy":"product_brand","embeddable":true,"href":"https:\/\/harristweed-shop.be\/fr\/wp-json\/wp\/v2\/product_brand?post=1463"},{"taxonomy":"product_cat","embeddable":true,"href":"https:\/\/harristweed-shop.be\/fr\/wp-json\/wp\/v2\/product_cat?post=1463"},{"taxonomy":"product_tag","embeddable":true,"href":"https:\/\/harristweed-shop.be\/fr\/wp-json\/wp\/v2\/product_tag?post=1463"}],"curies":[{"name":"wp","href":"https:\/\/api.w.org\/{rel}","templated":true}]}}