{"id":14350,"date":"2023-03-14T15:36:37","date_gmt":"2023-03-14T15:36:37","guid":{"rendered":"https:\/\/harristweed-shop.be\/product\/harris-tweed-pippa-waistcoat\/"},"modified":"2026-04-21T11:22:08","modified_gmt":"2026-04-21T11:22:08","slug":"harris-tweed-pippa-waistcoat","status":"publish","type":"product","link":"https:\/\/harristweed-shop.be\/fr\/produit\/gilet-pippa-en-tweed-harris-2\/","title":{"rendered":"Gilet Pippa en Harris Tweed \u2013 Carreaux verts et bleus"},"content":{"rendered":"<p>Nos cardigans pour femmes se marient \u00e0 merveille avec d&#039;autres v\u00eatements. Version f\u00e9minine d&#039;un classique masculin, ils se portent aussi bien chics que d\u00e9contract\u00e9s. Leur polyvalence est essentielle. Optez pour le cardigan Pippa en Harris Tweed pour une coupe plus ajust\u00e9e. Son tissu raffin\u00e9 est rehauss\u00e9 \u00e0 l&#039;int\u00e9rieur par une \u00e9l\u00e9gante doublure \u00e0 motif cachemire.<\/p>\n<p>\u2013 Cardigan en tweed Harris \u00e0 carreaux verts et bleus<br \/>\u2013 Tiss\u00e9 \u00e0 la main en pure laine 100%<br \/>\u2013 Revers pointu<br \/>\u2013 Poches passepoil\u00e9es<br \/>\u2013 Doublure \u00e0 motifs cachemire marron<br \/>\u2013 Coupe moderne<\/p>","protected":false},"excerpt":{"rendered":"<p>Gilet Pippa en tweed Harris \u2013 Carreaux verts\/bleus.<\/p>\n<p>\u2013 Harris Tweed \u2013 Laine 100%<br \/>\n\u2013 Doublure \u2013 ac\u00e9tate 50%\/viscose 50%<br \/>\n\u2013 Le v\u00eatement est muni d&#039;une \u00e9tiquette confirmant l&#039;authenticit\u00e9 du tissu comme \u00e9tant du v\u00e9ritable Harris Tweed<br \/>\nNettoyage \u00e0 sec uniquement<\/p>","protected":false},"featured_media":14678,"template":"","meta":[],"product_brand":[],"product_cat":[594,593,592,353,1137,1161,15,478,88,511],"product_tag":[],"class_list":{"0":"post-14350","1":"product","2":"type-product","3":"status-publish","4":"has-post-thumbnail","6":"product_cat-damen-westen-und-gilets","7":"product_cat-dames-vestjes","8":"product_cat-harris-tweed-blazer-fur-damen","9":"product_cat-harris-tweed-dames-jasjes","10":"product_cat-harris-tweed-vestjes-en-gilets-dames","11":"product_cat-harris-tweed-westen-und-gilets-damen","12":"product_cat-harris-tweed-colberts","13":"product_cat-tweed-sakkos","14":"product_cat-vestjes-en-gilets","15":"product_cat-westen-und-gilets","16":"pa_merk-harristweed","18":"first","19":"instock","20":"taxable","21":"shipping-taxable","22":"purchasable","23":"product-type-variable"},"df_price":239.95,"df_sale_price":"","df_regular_price":239.95,"df_image_link":"https:\/\/harristweed-shop.be\/wp-content\/uploads\/2023\/03\/e5522ac9cbe1a2617f7ced7b26e8857a_Harris_Tweed_Pippa_Waistcoat_3-225x300.jpg","_links":{"self":[{"href":"https:\/\/harristweed-shop.be\/fr\/wp-json\/wp\/v2\/product\/14350","targetHints":{"allow":["GET"]}}],"collection":[{"href":"https:\/\/harristweed-shop.be\/fr\/wp-json\/wp\/v2\/product"}],"about":[{"href":"https:\/\/harristweed-shop.be\/fr\/wp-json\/wp\/v2\/types\/product"}],"wp:featuredmedia":[{"embeddable":true,"href":"https:\/\/harristweed-shop.be\/fr\/wp-json\/wp\/v2\/media\/14678"}],"wp:attachment":[{"href":"https:\/\/harristweed-shop.be\/fr\/wp-json\/wp\/v2\/media?parent=14350"}],"wp:term":[{"taxonomy":"product_brand","embeddable":true,"href":"https:\/\/harristweed-shop.be\/fr\/wp-json\/wp\/v2\/product_brand?post=14350"},{"taxonomy":"product_cat","embeddable":true,"href":"https:\/\/harristweed-shop.be\/fr\/wp-json\/wp\/v2\/product_cat?post=14350"},{"taxonomy":"product_tag","embeddable":true,"href":"https:\/\/harristweed-shop.be\/fr\/wp-json\/wp\/v2\/product_tag?post=14350"}],"curies":[{"name":"wp","href":"https:\/\/api.w.org\/{rel}","templated":true}]}}