{"id":13291,"date":"2023-03-14T12:27:12","date_gmt":"2023-03-14T12:27:12","guid":{"rendered":"https:\/\/harristweed-shop.be\/product\/harvard-1636-rugby-shirt\/"},"modified":"2026-05-05T06:10:31","modified_gmt":"2026-05-05T06:10:31","slug":"harvard-1636-rugby-shirt","status":"publish","type":"product","link":"https:\/\/harristweed-shop.be\/fr\/produit\/maillot-de-rugby-harvard-1636\/","title":{"rendered":"Maillot de rugby Harvard 1636"},"content":{"rendered":"<p>Coton flamm\u00e9 100% tr\u00e8s r\u00e9sistant<\/p>\n<p>380 g\/m\u00b2<\/p>\n<p>Logo vintage brod\u00e9 de Dartmouth avec leur date de fondation<\/p>\n<p>D\u00e9tail brod\u00e9 1871 \u00e0 l&#039;arri\u00e8re du cou<\/p>\n<p>Ourlets renforc\u00e9s<\/p>\n<p>Plaque \u00e0 deux boutons en caoutchouc<\/p>\n<p>Lavable en machine<\/p>\n<p>Fabriqu\u00e9 au Portugal<\/p>","protected":false},"excerpt":{"rendered":"<p>Le maillot de rugby h\u00e9ritage Harvard 1636 est fabriqu\u00e9 avec un coton flamm\u00e9 r\u00e9tro \u00e9pais qui donne au maillot une finition r\u00e9sistante mais douce et confortable.<\/p>\n<p>Cette chemise vintage \u00ab old school \u00bb combine des teintures de couleurs vintage avec un lavage vieilli pour produire un aspect et une sensation joliment us\u00e9s.<\/p>","protected":false},"featured_media":13299,"template":"","meta":[],"product_brand":[],"product_cat":[395,969,394,955],"product_tag":[],"class_list":{"0":"post-13291","1":"product","2":"type-product","3":"status-publish","4":"has-post-thumbnail","6":"product_cat-black-and-blue-1871","7":"product_cat-harvard-shop-by-country-club","8":"product_cat-rugby-shirts-2","9":"product_cat-shop-by-country-club","10":"pa_merk-blackandblue1871","12":"first","13":"instock","14":"taxable","15":"shipping-taxable","16":"purchasable","17":"product-type-variable"},"df_price":135.95,"df_sale_price":"","df_regular_price":135.95,"df_image_link":"https:\/\/harristweed-shop.be\/wp-content\/uploads\/2023\/03\/370deb949e4d0ee454999f99f439e947_Harvard_1636_Rugby_Shirt_4-300x300.jpg","_links":{"self":[{"href":"https:\/\/harristweed-shop.be\/fr\/wp-json\/wp\/v2\/product\/13291","targetHints":{"allow":["GET"]}}],"collection":[{"href":"https:\/\/harristweed-shop.be\/fr\/wp-json\/wp\/v2\/product"}],"about":[{"href":"https:\/\/harristweed-shop.be\/fr\/wp-json\/wp\/v2\/types\/product"}],"wp:featuredmedia":[{"embeddable":true,"href":"https:\/\/harristweed-shop.be\/fr\/wp-json\/wp\/v2\/media\/13299"}],"wp:attachment":[{"href":"https:\/\/harristweed-shop.be\/fr\/wp-json\/wp\/v2\/media?parent=13291"}],"wp:term":[{"taxonomy":"product_brand","embeddable":true,"href":"https:\/\/harristweed-shop.be\/fr\/wp-json\/wp\/v2\/product_brand?post=13291"},{"taxonomy":"product_cat","embeddable":true,"href":"https:\/\/harristweed-shop.be\/fr\/wp-json\/wp\/v2\/product_cat?post=13291"},{"taxonomy":"product_tag","embeddable":true,"href":"https:\/\/harristweed-shop.be\/fr\/wp-json\/wp\/v2\/product_tag?post=13291"}],"curies":[{"name":"wp","href":"https:\/\/api.w.org\/{rel}","templated":true}]}}