{"id":132464,"date":"2023-08-07T15:56:59","date_gmt":"2023-08-07T15:56:59","guid":{"rendered":"https:\/\/harristweed-shop.be\/product\/wellington-damesjas-wol-cashmere-marine\/"},"modified":"2026-03-30T08:03:31","modified_gmt":"2026-03-30T08:03:31","slug":"wellington-damesjas-wol-cashmere-marine","status":"publish","type":"product","link":"https:\/\/harristweed-shop.be\/fr\/produit\/manteau-femme-wellington-laine-cachemire-bleu-marine\/","title":{"rendered":"Manteau Kathy pour femme, en laine m\u00e9lang\u00e9e bleu marine"},"content":{"rendered":"<p>Le caban crois\u00e9 \u201c\u00a0Kathy\u00a0\u201d, une interpr\u00e9tation moderne du caban classique, est confectionn\u00e9 dans un luxueux m\u00e9lange de laine et offre un confort exceptionnel. Autrefois v\u00eatement de travail chaud des dockers, il est aujourd&#039;hui un classique intemporel de la mode f\u00e9minine. Ce caban l\u00e9g\u00e8rement cintr\u00e9 est dot\u00e9 d&#039;un large col ch\u00e2le qui prot\u00e8ge du vent et \u00e9gaye m\u00eame les journ\u00e9es d&#039;hiver les plus sombres. <\/p>\n<p>La patte de boutonnage crois\u00e9e embl\u00e9matique, orn\u00e9e de boutons en corne v\u00e9ritable personnalis\u00e9s, et les poches passepoil\u00e9es lat\u00e9rales conf\u00e8rent \u00e0 ce v\u00eatement polyvalent son allure authentique. Ce mod\u00e8le contemporain attire tous les regards et se pr\u00eate parfaitement \u00e0 une tenue d\u00e9contract\u00e9e et \u00e9l\u00e9gante.<\/p>\n<p>\u2013 Une poche int\u00e9rieure zipp\u00e9e<br \/>- Enti\u00e8rement doubl\u00e9<br \/>\u2013 Col ch\u00e2le montant<br \/>- L\u00e9g\u00e8rement ajust\u00e9<br \/>\u2013 \u00c9tiquette nominative<br \/>\u2013 Boutons personnalis\u00e9s en corne v\u00e9ritable<br \/>\u2013 Poches passepoil\u00e9es obliques<\/p>\n<p>Mensurations du mannequin\u00a0: Le mannequin mesure 174\u00a0cm et porte une taille 38<br \/>Coupe : l\u00e9g\u00e8rement ajust\u00e9e<br \/>Mesures du v\u00eatement\u00a0: Taille 38\u00a0: demi-tour de poitrine\u00a0: 51,5\u00a0cm \u2013 demi-tour de taille\u00a0: 46,5\u00a0cm \u2013 longueur des manches (depuis l\u2019ourlet)\u00a0: 64\u00a0cm \u2013 longueur dos\u00a0: 71,5\u00a0cm<\/p>\n<p>Tissu ext\u00e9rieur\u00a0: laine 80%, polyamide 20%<br \/>Doublure : 55% polyester, 45% viscose<br \/>Doublure des manches : 55% polyester, 45% viscose<\/p>","protected":false},"excerpt":{"rendered":"<p>Manteau Kathy pour femme, en m\u00e9lange de laine bleu marine.<\/p>\n<p>R\u00e9interpr\u00e9tation moderne du caban classique, le caban crois\u00e9 pour femme \u201c Kathy \u201d est confectionn\u00e9 dans un luxueux m\u00e9lange de laine et offre un confort exceptionnel.<\/p>","protected":false},"featured_media":132515,"template":"","meta":[],"product_brand":[],"product_cat":[481,87,482,483],"product_tag":[],"class_list":{"0":"post-132464","1":"product","2":"type-product","3":"status-publish","4":"has-post-thumbnail","6":"product_cat-dames-jassen-en-jacks","7":"product_cat-jassen-en-jacks","8":"product_cat-mantel-und-jacken","9":"product_cat-mantel-und-jacken-fur-damen","10":"pa_merk-wellington","12":"first","13":"instock","14":"taxable","15":"shipping-taxable","16":"purchasable","17":"product-type-variable"},"df_price":299.95,"df_sale_price":"","df_regular_price":299.95,"df_image_link":"https:\/\/harristweed-shop.be\/wp-content\/uploads\/2023\/08\/eeb46f4db5786f50dec2bc022501de80_Wellington__Damesjas_Wol_Cashmere_Marine-225x300.jpg","_links":{"self":[{"href":"https:\/\/harristweed-shop.be\/fr\/wp-json\/wp\/v2\/product\/132464","targetHints":{"allow":["GET"]}}],"collection":[{"href":"https:\/\/harristweed-shop.be\/fr\/wp-json\/wp\/v2\/product"}],"about":[{"href":"https:\/\/harristweed-shop.be\/fr\/wp-json\/wp\/v2\/types\/product"}],"wp:featuredmedia":[{"embeddable":true,"href":"https:\/\/harristweed-shop.be\/fr\/wp-json\/wp\/v2\/media\/132515"}],"wp:attachment":[{"href":"https:\/\/harristweed-shop.be\/fr\/wp-json\/wp\/v2\/media?parent=132464"}],"wp:term":[{"taxonomy":"product_brand","embeddable":true,"href":"https:\/\/harristweed-shop.be\/fr\/wp-json\/wp\/v2\/product_brand?post=132464"},{"taxonomy":"product_cat","embeddable":true,"href":"https:\/\/harristweed-shop.be\/fr\/wp-json\/wp\/v2\/product_cat?post=132464"},{"taxonomy":"product_tag","embeddable":true,"href":"https:\/\/harristweed-shop.be\/fr\/wp-json\/wp\/v2\/product_tag?post=132464"}],"curies":[{"name":"wp","href":"https:\/\/api.w.org\/{rel}","templated":true}]}}