{"id":12812,"date":"2023-03-13T16:06:03","date_gmt":"2023-03-13T16:06:03","guid":{"rendered":"https:\/\/harristweed-shop.be\/product\/katoenen-polo-lange-mouw-blauw\/"},"modified":"2026-04-23T13:35:28","modified_gmt":"2026-04-23T13:35:28","slug":"katoenen-polo-lange-mouw-blauw","status":"publish","type":"product","link":"https:\/\/harristweed-shop.be\/fr\/produit\/polo-en-coton-a-manches-longues-bleu\/","title":{"rendered":"Polo en coton Kings Road \u2013 Manches longues bleues"},"content":{"rendered":"<p data-start=\"0\" data-end=\"54\"><strong data-start=\"0\" data-end=\"54\">Polo en coton Kings Road \u2013 Manches longues bleues<\/strong><\/p>\n<p data-start=\"56\" data-end=\"326\">Le polo en coton \u00e0 manches longues de Kings Road est un classique intemporel qui allie avec brio style et confort. Ce pull pour homme en maille fine est confectionn\u00e9 en coton de haute qualit\u00e9, garantissant douceur, respirabilit\u00e9 et durabilit\u00e9.<\/p>\n<p data-start=\"328\" data-end=\"579\">Gr\u00e2ce \u00e0 sa maille souple tricot\u00e9e en diagonale, le tissu est l\u00e9ger et agr\u00e9able au toucher, tandis que sa finition grand teint garantit la beaut\u00e9 du pull pour longtemps. Sa coupe moderne est ajust\u00e9e sans entraver la libert\u00e9 de mouvement.<\/p>\n<p data-start=\"581\" data-end=\"821\">Ce polo polyvalent se porte facilement\u00a0: d\u00e9contract\u00e9 avec un t-shirt et un jean, ou plus habill\u00e9 avec une chemise et un chino. Un indispensable de la garde-robe masculine moderne.<\/p>\n<p data-start=\"823\" data-end=\"837\"><strong data-start=\"823\" data-end=\"837\">Caract\u00e9ristiques:<\/strong><\/p>\n<ul data-start=\"838\" data-end=\"1039\">\n<li data-section-id=\"j0hyiy\" data-start=\"838\" data-end=\"893\">Fabriqu\u00e9 en coton fin et respirant<\/li>\n<li data-section-id=\"19p203k\" data-start=\"894\" data-end=\"934\">une exp\u00e9rience de port douce et confortable<\/li>\n<li data-section-id=\"pnzaty\" data-start=\"935\" data-end=\"954\">Coupe moderne<\/li>\n<li data-section-id=\"11ntkx9\" data-start=\"955\" data-end=\"988\">Tricot r\u00e9sistant aux couleurs et durable<\/li>\n<li data-section-id=\"1k5vejw\" data-start=\"989\" data-end=\"1039\">Polyvalent, il se combine \u00e0 merveille pour toutes les occasions.<\/li>\n<\/ul>\n<p data-start=\"1041\" data-end=\"1127\" data-is-last-node=\"\" data-is-only-node=\"\">Un indispensable \u00e9l\u00e9gant que vous aimeriez id\u00e9alement avoir dans votre garde-robe, d\u00e9clin\u00e9 en plusieurs couleurs.<\/p>","protected":false},"excerpt":{"rendered":"<p>Pull polo en coton Kings Road \u2013 Manches longues bleues.<\/p>\n<p>Le polo en coton \u00e0 manches longues de Kings Road est un classique intemporel qui allie avec brio style et confort. Ce pull pour homme en maille fine est confectionn\u00e9 en coton de haute qualit\u00e9, garantissant douceur, respirabilit\u00e9 et durabilit\u00e9.<\/p>","protected":false},"featured_media":12821,"template":"","meta":[],"product_brand":[],"product_cat":[491,84],"product_tag":[],"class_list":{"0":"post-12812","1":"product","2":"type-product","3":"status-publish","4":"has-post-thumbnail","6":"product_cat-katoenen-truien","7":"product_cat-truien-en-pullovers","8":"pa_merk-kings-road","10":"first","11":"instock","12":"taxable","13":"shipping-taxable","14":"purchasable","15":"product-type-variable"},"df_price":79.95,"df_sale_price":"","df_regular_price":79.95,"df_image_link":"https:\/\/harristweed-shop.be\/wp-content\/uploads\/2023\/03\/cdbc3d3c4bd12a40196d3dc05499598e_Katoenen_Polo_Lange_mouw_Blauw-225x300.jpg","_links":{"self":[{"href":"https:\/\/harristweed-shop.be\/fr\/wp-json\/wp\/v2\/product\/12812","targetHints":{"allow":["GET"]}}],"collection":[{"href":"https:\/\/harristweed-shop.be\/fr\/wp-json\/wp\/v2\/product"}],"about":[{"href":"https:\/\/harristweed-shop.be\/fr\/wp-json\/wp\/v2\/types\/product"}],"wp:featuredmedia":[{"embeddable":true,"href":"https:\/\/harristweed-shop.be\/fr\/wp-json\/wp\/v2\/media\/12821"}],"wp:attachment":[{"href":"https:\/\/harristweed-shop.be\/fr\/wp-json\/wp\/v2\/media?parent=12812"}],"wp:term":[{"taxonomy":"product_brand","embeddable":true,"href":"https:\/\/harristweed-shop.be\/fr\/wp-json\/wp\/v2\/product_brand?post=12812"},{"taxonomy":"product_cat","embeddable":true,"href":"https:\/\/harristweed-shop.be\/fr\/wp-json\/wp\/v2\/product_cat?post=12812"},{"taxonomy":"product_tag","embeddable":true,"href":"https:\/\/harristweed-shop.be\/fr\/wp-json\/wp\/v2\/product_tag?post=12812"}],"curies":[{"name":"wp","href":"https:\/\/api.w.org\/{rel}","templated":true}]}}