{"id":1249,"date":"2020-04-08T11:27:05","date_gmt":"2020-04-08T11:27:05","guid":{"rendered":"https:\/\/harristweed-shop.be\/?post_type=product&#038;p=1249"},"modified":"2023-10-27T11:34:20","modified_gmt":"2023-10-27T11:34:20","slug":"rode-sok-katoen-carlo-lanza","status":"publish","type":"product","link":"https:\/\/harristweed-shop.be\/fr\/produit\/chaussette-en-coton-rouge-carlo-lanza\/","title":{"rendered":"Chaussette rouge en coton | Carlo Lanza"},"content":{"rendered":"<p><img decoding=\"async\" class=\"alignnone size-full wp-image-1245\" src=\"https:\/\/harristweed-shop.be\/wp-content\/uploads\/2020\/04\/Schermafbeelding-2020-04-08-om-13.12.23.png\" alt=\"\" width=\"305\" height=\"89\" srcset=\"https:\/\/harristweed-shop.be\/wp-content\/uploads\/2020\/04\/Schermafbeelding-2020-04-08-om-13.12.23.png 305w, https:\/\/harristweed-shop.be\/wp-content\/uploads\/2020\/04\/Schermafbeelding-2020-04-08-om-13.12.23-262x76.png 262w, https:\/\/harristweed-shop.be\/wp-content\/uploads\/2020\/04\/Schermafbeelding-2020-04-08-om-13.12.23-300x88.png 300w\" sizes=\"(max-width: 305px) 100vw, 305px\" \/><\/p>\n<p>Belle chaussette en coton italien faite \u00e0 la main<\/p>\n<p>Ces chaussettes en coton sign\u00e9es Carlo Lanza sont fabriqu\u00e9es par une entreprise familiale italienne. Les tissus sont s\u00e9lectionn\u00e9s avec soin pour leur qualit\u00e9 et leur durabilit\u00e9.<\/p>\n<p>Le coton est connu pour son excellente absorption de l&#039;humidit\u00e9 et ses propri\u00e9t\u00e9s douces pour la peau, ce qui fait de ces chaussettes un incontournable pour chaque homme.<\/p>\n<p>Avant leur production en Italie, ces chaussettes ont \u00e9t\u00e9 test\u00e9es en profondeur par un panel de clients. Elles ont ensuite \u00e9t\u00e9 perfectionn\u00e9es gr\u00e2ce \u00e0 quelques conseils de ce panel. Par exemple, toutes les chaussettes sont l\u00e9g\u00e8rement plus longues au niveau du mollet et contiennent davantage d&#039;\u00e9lasthanne pour \u00e9viter qu&#039;elles ne glissent.<\/p>\n<p>Le fil a ensuite \u00e9t\u00e9 achet\u00e9 aupr\u00e8s d&#039;un important fabricant de fils du nord de l&#039;Italie. Le coton s\u00e9lectionn\u00e9 est du coton \u00e9gyptien, l&#039;un des plus fins au monde. Doux au toucher, il est tr\u00e8s r\u00e9sistant et grand teint. De plus, tous les fils sont teints selon le label de qualit\u00e9 Oeko-Tex\u00ae. Ainsi, aucune substance chimique toxique n&#039;est ajout\u00e9e lors du processus de teinture.<\/p>\n<p>Le fil teint est ensuite achemin\u00e9 vers l&#039;usine en Italie. L\u00e0, les chaussettes sont d&#039;abord tricot\u00e9es sur une machine \u00e0 tricoter, puis la finition est r\u00e9alis\u00e9e \u00e0 la main. Ainsi, vous ne sentirez pas de couture g\u00eanante au niveau des orteils. Chaque d\u00e9tail est important.<\/p>\n<p>Avant que les chaussettes ne quittent l&#039;usine et ne soient exp\u00e9di\u00e9es aux Pays-Bas, elles sont lav\u00e9es et repass\u00e9es. Tout cela pour garantir \u00e0 nos clients un produit de qualit\u00e9 sup\u00e9rieure\u00a0!<\/p>\n<p>&nbsp;<\/p>","protected":false},"excerpt":{"rendered":"<p><img decoding=\"async\" class=\"alignnone size-full wp-image-1245\" src=\"https:\/\/harristweed-shop.be\/wp-content\/uploads\/2020\/04\/Schermafbeelding-2020-04-08-om-13.12.23.png\" alt=\"\" width=\"305\" height=\"89\" srcset=\"https:\/\/harristweed-shop.be\/wp-content\/uploads\/2020\/04\/Schermafbeelding-2020-04-08-om-13.12.23.png 305w, https:\/\/harristweed-shop.be\/wp-content\/uploads\/2020\/04\/Schermafbeelding-2020-04-08-om-13.12.23-262x76.png 262w, https:\/\/harristweed-shop.be\/wp-content\/uploads\/2020\/04\/Schermafbeelding-2020-04-08-om-13.12.23-300x88.png 300w\" sizes=\"(max-width: 305px) 100vw, 305px\" \/><\/p>\n<p>Chaussettes italiennes de luxe<\/p>\n<p>80% coton \u00e9gyptien, 16% polyamide, 4% \u00e9lasthanne<\/p>\n<p>&nbsp;<\/p>\n<p>&nbsp;<\/p>","protected":false},"featured_media":1253,"template":"","meta":[],"product_brand":[],"product_cat":[134],"product_tag":[],"class_list":{"0":"post-1249","1":"product","2":"type-product","3":"status-publish","4":"has-post-thumbnail","6":"product_cat-sokken","7":"pa_merk-carlolanza","9":"first","10":"outofstock","11":"taxable","12":"shipping-taxable","13":"purchasable","14":"product-type-variable"},"df_price":16.95,"df_sale_price":"","df_regular_price":16.95,"df_image_link":"https:\/\/harristweed-shop.be\/wp-content\/uploads\/2020\/04\/100-159-300x300.jpg","_links":{"self":[{"href":"https:\/\/harristweed-shop.be\/fr\/wp-json\/wp\/v2\/product\/1249","targetHints":{"allow":["GET"]}}],"collection":[{"href":"https:\/\/harristweed-shop.be\/fr\/wp-json\/wp\/v2\/product"}],"about":[{"href":"https:\/\/harristweed-shop.be\/fr\/wp-json\/wp\/v2\/types\/product"}],"wp:featuredmedia":[{"embeddable":true,"href":"https:\/\/harristweed-shop.be\/fr\/wp-json\/wp\/v2\/media\/1253"}],"wp:attachment":[{"href":"https:\/\/harristweed-shop.be\/fr\/wp-json\/wp\/v2\/media?parent=1249"}],"wp:term":[{"taxonomy":"product_brand","embeddable":true,"href":"https:\/\/harristweed-shop.be\/fr\/wp-json\/wp\/v2\/product_brand?post=1249"},{"taxonomy":"product_cat","embeddable":true,"href":"https:\/\/harristweed-shop.be\/fr\/wp-json\/wp\/v2\/product_cat?post=1249"},{"taxonomy":"product_tag","embeddable":true,"href":"https:\/\/harristweed-shop.be\/fr\/wp-json\/wp\/v2\/product_tag?post=1249"}],"curies":[{"name":"wp","href":"https:\/\/api.w.org\/{rel}","templated":true}]}}