{"id":122097,"date":"2023-07-07T10:55:45","date_gmt":"2023-07-07T10:55:45","guid":{"rendered":"https:\/\/harristweed-shop.be\/product\/wellington-wax-coat-summer-green-2\/"},"modified":"2026-03-03T15:03:58","modified_gmt":"2026-03-03T15:03:58","slug":"wellington-wax-coat-summer-green-2","status":"publish","type":"product","link":"https:\/\/harristweed-shop.be\/fr\/produit\/manteau-cire-wellington-vert-ete-2\/","title":{"rendered":"Manteau cir\u00e9 d&#039;\u00e9t\u00e9 pour femme Queensberg couleur citronnelle"},"content":{"rendered":"<p>La veste d&#039;\u00e9t\u00e9 cir\u00e9e \u201c Queensberg \u201d, fabriqu\u00e9e en Angleterre, offre une coupe confortable et d\u00e9contract\u00e9e et allie des \u00e9l\u00e9ments de style classiques. Confectionn\u00e9e en coton cir\u00e9 de haute qualit\u00e9 avec une finition vieillie et une patine unique, elle pr\u00e9sente des d\u00e9tails distinctifs tels qu&#039;un col en velours c\u00f4tel\u00e9 doux, une fermeture \u00e9clair robuste en laiton \u00e0 double sens, des poches plaqu\u00e9es et des poches chauffe-mains pratiques. Les impressions m\u00e9talliques personnalis\u00e9es et les finitions en velours c\u00f4tel\u00e9 aux poignets t\u00e9moignent d&#039;un souci du d\u00e9tail et d&#039;une m\u00e9ticulosit\u00e9 remarquables. Cette veste robuste et imperm\u00e9able, devenue culte, est le compagnon id\u00e9al pour les activit\u00e9s de plein air et un accessoire de mode incontournable pour les adeptes du style britannique.<\/p>\n<p>\u2013 Col en velours c\u00f4tel\u00e9<br \/>\u2013 Doublure d&#039;\u00e9t\u00e9 l\u00e9g\u00e8re<br \/>\u2013 Poches lat\u00e9rales<br \/>\u2013 Poignets en velours c\u00f4tel\u00e9<br \/>\u2013 Fermeture \u00e9clair robuste en laiton \u00e0 double curseur<br \/>\u2013 Hydrofuge<br \/>\u2013 Deux poches plaqu\u00e9es<\/p>\n<p>Mensurations du mannequin\u00a0: Le mannequin mesure 176\u00a0cm et porte une taille\u00a036 sur la photo.<br \/>Coupe : Choisissez votre taille habituelle.<br \/>Mesures du v\u00eatement : Pour la taille 36, les mesures sont : buste 51,5 cm, taille 52 cm, longueur de manche depuis l&#039;ourlet 61 cm, longueur dos 74 cm.<\/p>\n<p>Tissu ext\u00e9rieur : lin 100%<br \/>Doublure : polyester 100%<br \/>Doublure des manches : polyester 100%<\/p>","protected":false},"excerpt":{"rendered":"<p>Cire d&#039;\u00e9t\u00e9 pour femme Queensberg couleur citronnelle 339.<\/p>\n<p>La veste d&#039;\u00e9t\u00e9 cir\u00e9e Queensberg, fabriqu\u00e9e en Angleterre, offre une coupe confortable et d\u00e9contract\u00e9e et allie des \u00e9l\u00e9ments de style classiques. Confectionn\u00e9e en coton cir\u00e9 de haute qualit\u00e9 avec une finition antique et une patine unique, cette veste est un incontournable.<\/p>","protected":false},"featured_media":122105,"template":"","meta":[],"product_brand":[],"product_cat":[481,87,482,483,1026],"product_tag":[],"class_list":{"0":"post-122097","1":"product","2":"type-product","3":"status-publish","4":"has-post-thumbnail","6":"product_cat-dames-jassen-en-jacks","7":"product_cat-jassen-en-jacks","8":"product_cat-mantel-und-jacken","9":"product_cat-mantel-und-jacken-fur-damen","10":"product_cat-wax-jackets","11":"pa_merk-wellington","13":"first","14":"instock","15":"taxable","16":"shipping-taxable","17":"purchasable","18":"product-type-variable"},"df_price":239.95,"df_sale_price":"","df_regular_price":239.95,"df_image_link":"https:\/\/harristweed-shop.be\/wp-content\/uploads\/2023\/07\/6c21b79092da53b18b1fc873081d6362_Wellington_Wax_Coat_Summer__Green_2-225x300.jpg","_links":{"self":[{"href":"https:\/\/harristweed-shop.be\/fr\/wp-json\/wp\/v2\/product\/122097","targetHints":{"allow":["GET"]}}],"collection":[{"href":"https:\/\/harristweed-shop.be\/fr\/wp-json\/wp\/v2\/product"}],"about":[{"href":"https:\/\/harristweed-shop.be\/fr\/wp-json\/wp\/v2\/types\/product"}],"wp:featuredmedia":[{"embeddable":true,"href":"https:\/\/harristweed-shop.be\/fr\/wp-json\/wp\/v2\/media\/122105"}],"wp:attachment":[{"href":"https:\/\/harristweed-shop.be\/fr\/wp-json\/wp\/v2\/media?parent=122097"}],"wp:term":[{"taxonomy":"product_brand","embeddable":true,"href":"https:\/\/harristweed-shop.be\/fr\/wp-json\/wp\/v2\/product_brand?post=122097"},{"taxonomy":"product_cat","embeddable":true,"href":"https:\/\/harristweed-shop.be\/fr\/wp-json\/wp\/v2\/product_cat?post=122097"},{"taxonomy":"product_tag","embeddable":true,"href":"https:\/\/harristweed-shop.be\/fr\/wp-json\/wp\/v2\/product_tag?post=122097"}],"curies":[{"name":"wp","href":"https:\/\/api.w.org\/{rel}","templated":true}]}}