{"id":122084,"date":"2023-07-07T10:55:36","date_gmt":"2023-07-07T10:55:36","guid":{"rendered":"https:\/\/harristweed-shop.be\/product\/wellington-wax-coat-summer-green\/"},"modified":"2026-03-17T12:34:00","modified_gmt":"2026-03-17T12:34:00","slug":"wellington-wax-coat-summer-green","status":"publish","type":"product","link":"https:\/\/harristweed-shop.be\/fr\/produit\/wellington-cire-vert-dete\/","title":{"rendered":"Veste cir\u00e9e d&#039;\u00e9t\u00e9 pour homme Wellington \u201d Starberg SO \u201d couleur citronnelle"},"content":{"rendered":"<p>La veste cir\u00e9e Starberg pour homme \u2013 L\u00e9g\u00e8re et \u00e9l\u00e9gante, d&#039;inspiration britannique.<\/p>\n<p>La Starberg est une r\u00e9interpr\u00e9tation estivale de la veste cir\u00e9e britannique classique\u00a0: l\u00e9g\u00e8re et robuste \u00e0 la fois. Elle allie confort et \u00e9l\u00e9gance, rendant un hommage raffin\u00e9 au riche patrimoine outdoor britannique.<br \/>Fabriqu\u00e9 \u00e0 partir de coton cir\u00e9 original, l\u00e9ger et d\u00e9perlant, provenant du tisserand \u00e9cossais traditionnel Halley Stevensons, il offre une protection fiable contre le vent et les averses passag\u00e8res \u2013 que ce soit en for\u00eat, en ville ou le long de la c\u00f4te.<\/p>\n<p>La finition antique distinctive d\u00e9veloppe une patine unique au fil du temps, donnant \u00e0 la veste de la profondeur et un aspect distinctif.<\/p>\n<p>Des d\u00e9tails raffin\u00e9s tels que le col classique en velours c\u00f4tel\u00e9, la fermeture \u00e9clair robuste en laiton \u00e0 double sens, les poches \u00e0 plis g\u00e9n\u00e9reuses, les poches lat\u00e9rales confortables, les ourlets en velours c\u00f4tel\u00e9 des manches et une poche int\u00e9rieure pratique allient savoir-faire traditionnel et fonctionnalit\u00e9 raffin\u00e9e.<\/p>\n<p>La Starberg est bien plus qu&#039;une simple veste\u00a0: c&#039;est un accessoire \u00e9l\u00e9gant pour les hommes de go\u00fbt, de caract\u00e8re et amoureux du patrimoine britannique. Authentique. Intemporelle. Inimitable.<\/p>\n<p>\u2013 Col en velours c\u00f4tel\u00e9<br \/>\u2013 Une poche int\u00e9rieure refermable<br \/>\u2013 Poignets en velours c\u00f4tel\u00e9<br \/>\u2013 Fermeture \u00e9clair robuste en laiton \u00e0 double curseur<br \/>\u2013 Imperm\u00e9able et coupe-vent<br \/>\u2013 Deux poches plaqu\u00e9es \u00e0 plis et boutons-pression<br \/>\u2013 Deux poches pour les mains<\/p>\n<p>Mensurations du mod\u00e8le : Le mannequin mesure 189 cm et porte une taille 50.<br \/>Coupe : Confortable<br \/>Dimensions de l&#039;article : Pour la taille 50 les mesures sont : Longueur du dos : 79 cm \u2013 Longueur des manches \u00e0 partir du ballon : 69 cm \u2013 Demi-taille : 59 cm<\/p>\n<p>Tissu ext\u00e9rieur : coton 100%<br \/>Doublure : polyester 100%<br \/>Doublure des manches : polyester 100%<\/p>","protected":false},"excerpt":{"rendered":"<p>Veste cir\u00e9e d&#039;\u00e9t\u00e9 pour homme Wellington \u201d Starberg SO \u201d en citronnelle 339.<\/p>\n<p>La Starberg est une r\u00e9interpr\u00e9tation estivale de la veste cir\u00e9e britannique classique\u00a0: l\u00e9g\u00e8re et robuste \u00e0 la fois. Elle allie confort et \u00e9l\u00e9gance, rendant un hommage raffin\u00e9 au riche patrimoine outdoor britannique.<\/p>","protected":false},"featured_media":122095,"template":"","meta":[],"product_brand":[],"product_cat":[530,87,482,531,1026],"product_tag":[],"class_list":{"0":"post-122084","1":"product","2":"type-product","3":"status-publish","4":"has-post-thumbnail","6":"product_cat-heren-jassen-en-jacks","7":"product_cat-jassen-en-jacks","8":"product_cat-mantel-und-jacken","9":"product_cat-mantel-und-jacken-fur-herren","10":"product_cat-wax-jackets","11":"pa_merk-wellington","13":"first","14":"outofstock","15":"taxable","16":"shipping-taxable","17":"product-type-variable"},"df_price":"","df_sale_price":"","df_regular_price":"","df_image_link":"https:\/\/harristweed-shop.be\/wp-content\/uploads\/2023\/07\/4c104cdee62659d5e10cfc29ad927a23_Wellington_Wax_Coat_Summer__Green-225x300.jpg","_links":{"self":[{"href":"https:\/\/harristweed-shop.be\/fr\/wp-json\/wp\/v2\/product\/122084","targetHints":{"allow":["GET"]}}],"collection":[{"href":"https:\/\/harristweed-shop.be\/fr\/wp-json\/wp\/v2\/product"}],"about":[{"href":"https:\/\/harristweed-shop.be\/fr\/wp-json\/wp\/v2\/types\/product"}],"wp:featuredmedia":[{"embeddable":true,"href":"https:\/\/harristweed-shop.be\/fr\/wp-json\/wp\/v2\/media\/122095"}],"wp:attachment":[{"href":"https:\/\/harristweed-shop.be\/fr\/wp-json\/wp\/v2\/media?parent=122084"}],"wp:term":[{"taxonomy":"product_brand","embeddable":true,"href":"https:\/\/harristweed-shop.be\/fr\/wp-json\/wp\/v2\/product_brand?post=122084"},{"taxonomy":"product_cat","embeddable":true,"href":"https:\/\/harristweed-shop.be\/fr\/wp-json\/wp\/v2\/product_cat?post=122084"},{"taxonomy":"product_tag","embeddable":true,"href":"https:\/\/harristweed-shop.be\/fr\/wp-json\/wp\/v2\/product_tag?post=122084"}],"curies":[{"name":"wp","href":"https:\/\/api.w.org\/{rel}","templated":true}]}}