{"id":11954,"date":"2023-03-13T11:05:58","date_gmt":"2023-03-13T11:05:58","guid":{"rendered":"https:\/\/harristweed-shop.be\/product\/wales-1881-rugby-shirt-2\/"},"modified":"2026-05-05T06:12:32","modified_gmt":"2026-05-05T06:12:32","slug":"wales-1881-rugby-shirt-2","status":"publish","type":"product","link":"https:\/\/harristweed-shop.be\/fr\/produit\/maillot-de-rugby-pays-de-galles-1881-2\/","title":{"rendered":"Maillot de rugby du Pays de Galles 1881"},"content":{"rendered":"<p>Coton flamm\u00e9 100% tr\u00e8s r\u00e9sistant<\/p>\n<p>380 g\/m\u00b2<\/p>\n<p>Logo de plumes vintage brod\u00e9 avec la date de leur premier match international<\/p>\n<p>D\u00e9tail brod\u00e9 1871 \u00e0 l&#039;arri\u00e8re du cou<\/p>\n<p>Ourlets renforc\u00e9s<\/p>\n<p>Plaque \u00e0 deux boutons en caoutchouc<\/p>\n<p>Lavable en machine<\/p>\n<p>Fabriqu\u00e9 au Portugal<\/p>\n<p>Les origines de la F\u00e9d\u00e9ration galloise de rugby remontent \u00e0 la cr\u00e9ation du South Wales Football Club en septembre 1875. Ce dernier fut remplac\u00e9 en 1878 par la South Wales Football Union, dans le but d&#039;am\u00e9liorer la r\u00e9glementation du sport et de s\u00e9lectionner des repr\u00e9sentants des clubs pour repr\u00e9senter le rugby international. La SWFU \u00e9tait cependant mal organis\u00e9e et, bien qu&#039;elle organis\u00e2t des rencontres entre une \u00e9quipe du Sud du Pays de Galles et divers clubs anglais, elle \u00e9tait souvent victime de conflits de calendrier et \u00e9tait accus\u00e9e de manque d&#039;\u00e9nergie. En 1880, Richard Mullock, secr\u00e9taire du Newport Athletic Club, d\u00e9cida de prendre les choses en main et, sans le soutien de la SWFU, organisa un match international contre l&#039;Angleterre.<\/p>\n<p>Le match eut lieu le 19 f\u00e9vrier 1881 et fut remport\u00e9 par l&#039;Angleterre avec sept buts, un drop et six essais \u00e0 z\u00e9ro. Cette lourde d\u00e9faite pr\u00e9para les r\u00e9formes qui m\u00e8neraient \u00e0 la cr\u00e9ation de la WRU.<\/p>\n<p>Il existe une confusion quant \u00e0 la date officielle de cr\u00e9ation de la F\u00e9d\u00e9ration galloise de rugby. En mars 1880, neuf \u00e9quipes se seraient rencontr\u00e9es \u00e0 l&#039;h\u00f4tel Tenby de Swansea dans le but de cr\u00e9er une nouvelle f\u00e9d\u00e9ration. Il s&#039;agirait des \u00e9quipes suivantes\u00a0: Cardiff RFC, Chepstow RFC, Haverfordwest RFC, Llandaff RFC, Llanelli RFC, Neath RFC, Newport RFC, Pontypridd RFC et Swansea RFC. Le probl\u00e8me avec l&#039;acceptation de cette r\u00e9union est qu&#039;il n&#039;existe aucune preuve \u00e9crite, seulement une r\u00e9p\u00e9tition orale.<\/p>\n<p>Le 12 mars 1881, onze clubs se r\u00e9unirent au Castle Hotel de Neath pour former ce qui allait devenir une f\u00e9d\u00e9ration galloise de rugby. Apr\u00e8s une d\u00e9faite humiliante lors du premier match international de rugby du Pays de Galles, la r\u00e9union de Neath fut organis\u00e9e par Mullock pour former une f\u00e9d\u00e9ration capable d&#039;organiser des matchs internationaux r\u00e9guliers. Les clubs fondateurs de la WFU (Welsh Football Union), comme on l&#039;appelait \u00e0 l&#039;origine, \u00e9taient le Swansea RFC, le Pontypool RFC, le Newport RFC, le Merthyr RFC, le Llanelli RFC, le Bangor RFC, le Brecon RFC, le Cardiff RFC, le Lampeter RFC, le Llandovery RFC et le Llandeilo RFC. Curieusement, le Neath RFC, le plus ancien club de rugby du Pays de Galles, n&#039;est pas pr\u00e9sent, bien que la r\u00e9union ait eu lieu dans la ville de Neath. On ignore s&#039;il s&#039;agissait d&#039;un oubli du comit\u00e9 d&#039;enregistrer la pr\u00e9sence du club, ou si le Neath RFC n&#039;y \u00e9tait pas r\u00e9ellement pr\u00e9sent. Le fait que deux des principaux membres du comit\u00e9 de la SWFU, John Llewellyn et Sam Clark, \u00e9taient des hommes de Neath, et que la cr\u00e9ation de la WFU a dissous leur syndicat, est g\u00e9n\u00e9ralement accept\u00e9 comme la raison de l&#039;absence d&#039;un repr\u00e9sentant de Neath.<\/p>\n<p>La WRU \u00e9tait un membre fondateur de l&#039;International Rugby Football Board, aujourd&#039;hui connu sous le nom de World Rugby, en 1886 avec l&#039;\u00c9cosse et l&#039;Irlande.<\/p>\n<p>Ce n&#039;est qu&#039;en 1934 que le nom de Welsh Rugby Union a \u00e9t\u00e9 adopt\u00e9.<\/p>","protected":false},"excerpt":{"rendered":"<p>Le maillot de rugby vintage Pays de Galles 1881 est confectionn\u00e9 dans un coton flamm\u00e9 \u00e9pais et r\u00e9tro, ce qui lui conf\u00e8re une finition r\u00e9sistante, douce et confortable. Ce maillot \u00ab\u00a0old school\u00a0\u00bb associe des teintes vintage \u00e0 un d\u00e9lavage vieilli pour un aspect et un toucher agr\u00e9ablement us\u00e9s. Ce maillot de rugby vintage du Pays de Galles arbore la broderie classique de plumes et la date du premier match international du Pays de Galles.<\/p>","protected":false},"featured_media":11962,"template":"","meta":[],"product_brand":[],"product_cat":[395,556,397,394,955,396,569,555,961],"product_tag":[],"class_list":{"0":"post-11954","1":"product","2":"type-product","3":"status-publish","4":"has-post-thumbnail","6":"product_cat-black-and-blue-1871","7":"product_cat-international-vintage-rugby-shirts","8":"product_cat-international","9":"product_cat-rugby-shirts-2","10":"product_cat-shop-by-country-club","11":"product_cat-six-nations","12":"product_cat-six-nations-vintage-rugby-shirts","13":"product_cat-vintage-rugby-shirts","14":"product_cat-wales-shop-by-country-club","15":"pa_merk-blackandblue1871","17":"first","18":"instock","19":"taxable","20":"shipping-taxable","21":"purchasable","22":"product-type-variable"},"df_price":135.95,"df_sale_price":"","df_regular_price":135.95,"df_image_link":"https:\/\/harristweed-shop.be\/wp-content\/uploads\/2023\/03\/a54e1753209b018ea96315ffb5cb14d7_Wales_1881_Rugby_Shirt_4-300x300.jpg","_links":{"self":[{"href":"https:\/\/harristweed-shop.be\/fr\/wp-json\/wp\/v2\/product\/11954","targetHints":{"allow":["GET"]}}],"collection":[{"href":"https:\/\/harristweed-shop.be\/fr\/wp-json\/wp\/v2\/product"}],"about":[{"href":"https:\/\/harristweed-shop.be\/fr\/wp-json\/wp\/v2\/types\/product"}],"wp:featuredmedia":[{"embeddable":true,"href":"https:\/\/harristweed-shop.be\/fr\/wp-json\/wp\/v2\/media\/11962"}],"wp:attachment":[{"href":"https:\/\/harristweed-shop.be\/fr\/wp-json\/wp\/v2\/media?parent=11954"}],"wp:term":[{"taxonomy":"product_brand","embeddable":true,"href":"https:\/\/harristweed-shop.be\/fr\/wp-json\/wp\/v2\/product_brand?post=11954"},{"taxonomy":"product_cat","embeddable":true,"href":"https:\/\/harristweed-shop.be\/fr\/wp-json\/wp\/v2\/product_cat?post=11954"},{"taxonomy":"product_tag","embeddable":true,"href":"https:\/\/harristweed-shop.be\/fr\/wp-json\/wp\/v2\/product_tag?post=11954"}],"curies":[{"name":"wp","href":"https:\/\/api.w.org\/{rel}","templated":true}]}}