{"id":11778,"date":"2023-03-13T10:31:31","date_gmt":"2023-03-13T10:31:31","guid":{"rendered":"https:\/\/harristweed-shop.be\/product\/classic-azure-blue-1871-rugby-shirt-denim-collar\/"},"modified":"2026-05-05T06:12:32","modified_gmt":"2026-05-05T06:12:32","slug":"classic-azure-blue-1871-rugby-shirt-denim-collar","status":"publish","type":"product","link":"https:\/\/harristweed-shop.be\/fr\/produit\/chemise-de-rugby-classique-bleu-azur-1871-col-denim\/","title":{"rendered":"Maillot de rugby classique bleu azur 1871 \u2013 Col en jean"},"content":{"rendered":"","protected":false},"excerpt":{"rendered":"<p>Le maillot de rugby vintage classique bleu azur avec col en denim 1871 est fabriqu\u00e9 avec un coton flamm\u00e9 \u00e9pais qui donne au maillot une finition r\u00e9sistante mais douce et confortable.<\/p>\n<p>Cette chemise \u00ab old school \u00bb h\u00e9ritage combine des teintures de couleurs vintage avec un d\u00e9lavage vieilli pour produire un aspect et une sensation joliment us\u00e9s.<\/p>","protected":false},"featured_media":11911,"template":"","meta":[],"product_brand":[],"product_cat":[395,394],"product_tag":[],"class_list":{"0":"post-11778","1":"product","2":"type-product","3":"status-publish","4":"has-post-thumbnail","6":"product_cat-black-and-blue-1871","7":"product_cat-rugby-shirts-2","8":"pa_merk-blackandblue1871","10":"first","11":"instock","12":"taxable","13":"shipping-taxable","14":"purchasable","15":"product-type-variable"},"df_price":135.95,"df_sale_price":"","df_regular_price":135.95,"df_image_link":"https:\/\/harristweed-shop.be\/wp-content\/uploads\/2023\/03\/a33d4b12a10fd2590ad9c7849a37d77b_Classic_Azure_Blue_1871_Rugby_Shirt___Denim_Collar-300x300.jpg","_links":{"self":[{"href":"https:\/\/harristweed-shop.be\/fr\/wp-json\/wp\/v2\/product\/11778","targetHints":{"allow":["GET"]}}],"collection":[{"href":"https:\/\/harristweed-shop.be\/fr\/wp-json\/wp\/v2\/product"}],"about":[{"href":"https:\/\/harristweed-shop.be\/fr\/wp-json\/wp\/v2\/types\/product"}],"wp:featuredmedia":[{"embeddable":true,"href":"https:\/\/harristweed-shop.be\/fr\/wp-json\/wp\/v2\/media\/11911"}],"wp:attachment":[{"href":"https:\/\/harristweed-shop.be\/fr\/wp-json\/wp\/v2\/media?parent=11778"}],"wp:term":[{"taxonomy":"product_brand","embeddable":true,"href":"https:\/\/harristweed-shop.be\/fr\/wp-json\/wp\/v2\/product_brand?post=11778"},{"taxonomy":"product_cat","embeddable":true,"href":"https:\/\/harristweed-shop.be\/fr\/wp-json\/wp\/v2\/product_cat?post=11778"},{"taxonomy":"product_tag","embeddable":true,"href":"https:\/\/harristweed-shop.be\/fr\/wp-json\/wp\/v2\/product_tag?post=11778"}],"curies":[{"name":"wp","href":"https:\/\/api.w.org\/{rel}","templated":true}]}}