{"id":11743,"date":"2023-03-13T10:25:25","date_gmt":"2023-03-13T10:25:25","guid":{"rendered":"https:\/\/harristweed-shop.be\/product\/rugby-shirt-1948-uruguay\/"},"modified":"2026-05-07T11:07:36","modified_gmt":"2026-05-07T11:07:36","slug":"rugby-shirt-1948-uruguay","status":"publish","type":"product","link":"https:\/\/harristweed-shop.be\/fr\/produit\/maillot-de-rugby-1948-uruguay\/","title":{"rendered":"Maillot de rugby 1948 Uruguay"},"content":{"rendered":"<p>Coton flamm\u00e9 100% tr\u00e8s r\u00e9sistant<\/p>\n<p>380 g\/m\u00b2<\/p>\n<p>Logo d&#039;oiseau brod\u00e9 avec la date de leur premier match test international<\/p>\n<p>D\u00e9tail brod\u00e9 1871 \u00e0 l&#039;arri\u00e8re du cou<\/p>\n<p>Ourlets renforc\u00e9s<\/p>\n<p>Plaque \u00e0 deux boutons en caoutchouc<\/p>\n<p>Lavable en machine<\/p>\n<p>Fabriqu\u00e9 au Portugal<\/p>","protected":false},"excerpt":{"rendered":"<p>Le maillot de rugby vintage Uruguay 1948 est confectionn\u00e9 dans un coton flamm\u00e9 \u00e9pais, ce qui lui conf\u00e8re une finition r\u00e9sistante, douce et confortable. Ce maillot \u00ab\u00a0old school\u00a0\u00bb associe des teintes vintage \u00e0 un d\u00e9lavage vieilli pour un aspect et un toucher agr\u00e9ablement us\u00e9s. Le logo oiseau brod\u00e9 et la date du premier match international de l&#039;\u00e9quipe compl\u00e8tent le maillot.<\/p>","protected":false},"featured_media":11751,"template":"","meta":[],"product_brand":[],"product_cat":[395,556,397,394,955,1017,555],"product_tag":[],"class_list":{"0":"post-11743","1":"product","2":"type-product","3":"status-publish","4":"has-post-thumbnail","6":"product_cat-black-and-blue-1871","7":"product_cat-international-vintage-rugby-shirts","8":"product_cat-international","9":"product_cat-rugby-shirts-2","10":"product_cat-shop-by-country-club","11":"product_cat-uruguay-shop-by-country-club","12":"product_cat-vintage-rugby-shirts","13":"pa_merk-blackandblue1871","15":"first","16":"instock","17":"taxable","18":"shipping-taxable","19":"purchasable","20":"product-type-variable"},"df_price":135.95,"df_sale_price":"","df_regular_price":135.95,"df_image_link":"https:\/\/harristweed-shop.be\/wp-content\/uploads\/2023\/03\/23b1fc2756112cc0a2f28809b31fc342_Outdoor_Heritage_Rugby_Shirt_Green_4-300x300.jpg","_links":{"self":[{"href":"https:\/\/harristweed-shop.be\/fr\/wp-json\/wp\/v2\/product\/11743","targetHints":{"allow":["GET"]}}],"collection":[{"href":"https:\/\/harristweed-shop.be\/fr\/wp-json\/wp\/v2\/product"}],"about":[{"href":"https:\/\/harristweed-shop.be\/fr\/wp-json\/wp\/v2\/types\/product"}],"wp:featuredmedia":[{"embeddable":true,"href":"https:\/\/harristweed-shop.be\/fr\/wp-json\/wp\/v2\/media\/11751"}],"wp:attachment":[{"href":"https:\/\/harristweed-shop.be\/fr\/wp-json\/wp\/v2\/media?parent=11743"}],"wp:term":[{"taxonomy":"product_brand","embeddable":true,"href":"https:\/\/harristweed-shop.be\/fr\/wp-json\/wp\/v2\/product_brand?post=11743"},{"taxonomy":"product_cat","embeddable":true,"href":"https:\/\/harristweed-shop.be\/fr\/wp-json\/wp\/v2\/product_cat?post=11743"},{"taxonomy":"product_tag","embeddable":true,"href":"https:\/\/harristweed-shop.be\/fr\/wp-json\/wp\/v2\/product_tag?post=11743"}],"curies":[{"name":"wp","href":"https:\/\/api.w.org\/{rel}","templated":true}]}}