{"id":982,"date":"2020-04-07T06:48:45","date_gmt":"2020-04-07T06:48:45","guid":{"rendered":"https:\/\/harristweed-shop.be\/?page_id=982"},"modified":"2020-08-20T11:29:19","modified_gmt":"2020-08-20T11:29:19","slug":"de-thuisbasis-van-harris-tweed","status":"publish","type":"page","link":"https:\/\/harristweed-shop.be\/fr\/la-maison-du-tweed-harris\/","title":{"rendered":"la maison du tweed Harris"},"content":{"rendered":"<div data-elementor-type=\"wp-page\" data-elementor-id=\"982\" class=\"elementor elementor-982\" data-elementor-post-type=\"page\">\n\t\t\t\t\t\t<section class=\"elementor-section elementor-top-section elementor-element elementor-element-29fe295c elementor-section-content-middle elementor-section-height-min-height elementor-section-boxed elementor-section-height-default elementor-section-items-middle\" data-id=\"29fe295c\" data-element_type=\"section\" data-e-type=\"section\" data-settings=\"{&quot;background_background&quot;:&quot;classic&quot;}\">\n\t\t\t\t\t\t\t<div class=\"elementor-background-overlay\"><\/div>\n\t\t\t\t\t\t\t<div class=\"elementor-container elementor-column-gap-no\">\n\t\t\t\t\t<div class=\"elementor-column elementor-col-100 elementor-top-column elementor-element elementor-element-7a137f73\" data-id=\"7a137f73\" data-element_type=\"column\" data-e-type=\"column\">\n\t\t\t<div class=\"elementor-widget-wrap elementor-element-populated\">\n\t\t\t\t\t\t<div class=\"elementor-element elementor-element-7510ba61 elementor-widget elementor-widget-heading\" data-id=\"7510ba61\" data-element_type=\"widget\" data-e-type=\"widget\" data-widget_type=\"heading.default\">\n\t\t\t\t<div class=\"elementor-widget-container\">\n\t\t\t\t\t<h4 class=\"elementor-heading-title elementor-size-default\">La maison de Harris Tweed<\/h4>\t\t\t\t<\/div>\n\t\t\t\t<\/div>\n\t\t\t\t\t<\/div>\n\t\t<\/div>\n\t\t\t\t\t<\/div>\n\t\t<\/section>\n\t\t\t\t<section class=\"elementor-section elementor-top-section elementor-element elementor-element-7bdad79d elementor-section-content-middle elementor-section-boxed elementor-section-height-default elementor-section-height-default\" data-id=\"7bdad79d\" data-element_type=\"section\" data-e-type=\"section\">\n\t\t\t\t\t\t<div class=\"elementor-container elementor-column-gap-no\">\n\t\t\t\t\t<div class=\"elementor-column elementor-col-100 elementor-top-column elementor-element elementor-element-58fcdeff\" data-id=\"58fcdeff\" data-element_type=\"column\" data-e-type=\"column\">\n\t\t\t<div class=\"elementor-widget-wrap elementor-element-populated\">\n\t\t\t\t\t\t<div class=\"elementor-element elementor-element-75606195 elementor-widget elementor-widget-heading\" data-id=\"75606195\" data-element_type=\"widget\" data-e-type=\"widget\" data-widget_type=\"heading.default\">\n\t\t\t\t<div class=\"elementor-widget-container\">\n\t\t\t\t\t<h4 class=\"elementor-heading-title elementor-size-default\">Les H\u00e9brides ext\u00e9rieures<\/h4>\t\t\t\t<\/div>\n\t\t\t\t<\/div>\n\t\t\t\t<div class=\"elementor-element elementor-element-1953bd50 elementor-widget elementor-widget-heading\" data-id=\"1953bd50\" data-element_type=\"widget\" data-e-type=\"widget\" data-widget_type=\"heading.default\">\n\t\t\t\t<div class=\"elementor-widget-container\">\n\t\t\t\t\t<h4 class=\"elementor-heading-title elementor-size-default\">la maison du tweed Harris<\/h4>\t\t\t\t<\/div>\n\t\t\t\t<\/div>\n\t\t\t\t<div class=\"elementor-element elementor-element-5b9f6de8 elementor-widget elementor-widget-text-editor\" data-id=\"5b9f6de8\" data-element_type=\"widget\" data-e-type=\"widget\" data-widget_type=\"text-editor.default\">\n\t\t\t\t<div class=\"elementor-widget-container\">\n\t\t\t\t\t\t\t\t\t<p>Les H\u00e9brides ext\u00e9rieures, un archipel situ\u00e9 \u00e0 l&#039;extr\u00e9mit\u00e9 nord-ouest de l&#039;Europe, abritent tous les tisserands, teinturiers, cardeurs, filateurs, finisseurs et inspecteurs du Harris Tweed. Chaque \u00e9tape du processus se d\u00e9roule aux H\u00e9brides ext\u00e9rieures, sans exception.<br>Ainsi, les habitants et les \u00eeles elles-m\u00eames sont int\u00e9gr\u00e9s \u00e0 la trame. Elle refl\u00e8te les couleurs du paysage, la beaut\u00e9 des panoramas et les valeurs des habitants.<\/p><p>Au nord de l&#039;archipel isol\u00e9 se trouve l&#039;\u00eele de Lewis - un paysage accident\u00e9 de landes et de tourbi\u00e8res, de lochs et de ruisseaux - qui abrite le port principal de Stornoway et les trois moulins Harris Tweed.<\/p>\n<p>L&#039;\u00eele de Harris est plus montagneuse que sa s\u0153ur du nord et poss\u00e8de certaines des plus belles plages du monde, avec du sable fin et des mers azur peu profondes.<\/p>\n<p>Au sud de ces \u00eeles se trouve une s\u00e9rie d&#039;\u00eeles plus petites, dont les \u00eeles Uist et Barra, la plus au sud.<\/p>\n<p>Depuis des g\u00e9n\u00e9rations, ces \u00eeles produisent un produit tr\u00e8s sp\u00e9cial\u2026 le tissu Harris Tweed.<\/p>\n<p><\/p>\t\t\t\t\t\t\t\t<\/div>\n\t\t\t\t<\/div>\n\t\t\t\t\t<\/div>\n\t\t<\/div>\n\t\t\t\t\t<\/div>\n\t\t<\/section>\n\t\t\t\t<section class=\"elementor-section elementor-top-section elementor-element elementor-element-64365af6 elementor-section-content-middle elementor-section-boxed elementor-section-height-default elementor-section-height-default\" data-id=\"64365af6\" data-element_type=\"section\" data-e-type=\"section\" data-settings=\"{&quot;background_background&quot;:&quot;classic&quot;}\">\n\t\t\t\t\t\t<div class=\"elementor-container elementor-column-gap-no\">\n\t\t\t\t\t<div class=\"elementor-column elementor-col-50 elementor-top-column elementor-element elementor-element-23ef466b\" data-id=\"23ef466b\" data-element_type=\"column\" data-e-type=\"column\" data-settings=\"{&quot;background_background&quot;:&quot;classic&quot;}\">\n\t\t\t<div class=\"elementor-widget-wrap elementor-element-populated\">\n\t\t\t\t\t\t<div class=\"elementor-element elementor-element-176a737b elementor-view-default elementor-widget elementor-widget-icon\" data-id=\"176a737b\" data-element_type=\"widget\" data-e-type=\"widget\" data-widget_type=\"icon.default\">\n\t\t\t\t<div class=\"elementor-widget-container\">\n\t\t\t\t\t\t\t<div class=\"elementor-icon-wrapper\">\n\t\t\t<div class=\"elementor-icon\">\n\t\t\t<i aria-hidden=\"true\" class=\"fas fa-quote-left\"><\/i>\t\t\t<\/div>\n\t\t<\/div>\n\t\t\t\t\t\t<\/div>\n\t\t\t\t<\/div>\n\t\t\t\t<div class=\"elementor-element elementor-element-6738a0c8 elementor-widget elementor-widget-text-editor\" data-id=\"6738a0c8\" data-element_type=\"widget\" data-e-type=\"widget\" data-widget_type=\"text-editor.default\">\n\t\t\t\t<div class=\"elementor-widget-container\">\n\t\t\t\t\t\t\t\t\t<p>Les H\u00e9brides ext\u00e9rieures sont s\u00e9par\u00e9es des H\u00e9brides int\u00e9rieures et de l&#039;\u00c9cosse par les rivi\u00e8res Minch, Little Minch et la mer des H\u00e9brides. L&#039;archipel couvre une superficie totale de 3\u00a0071 km\u00b2 et abrite environ 26\u00a0000 habitants. Ces \u00eeles sont \u00e9galement appel\u00e9es \u00eeles occidentales.<\/p>\t\t\t\t\t\t\t\t<\/div>\n\t\t\t\t<\/div>\n\t\t\t\t\t<\/div>\n\t\t<\/div>\n\t\t\t\t<div class=\"elementor-column elementor-col-50 elementor-top-column elementor-element elementor-element-3c77e4e\" data-id=\"3c77e4e\" data-element_type=\"column\" data-e-type=\"column\">\n\t\t\t<div class=\"elementor-widget-wrap\">\n\t\t\t\t\t\t\t<\/div>\n\t\t<\/div>\n\t\t\t\t\t<\/div>\n\t\t<\/section>\n\t\t\t\t<section class=\"elementor-section elementor-top-section elementor-element elementor-element-5ebd891b elementor-section-boxed elementor-section-height-default elementor-section-height-default\" data-id=\"5ebd891b\" data-element_type=\"section\" data-e-type=\"section\">\n\t\t\t\t\t\t<div class=\"elementor-container elementor-column-gap-default\">\n\t\t\t\t\t<div class=\"elementor-column elementor-col-33 elementor-top-column elementor-element elementor-element-1bde43ad\" data-id=\"1bde43ad\" data-element_type=\"column\" data-e-type=\"column\">\n\t\t\t<div class=\"elementor-widget-wrap\">\n\t\t\t\t\t\t\t<\/div>\n\t\t<\/div>\n\t\t\t\t<div class=\"elementor-column elementor-col-33 elementor-top-column elementor-element elementor-element-3c1760e1\" data-id=\"3c1760e1\" data-element_type=\"column\" data-e-type=\"column\">\n\t\t\t<div class=\"elementor-widget-wrap elementor-element-populated\">\n\t\t\t\t\t\t<div class=\"elementor-element elementor-element-5c1091e9 elementor-widget elementor-widget-image\" data-id=\"5c1091e9\" data-element_type=\"widget\" data-e-type=\"widget\" data-widget_type=\"image.default\">\n\t\t\t\t<div class=\"elementor-widget-container\">\n\t\t\t\t\t\t\t\t\t\t\t\t\t\t\t<img fetchpriority=\"high\" decoding=\"async\" width=\"338\" height=\"149\" src=\"https:\/\/harristweed-shop.be\/wp-content\/uploads\/2020\/04\/imageskopie.png\" class=\"attachment-large size-large wp-image-1055\" alt=\"\" srcset=\"https:\/\/harristweed-shop.be\/wp-content\/uploads\/2020\/04\/imageskopie.png 338w, https:\/\/harristweed-shop.be\/wp-content\/uploads\/2020\/04\/imageskopie-262x115.png 262w, https:\/\/harristweed-shop.be\/wp-content\/uploads\/2020\/04\/imageskopie-300x132.png 300w\" sizes=\"(max-width: 338px) 100vw, 338px\" \/>\t\t\t\t\t\t\t\t\t\t\t\t\t\t\t<\/div>\n\t\t\t\t<\/div>\n\t\t\t\t\t<\/div>\n\t\t<\/div>\n\t\t\t\t<div class=\"elementor-column elementor-col-33 elementor-top-column elementor-element elementor-element-2e243cca\" data-id=\"2e243cca\" data-element_type=\"column\" data-e-type=\"column\">\n\t\t\t<div class=\"elementor-widget-wrap\">\n\t\t\t\t\t\t\t<\/div>\n\t\t<\/div>\n\t\t\t\t\t<\/div>\n\t\t<\/section>\n\t\t\t\t<section class=\"elementor-section elementor-inner-section elementor-element elementor-element-609b6863 elementor-section-content-top elementor-section-boxed elementor-section-height-default elementor-section-height-default\" data-id=\"609b6863\" data-element_type=\"section\" data-e-type=\"section\">\n\t\t\t\t\t\t<div class=\"elementor-container elementor-column-gap-no\">\n\t\t\t\t\t<div class=\"elementor-column elementor-col-33 elementor-inner-column elementor-element elementor-element-4bb48621\" data-id=\"4bb48621\" data-element_type=\"column\" data-e-type=\"column\">\n\t\t\t<div class=\"elementor-widget-wrap elementor-element-populated\">\n\t\t\t\t\t\t<div class=\"elementor-element elementor-element-2a6e358a elementor-widget elementor-widget-heading\" data-id=\"2a6e358a\" data-element_type=\"widget\" data-e-type=\"widget\" data-widget_type=\"heading.default\">\n\t\t\t\t<div class=\"elementor-widget-container\">\n\t\t\t\t\t<h3 class=\"elementor-heading-title elementor-size-default\"><a href=\"https:\/\/harristweed-shop.be\/fr\/le-role-de-la-harris-tweed-authority\/\">Autorit\u00e9 Harris Tweed<\/a><\/h3>\t\t\t\t<\/div>\n\t\t\t\t<\/div>\n\t\t\t\t<div class=\"elementor-element elementor-element-6ccb38e3 elementor-widget elementor-widget-text-editor\" data-id=\"6ccb38e3\" data-element_type=\"widget\" data-e-type=\"widget\" data-widget_type=\"text-editor.default\">\n\t\t\t\t<div class=\"elementor-widget-container\">\n\t\t\t\t\t\t\t\t\t<p>Le r\u00f4le de la Harris Tweed Authority est de promouvoir et de maintenir l&#039;authenticit\u00e9, le niveau et la r\u00e9putation du Harris Tweed de renomm\u00e9e mondiale.<\/p>\t\t\t\t\t\t\t\t<\/div>\n\t\t\t\t<\/div>\n\t\t\t\t\t<\/div>\n\t\t<\/div>\n\t\t\t\t<div class=\"elementor-column elementor-col-33 elementor-inner-column elementor-element elementor-element-63d200d8\" data-id=\"63d200d8\" data-element_type=\"column\" data-e-type=\"column\">\n\t\t\t<div class=\"elementor-widget-wrap elementor-element-populated\">\n\t\t\t\t\t\t<div class=\"elementor-element elementor-element-5dc41b91 elementor-widget elementor-widget-heading\" data-id=\"5dc41b91\" data-element_type=\"widget\" data-e-type=\"widget\" data-widget_type=\"heading.default\">\n\t\t\t\t<div class=\"elementor-widget-container\">\n\t\t\t\t\t<h3 class=\"elementor-heading-title elementor-size-default\"><a href=\"https:\/\/harristweed-shop.be\/fr\/la-maison-du-tweed-harris\/\">La maison de Harris Tweed<\/a><\/h3>\t\t\t\t<\/div>\n\t\t\t\t<\/div>\n\t\t\t\t<div class=\"elementor-element elementor-element-6442f47e elementor-widget elementor-widget-text-editor\" data-id=\"6442f47e\" data-element_type=\"widget\" data-e-type=\"widget\" data-widget_type=\"text-editor.default\">\n\t\t\t\t<div class=\"elementor-widget-container\">\n\t\t\t\t\t\t\t\t\t<p>Les H\u00e9brides ext\u00e9rieures, un archipel situ\u00e9 \u00e0 l&#039;extr\u00e9mit\u00e9 de l&#039;Europe du Nord-Ouest, abritent tous les tisserands, teinturiers, cardeurs, filateurs, finisseurs et inspecteurs de Harris Tweed.<\/p>\t\t\t\t\t\t\t\t<\/div>\n\t\t\t\t<\/div>\n\t\t\t\t\t<\/div>\n\t\t<\/div>\n\t\t\t\t<div class=\"elementor-column elementor-col-33 elementor-inner-column elementor-element elementor-element-7d8f5622\" data-id=\"7d8f5622\" data-element_type=\"column\" data-e-type=\"column\">\n\t\t\t<div class=\"elementor-widget-wrap elementor-element-populated\">\n\t\t\t\t\t\t<div class=\"elementor-element elementor-element-1c1c6bc3 elementor-widget elementor-widget-heading\" data-id=\"1c1c6bc3\" data-element_type=\"widget\" data-e-type=\"widget\" data-widget_type=\"heading.default\">\n\t\t\t\t<div class=\"elementor-widget-container\">\n\t\t\t\t\t<h3 class=\"elementor-heading-title elementor-size-default\"><a href=\"https:\/\/harristweed-shop.be\/fr\/a-propos-du-materiel\/\">\u00c0 propos du mat\u00e9riel<\/a><\/h3>\t\t\t\t<\/div>\n\t\t\t\t<\/div>\n\t\t\t\t<div class=\"elementor-element elementor-element-29e4e9f5 elementor-widget elementor-widget-text-editor\" data-id=\"29e4e9f5\" data-element_type=\"widget\" data-e-type=\"widget\" data-widget_type=\"text-editor.default\">\n\t\t\t\t<div class=\"elementor-widget-container\">\n\t\t\t\t\t\t\t\t\t<p>Le Harris Tweed est le seul tissu produit en quantit\u00e9s commerciales selon des m\u00e9thodes traditionnelles. <br \/><br \/><\/p>\t\t\t\t\t\t\t\t<\/div>\n\t\t\t\t<\/div>\n\t\t\t\t\t<\/div>\n\t\t<\/div>\n\t\t\t\t\t<\/div>\n\t\t<\/section>\n\t\t\t\t<section class=\"elementor-section elementor-top-section elementor-element elementor-element-635e9eb7 elementor-section-boxed elementor-section-height-default elementor-section-height-default\" data-id=\"635e9eb7\" data-element_type=\"section\" data-e-type=\"section\">\n\t\t\t\t\t\t<div class=\"elementor-container elementor-column-gap-default\">\n\t\t\t\t\t<div class=\"elementor-column elementor-col-100 elementor-top-column elementor-element elementor-element-45b819cb\" data-id=\"45b819cb\" data-element_type=\"column\" data-e-type=\"column\">\n\t\t\t<div class=\"elementor-widget-wrap elementor-element-populated\">\n\t\t\t\t\t\t<div class=\"elementor-element elementor-element-3390617d elementor-widget-divider--view-line elementor-widget elementor-widget-divider\" data-id=\"3390617d\" data-element_type=\"widget\" data-e-type=\"widget\" data-widget_type=\"divider.default\">\n\t\t\t\t<div class=\"elementor-widget-container\">\n\t\t\t\t\t\t\t<div class=\"elementor-divider\">\n\t\t\t<span class=\"elementor-divider-separator\">\n\t\t\t\t\t\t<\/span>\n\t\t<\/div>\n\t\t\t\t\t\t<\/div>\n\t\t\t\t<\/div>\n\t\t\t\t\t<\/div>\n\t\t<\/div>\n\t\t\t\t\t<\/div>\n\t\t<\/section>\n\t\t\t\t<section class=\"elementor-section elementor-top-section elementor-element elementor-element-4e12d7c elementor-section-boxed elementor-section-height-default elementor-section-height-default\" data-id=\"4e12d7c\" data-element_type=\"section\" data-e-type=\"section\">\n\t\t\t\t\t\t<div class=\"elementor-container elementor-column-gap-default\">\n\t\t\t\t\t<div class=\"elementor-column elementor-col-100 elementor-top-column elementor-element elementor-element-2d964ff\" data-id=\"2d964ff\" data-element_type=\"column\" data-e-type=\"column\">\n\t\t\t<div class=\"elementor-widget-wrap elementor-element-populated\">\n\t\t\t\t\t\t<div class=\"elementor-element elementor-element-dbc7bee elementor-widget elementor-widget-spacer\" data-id=\"dbc7bee\" data-element_type=\"widget\" data-e-type=\"widget\" data-widget_type=\"spacer.default\">\n\t\t\t\t<div class=\"elementor-widget-container\">\n\t\t\t\t\t\t\t<div class=\"elementor-spacer\">\n\t\t\t<div class=\"elementor-spacer-inner\"><\/div>\n\t\t<\/div>\n\t\t\t\t\t\t<\/div>\n\t\t\t\t<\/div>\n\t\t\t\t\t<\/div>\n\t\t<\/div>\n\t\t\t\t\t<\/div>\n\t\t<\/section>\n\t\t\t\t<section class=\"elementor-section elementor-inner-section elementor-element elementor-element-4e3852ed elementor-section-content-middle elementor-section-boxed elementor-section-height-default elementor-section-height-default\" data-id=\"4e3852ed\" data-element_type=\"section\" data-e-type=\"section\">\n\t\t\t\t\t\t<div class=\"elementor-container elementor-column-gap-no\">\n\t\t\t\t\t<div class=\"elementor-column elementor-col-33 elementor-inner-column elementor-element elementor-element-48e1cd30\" data-id=\"48e1cd30\" data-element_type=\"column\" data-e-type=\"column\">\n\t\t\t<div class=\"elementor-widget-wrap elementor-element-populated\">\n\t\t\t\t\t\t<div class=\"elementor-element elementor-element-78e677fb elementor-position-top elementor-widget elementor-widget-image-box\" data-id=\"78e677fb\" data-element_type=\"widget\" data-e-type=\"widget\" data-widget_type=\"image-box.default\">\n\t\t\t\t<div class=\"elementor-widget-container\">\n\t\t\t\t\t<div class=\"elementor-image-box-wrapper\"><figure class=\"elementor-image-box-img\"><a href=\"https:\/\/harristweed-shop.be\/fr\/vestes-en-tweed\/\" tabindex=\"-1\"><img decoding=\"async\" width=\"242\" height=\"300\" src=\"https:\/\/harristweed-shop.be\/wp-content\/uploads\/2020\/04\/image-23-242x300.png\" class=\"attachment-medium size-medium wp-image-846\" alt=\"\" srcset=\"https:\/\/harristweed-shop.be\/wp-content\/uploads\/2020\/04\/image-23-242x300.png 242w, https:\/\/harristweed-shop.be\/wp-content\/uploads\/2020\/04\/image-23-262x325.png 262w, https:\/\/harristweed-shop.be\/wp-content\/uploads\/2020\/04\/image-23-555x689.png 555w, https:\/\/harristweed-shop.be\/wp-content\/uploads\/2020\/04\/image-23-824x1024.png 824w, https:\/\/harristweed-shop.be\/wp-content\/uploads\/2020\/04\/image-23-768x954.png 768w, https:\/\/harristweed-shop.be\/wp-content\/uploads\/2020\/04\/image-23-58x72.png 58w, https:\/\/harristweed-shop.be\/wp-content\/uploads\/2020\/04\/image-23.png 855w\" sizes=\"(max-width: 242px) 100vw, 242px\" \/><\/a><\/figure><div class=\"elementor-image-box-content\"><h3 class=\"elementor-image-box-title\"><a href=\"https:\/\/harristweed-shop.be\/fr\/vestes-en-tweed\/\">Blazers en tweed<\/a><\/h3><\/div><\/div>\t\t\t\t<\/div>\n\t\t\t\t<\/div>\n\t\t\t\t\t<\/div>\n\t\t<\/div>\n\t\t\t\t<div class=\"elementor-column elementor-col-33 elementor-inner-column elementor-element elementor-element-d3261ab\" data-id=\"d3261ab\" data-element_type=\"column\" data-e-type=\"column\">\n\t\t\t<div class=\"elementor-widget-wrap elementor-element-populated\">\n\t\t\t\t\t\t<div class=\"elementor-element elementor-element-47f19853 elementor-position-top elementor-widget elementor-widget-image-box\" data-id=\"47f19853\" data-element_type=\"widget\" data-e-type=\"widget\" data-widget_type=\"image-box.default\">\n\t\t\t\t<div class=\"elementor-widget-container\">\n\t\t\t\t\t<div class=\"elementor-image-box-wrapper\"><figure class=\"elementor-image-box-img\"><a href=\"https:\/\/harristweed-shop.be\/fr\/chemises-et-chemises-habillees\/\" tabindex=\"-1\"><img decoding=\"async\" width=\"234\" height=\"300\" src=\"https:\/\/harristweed-shop.be\/wp-content\/uploads\/2020\/04\/85445414-main.jpeg-olymp-converted-234x300.jpeg\" class=\"attachment-medium size-medium wp-image-979\" alt=\"\" srcset=\"https:\/\/harristweed-shop.be\/wp-content\/uploads\/2020\/04\/85445414-main.jpeg-olymp-converted-234x300.jpeg 234w, https:\/\/harristweed-shop.be\/wp-content\/uploads\/2020\/04\/85445414-main.jpeg-olymp-converted-262x335.jpeg 262w, https:\/\/harristweed-shop.be\/wp-content\/uploads\/2020\/04\/85445414-main.jpeg-olymp-converted-555x710.jpeg 555w, https:\/\/harristweed-shop.be\/wp-content\/uploads\/2020\/04\/85445414-main.jpeg-olymp-converted-800x1024.jpeg 800w, https:\/\/harristweed-shop.be\/wp-content\/uploads\/2020\/04\/85445414-main.jpeg-olymp-converted-768x983.jpeg 768w, https:\/\/harristweed-shop.be\/wp-content\/uploads\/2020\/04\/85445414-main.jpeg-olymp-converted-1200x1536.jpeg 1200w, https:\/\/harristweed-shop.be\/wp-content\/uploads\/2020\/04\/85445414-main.jpeg-olymp-converted-1600x2048.jpeg 1600w, https:\/\/harristweed-shop.be\/wp-content\/uploads\/2020\/04\/85445414-main.jpeg-olymp-converted.jpeg 2000w\" sizes=\"(max-width: 234px) 100vw, 234px\" \/><\/a><\/figure><div class=\"elementor-image-box-content\"><h3 class=\"elementor-image-box-title\"><a href=\"https:\/\/harristweed-shop.be\/fr\/chemises-et-chemises-habillees\/\"><font face=\"Times New Roman, sans-serif\"><span style=\"text-decoration: overline\"><i>Chemises et chemises habill\u00e9es<\/i><\/span><\/font><\/a><\/h3><\/div><\/div>\t\t\t\t<\/div>\n\t\t\t\t<\/div>\n\t\t\t\t\t<\/div>\n\t\t<\/div>\n\t\t\t\t<div class=\"elementor-column elementor-col-33 elementor-inner-column elementor-element elementor-element-6041ff53\" data-id=\"6041ff53\" data-element_type=\"column\" data-e-type=\"column\">\n\t\t\t<div class=\"elementor-widget-wrap elementor-element-populated\">\n\t\t\t\t\t\t<div class=\"elementor-element elementor-element-74f321e6 elementor-position-top elementor-widget elementor-widget-image-box\" data-id=\"74f321e6\" data-element_type=\"widget\" data-e-type=\"widget\" data-widget_type=\"image-box.default\">\n\t\t\t\t<div class=\"elementor-widget-container\">\n\t\t\t\t\t<div class=\"elementor-image-box-wrapper\"><figure class=\"elementor-image-box-img\"><a href=\"https:\/\/harristweed-shop.be\/fr\/chapeaux-et-casquettes\/\" tabindex=\"-1\"><img loading=\"lazy\" decoding=\"async\" width=\"300\" height=\"300\" src=\"https:\/\/harristweed-shop.be\/wp-content\/uploads\/2020\/04\/zh015_arran_8pc_olive-gold-300x300.jpg\" class=\"attachment-medium size-medium wp-image-901\" alt=\"\" srcset=\"https:\/\/harristweed-shop.be\/wp-content\/uploads\/2020\/04\/zh015_arran_8pc_olive-gold-300x300.jpg 300w, https:\/\/harristweed-shop.be\/wp-content\/uploads\/2020\/04\/zh015_arran_8pc_olive-gold-262x262.jpg 262w, https:\/\/harristweed-shop.be\/wp-content\/uploads\/2020\/04\/zh015_arran_8pc_olive-gold-160x160.jpg 160w, https:\/\/harristweed-shop.be\/wp-content\/uploads\/2020\/04\/zh015_arran_8pc_olive-gold-555x555.jpg 555w, https:\/\/harristweed-shop.be\/wp-content\/uploads\/2020\/04\/zh015_arran_8pc_olive-gold-150x150.jpg 150w, https:\/\/harristweed-shop.be\/wp-content\/uploads\/2020\/04\/zh015_arran_8pc_olive-gold-768x768.jpg 768w, https:\/\/harristweed-shop.be\/wp-content\/uploads\/2020\/04\/zh015_arran_8pc_olive-gold-500x500.jpg 500w, https:\/\/harristweed-shop.be\/wp-content\/uploads\/2020\/04\/zh015_arran_8pc_olive-gold.jpg 900w\" sizes=\"(max-width: 300px) 100vw, 300px\" \/><\/a><\/figure><div class=\"elementor-image-box-content\"><h3 class=\"elementor-image-box-title\"><a href=\"https:\/\/harristweed-shop.be\/fr\/chapeaux-et-casquettes\/\"><span class=\"elementor-image-box-title elementor-inline-editing pen\" data-elementor-setting-key=\"title_text\" data-elementor-inline-editing-toolbar=\"none\" data-pen-placeholder=\"Hier typen...\" style=\", sans-serif;line-height: 1.4;margin-top: 20px;margin-bottom: 10px;font-style: italic;text-decoration: overline\">Chapeaux et casquettes<\/span><\/a><\/h3><\/div><\/div>\t\t\t\t<\/div>\n\t\t\t\t<\/div>\n\t\t\t\t\t<\/div>\n\t\t<\/div>\n\t\t\t\t\t<\/div>\n\t\t<\/section>\n\t\t\t\t<section class=\"elementor-section elementor-top-section elementor-element elementor-element-fff2dea elementor-section-boxed elementor-section-height-default elementor-section-height-default\" data-id=\"fff2dea\" data-element_type=\"section\" data-e-type=\"section\">\n\t\t\t\t\t\t<div class=\"elementor-container elementor-column-gap-default\">\n\t\t\t\t\t<div class=\"elementor-column elementor-col-100 elementor-top-column elementor-element elementor-element-a26f536\" data-id=\"a26f536\" data-element_type=\"column\" data-e-type=\"column\">\n\t\t\t<div class=\"elementor-widget-wrap elementor-element-populated\">\n\t\t\t\t\t\t<div class=\"elementor-element elementor-element-a0ea554 elementor-widget elementor-widget-spacer\" data-id=\"a0ea554\" data-element_type=\"widget\" data-e-type=\"widget\" data-widget_type=\"spacer.default\">\n\t\t\t\t<div class=\"elementor-widget-container\">\n\t\t\t\t\t\t\t<div class=\"elementor-spacer\">\n\t\t\t<div class=\"elementor-spacer-inner\"><\/div>\n\t\t<\/div>\n\t\t\t\t\t\t<\/div>\n\t\t\t\t<\/div>\n\t\t\t\t\t<\/div>\n\t\t<\/div>\n\t\t\t\t\t<\/div>\n\t\t<\/section>\n\t\t\t\t<\/div>","protected":false},"excerpt":{"rendered":"<p>De thuisbasis van Harris Tweed The Outer Hebrides de thuisbasis van harris tweed The Outer Hebrides, een eilandengroep in het uiterste puntje van Noord-West Europa, is de thuisbasis van elke wever, verver, kaarder, spinner, finisher en inspecteur van Harris Tweed. Elk onderdeel van het proces vindt plaats op The Outer Hebrides, zonder uitzonderingen.Hierdoor zijn de [&hellip;]<\/p>\n","protected":false},"author":7,"featured_media":0,"parent":0,"menu_order":0,"comment_status":"closed","ping_status":"closed","template":"elementor_header_footer","meta":{"footnotes":""},"class_list":["post-982","page","type-page","status-publish","hentry"],"_links":{"self":[{"href":"https:\/\/harristweed-shop.be\/fr\/wp-json\/wp\/v2\/pages\/982","targetHints":{"allow":["GET"]}}],"collection":[{"href":"https:\/\/harristweed-shop.be\/fr\/wp-json\/wp\/v2\/pages"}],"about":[{"href":"https:\/\/harristweed-shop.be\/fr\/wp-json\/wp\/v2\/types\/page"}],"author":[{"embeddable":true,"href":"https:\/\/harristweed-shop.be\/fr\/wp-json\/wp\/v2\/users\/7"}],"replies":[{"embeddable":true,"href":"https:\/\/harristweed-shop.be\/fr\/wp-json\/wp\/v2\/comments?post=982"}],"version-history":[{"count":19,"href":"https:\/\/harristweed-shop.be\/fr\/wp-json\/wp\/v2\/pages\/982\/revisions"}],"predecessor-version":[{"id":3335,"href":"https:\/\/harristweed-shop.be\/fr\/wp-json\/wp\/v2\/pages\/982\/revisions\/3335"}],"wp:attachment":[{"href":"https:\/\/harristweed-shop.be\/fr\/wp-json\/wp\/v2\/media?parent=982"}],"curies":[{"name":"wp","href":"https:\/\/api.w.org\/{rel}","templated":true}]}}