{"id":4025,"date":"2020-09-08T14:40:38","date_gmt":"2020-09-08T14:40:38","guid":{"rendered":"https:\/\/harristweed-shop.be\/?page_id=4025"},"modified":"2020-12-18T15:16:49","modified_gmt":"2020-12-18T15:16:49","slug":"klachten-en-vragen","status":"publish","type":"page","link":"https:\/\/harristweed-shop.be\/fr\/plaintes-et-questions\/","title":{"rendered":"Plaintes et questions"},"content":{"rendered":"<div data-elementor-type=\"wp-page\" data-elementor-id=\"4025\" class=\"elementor elementor-4025\" data-elementor-post-type=\"page\">\n\t\t\t\t\t\t<section class=\"elementor-section elementor-top-section elementor-element elementor-element-63da307a elementor-section-boxed elementor-section-height-default elementor-section-height-default\" data-id=\"63da307a\" data-element_type=\"section\" data-e-type=\"section\">\n\t\t\t\t\t\t<div class=\"elementor-container elementor-column-gap-default\">\n\t\t\t\t\t<div class=\"elementor-column elementor-col-100 elementor-top-column elementor-element elementor-element-dfd9256\" data-id=\"dfd9256\" data-element_type=\"column\" data-e-type=\"column\">\n\t\t\t<div class=\"elementor-widget-wrap elementor-element-populated\">\n\t\t\t\t\t\t<div class=\"elementor-element elementor-element-fae9758 elementor-widget elementor-widget-text-editor\" data-id=\"fae9758\" data-element_type=\"widget\" data-e-type=\"widget\" data-widget_type=\"text-editor.default\">\n\t\t\t\t<div class=\"elementor-widget-container\">\n\t\t\t\t\t\t\t\t\t<p>Pour toute question, r\u00e9clamation ou commentaire, n&#039;h\u00e9sitez pas \u00e0 nous contacter\u00a0! Nous mettons tout en \u0153uvre pour que votre exp\u00e9rience client avec Harris Tweed Shop soit la plus positive possible.<\/p>\t\t\t\t\t\t\t\t<\/div>\n\t\t\t\t<\/div>\n\t\t\t\t<div class=\"elementor-element elementor-element-0303d9c elementor-widget elementor-widget-text-editor\" data-id=\"0303d9c\" data-element_type=\"widget\" data-e-type=\"widget\" data-widget_type=\"text-editor.default\">\n\t\t\t\t<div class=\"elementor-widget-container\">\n\t\t\t\t\t\t\t\t\t<p>Il est toujours possible que quelque chose ne se passe pas exactement comme pr\u00e9vu. Nous vous recommandons de nous signaler toute r\u00e9clamation en premier lieu par e-mail \u00e0 info@harrisweed-shop.be. Si cela ne permet pas de trouver une solution, vous pouvez soumettre votre litige \u00e0 une m\u00e9diation aupr\u00e8s de la Fondation WebwinkelKeur via <a href=\"https:\/\/www.webwinkelkeur.nl\/kennisbank\/consumenten\/geschil\">https:\/\/www.webwinkelkeur.nl\/kennisbank\/consumenten\/geschil<\/a>Depuis le 15 f\u00e9vrier 2016, les consommateurs de l&#039;UE peuvent \u00e9galement d\u00e9poser une plainte via la plateforme de RLL de la Commission europ\u00e9enne. Cette plateforme est disponible \u00e0 l&#039;adresse suivante\u00a0: <a href=\"http:\/\/ec.europa.eu\/odr\">http:\/\/ec.europa.eu\/odr<\/a>Si votre plainte n\u2019est pas encore trait\u00e9e ailleurs, vous \u00eates libre de d\u00e9poser votre plainte via la plateforme de l\u2019Union europ\u00e9enne.<\/p>\t\t\t\t\t\t\t\t<\/div>\n\t\t\t\t<\/div>\n\t\t\t\t<div class=\"elementor-element elementor-element-6615a12c elementor-widget elementor-widget-text-editor\" data-id=\"6615a12c\" data-element_type=\"widget\" data-e-type=\"widget\" data-widget_type=\"text-editor.default\">\n\t\t\t\t<div class=\"elementor-widget-container\">\n\t\t\t\t\t\t\t\t\t\n<div class=\"wp-block-themeisle-blocks-advanced-columns has-undefined-columns has-desktop-undefined-layout has-tablet-equal-layout has-mobile-equal-layout has-default-gap has-vertical-unset\" id=\"wp-block-themeisle-blocks-advanced-columns-39965104\"><div class=\"wp-block-themeisle-blocks-advanced-columns-overlay\"><\/div><div class=\"innerblocks-wrap\"><\/div><\/div>\n\t\t\t\t\t\t\t\t<\/div>\n\t\t\t\t<\/div>\n\t\t\t\t\t<\/div>\n\t\t<\/div>\n\t\t\t\t\t<\/div>\n\t\t<\/section>\n\t\t\t\t<\/div>","protected":false},"excerpt":{"rendered":"<p>Heeft u vragen, klachten of opmerkingen, laat het ons weten! Wij willen er alles aan doen om uw klanten ervaring met Harris Tweed Shop zo positief mogelijk te laten verlopen. Het kan altijd voorkomen dat er iets niet helemaal gaat zoals gepland. We raden u aan om klachten eerst bij ons kenbaar te maken door [&hellip;]<\/p>\n","protected":false},"author":1,"featured_media":0,"parent":0,"menu_order":0,"comment_status":"closed","ping_status":"closed","template":"","meta":{"footnotes":""},"class_list":["post-4025","page","type-page","status-publish","hentry"],"_links":{"self":[{"href":"https:\/\/harristweed-shop.be\/fr\/wp-json\/wp\/v2\/pages\/4025","targetHints":{"allow":["GET"]}}],"collection":[{"href":"https:\/\/harristweed-shop.be\/fr\/wp-json\/wp\/v2\/pages"}],"about":[{"href":"https:\/\/harristweed-shop.be\/fr\/wp-json\/wp\/v2\/types\/page"}],"author":[{"embeddable":true,"href":"https:\/\/harristweed-shop.be\/fr\/wp-json\/wp\/v2\/users\/1"}],"replies":[{"embeddable":true,"href":"https:\/\/harristweed-shop.be\/fr\/wp-json\/wp\/v2\/comments?post=4025"}],"version-history":[{"count":5,"href":"https:\/\/harristweed-shop.be\/fr\/wp-json\/wp\/v2\/pages\/4025\/revisions"}],"predecessor-version":[{"id":6022,"href":"https:\/\/harristweed-shop.be\/fr\/wp-json\/wp\/v2\/pages\/4025\/revisions\/6022"}],"wp:attachment":[{"href":"https:\/\/harristweed-shop.be\/fr\/wp-json\/wp\/v2\/media?parent=4025"}],"curies":[{"name":"wp","href":"https:\/\/api.w.org\/{rel}","templated":true}]}}