{"id":3,"date":"2018-09-09T14:39:24","date_gmt":"2018-09-09T14:39:24","guid":{"rendered":"https:\/\/harristweed-shop.be\/?page_id=3"},"modified":"2020-09-08T14:55:59","modified_gmt":"2020-09-08T14:55:59","slug":"privacy-policy","status":"publish","type":"page","link":"https:\/\/harristweed-shop.be\/fr\/politique-de-confidentialite\/","title":{"rendered":"politique de confidentialit\u00e9"},"content":{"rendered":"<div class=\"page-title\">\n<p><b>Politique de confidentialit\u00e9 de la boutique Harris Tweed<\/b><\/p>\n<p><b>https:\/\/harristweed-shop.be<\/b><\/p>\n<p><b>\u00c0 propos de notre politique de confidentialit\u00e9<\/b><\/p>\n<p>Harris Tweed Shop accorde une grande importance \u00e0 votre vie priv\u00e9e. C&#039;est pourquoi nous ne traitons que les donn\u00e9es n\u00e9cessaires \u00e0<\/p>\n<p>(am\u00e9liorer) nos services et nous traitons les informations que nous collectons sur vous et votre utilisation de<\/p>\n<p>Nous avons collect\u00e9 vos donn\u00e9es \u00e0 des fins commerciales.<\/p>\n<p>tiers.<\/p>\n<p>Cette politique de confidentialit\u00e9 s&#039;applique \u00e0 l&#039;utilisation du site Web et des services fournis par Harris<\/p>\n<p>Boutique Tweed. Les pr\u00e9sentes conditions g\u00e9n\u00e9rales entrent en vigueur le 08\/09\/2020, avec la publication d&#039;un avis de modification.<\/p>\n<p>La nouvelle version invalidera toutes les versions pr\u00e9c\u00e9dentes. Cette politique de confidentialit\u00e9 d\u00e9crit les informations vous concernant.<\/p>\n<p>collect\u00e9es par nous, \u00e0 quoi servent ces donn\u00e9es, avec qui et dans quelles conditions<\/p>\n<p>Ces informations peuvent \u00eatre partag\u00e9es avec des tiers. Nous vous expliquons \u00e9galement comment nous traitons vos donn\u00e9es.<\/p>\n<p>stocker des donn\u00e9es et comment nous prot\u00e9geons vos donn\u00e9es contre toute utilisation abusive et quels sont vos droits en la mati\u00e8re<\/p>\n<p>les donn\u00e9es personnelles que vous nous fournissez.<\/p>\n<p>Si vous avez des questions sur notre politique de confidentialit\u00e9, veuillez contacter notre responsable de la confidentialit\u00e9, vous<\/p>\n<p>Vous trouverez les coordonn\u00e9es \u00e0 la fin de notre politique de confidentialit\u00e9.<\/p>\n<p><b>\u00c0 propos du traitement des donn\u00e9es<\/b><\/p>\n<p>Vous trouverez ci-dessous comment nous traitons vos donn\u00e9es, o\u00f9 nous les stockons (ou les faisons stocker), quelles<\/p>\n<p>les techniques de s\u00e9curit\u00e9 que nous utilisons et qui a acc\u00e8s aux donn\u00e9es.<\/p>\n<p><b>Logiciel de boutique en ligne<\/b><\/p>\n<p><b>WooCommerce<\/b><\/p>\n<p>Notre boutique en ligne a \u00e9t\u00e9 d\u00e9velopp\u00e9e avec le logiciel WooCommerce, nous avons choisi WooCommerce pour notre h\u00e9bergement Web.<\/p>\n<p>Bad Boys. Donn\u00e9es personnelles que vous nous fournissez pour la prestation de nos services.<\/p>\n<p>sont partag\u00e9es avec ce tiers. Kwaaijongens a acc\u00e8s \u00e0 vos donn\u00e9es pour nous fournir des informations (techniques)<\/p>\n<p>Pour vous fournir une assistance, ils n&#039;utiliseront jamais vos donn\u00e9es \u00e0 d&#039;autres fins. Kwaaijongens est sur<\/p>\n<p>Nous sommes tenus de prendre des mesures de s\u00e9curit\u00e9 appropri\u00e9es sur la base de l&#039;accord que nous avons conclu avec eux.<\/p>\n<p>Ces mesures de s\u00e9curit\u00e9 consistent en l&#039;application du cryptage SSL et d&#039;un<\/p>\n<p>Politique de mot de passe. Des sauvegardes r\u00e9guli\u00e8res sont effectu\u00e9es pour \u00e9viter toute perte de donn\u00e9es.<\/p>\n<p><b>WooCommerce<\/b><\/p>\n<p>Notre boutique en ligne est d\u00e9velopp\u00e9e avec le logiciel WooCommerce, nous h\u00e9bergeons notre boutique en ligne sur un serveur dans notre propre<\/p>\n<p>gestion. Nous avons pris des mesures techniques et organisationnelles appropri\u00e9es pour pr\u00e9venir les abus, les pertes et<\/p>\n<p>pour pr\u00e9venir autant que possible la corruption des donn\u00e9es. Ces mesures de s\u00e9curit\u00e9 comprennent au moins<\/p>\n<p>Application du chiffrement SSL et d&#039;une politique de mots de passe robustes. Des sauvegardes r\u00e9guli\u00e8res sont effectu\u00e9es pour \u00e9viter toute perte.<\/p>\n<p>pour emp\u00eacher les donn\u00e9es.<\/p>\n<p><b>H\u00e9bergement Web<\/b><\/p>\n<p><b>Mauvais gar\u00e7ons<\/b><\/p>\n<p>Nous achetons des services d&#039;h\u00e9bergement web et de messagerie \u00e9lectronique aupr\u00e8s de Kwaaijongens. Kwaaijongens traite des donn\u00e9es personnelles.<\/p>\n<p>en notre nom et n&#039;utilise pas vos donn\u00e9es \u00e0 ses propres fins. Cependant, ce tiers peut collecter des m\u00e9tadonn\u00e9es.<\/p>\n<p>concernant l&#039;utilisation des services. Il ne s&#039;agit pas de donn\u00e9es personnelles. Kwaaijongens dispose des moyens techniques et<\/p>\n<p>mesures organisationnelles prises pour emp\u00eacher la perte et l&#039;utilisation non autoris\u00e9e de vos donn\u00e9es personnelles<\/p>\n<p>Pr\u00e9venir. Kwaaijongens est tenu de maintenir la confidentialit\u00e9 en vertu de l&#039;accord de confidentialit\u00e9.<\/p>\n<p><b>Mauvais gar\u00e7ons<\/b><\/p>\n<p>Nous utilisons les services de Kwaaijongens pour nos \u00e9changes r\u00e9guliers de courrier \u00e9lectronique professionnel. Ce prestataire a<\/p>\n<p>mesures techniques et organisationnelles appropri\u00e9es prises pour emp\u00eacher l&#039;utilisation abusive, la perte et la corruption de vos donn\u00e9es et des n\u00f4tres<\/p>\n<p>donn\u00e9es autant que possible. Kwaaijongens n&#039;a pas acc\u00e8s \u00e0 notre bo\u00eete mail, et nous traitons d\u00e9j\u00e0<\/p>\n<p>notre correspondance par courrier \u00e9lectronique est confidentielle.<\/p>\n<p><b>Processeurs de paiement<\/b><\/p>\n<p><b>Mollie<\/b><\/p>\n<p>Nous utilisons la plateforme de<\/p>\n<p>Mollie. Mollie traite votre nom, votre adresse et vos coordonn\u00e9es de r\u00e9sidence, ainsi que vos informations de paiement, telles que votre compte bancaire ou<\/p>\n<p>num\u00e9ro de carte de cr\u00e9dit. Mollie a pris les mesures techniques et organisationnelles appropri\u00e9es pour prot\u00e9ger votre<\/p>\n<p>pour prot\u00e9ger les donn\u00e9es personnelles. Mollie se r\u00e9serve le droit d&#039;utiliser vos donn\u00e9es pour<\/p>\n<p>pour am\u00e9liorer encore les services et, dans ce contexte, pour partager des donn\u00e9es (anonymis\u00e9es) avec des tiers.<\/p>\n<p>Toutes les garanties mentionn\u00e9es ci-dessus concernant la protection de vos donn\u00e9es personnelles sont \u00e9galement<\/p>\n<p>applicables aux parties des services de Mollie pour lesquelles Mollie fait appel \u00e0 des tiers. Mollie stocke vos<\/p>\n<p>donn\u00e9es pendant une dur\u00e9e n\u2019exc\u00e9dant pas celle autoris\u00e9e par la loi.<\/p>\n<p><b>Avis<\/b><\/p>\n<p><b>WebwinkelKeur<\/b><\/p>\n<p>Nous collectons les avis via la plateforme WebwinkelKeur. Si vous laissez un avis via WebwinkelKeur,<\/p>\n<p>Vous devez fournir un nom et une adresse e-mail. WebwinkelKeur partage ces informations avec nous afin que nous puissions<\/p>\n<p>Associez l&#039;avis \u00e0 votre commande. WebwinkelKeur publie \u00e9galement votre nom sur son site web.<\/p>\n<p>Dans certains cas, WebwinkelKeur peut vous contacter pour vous fournir une explication de votre avis.<\/p>\n<p>Dans le cas o\u00f9 nous vous invitons \u00e0 laisser un avis, nous partagerons votre nom et votre adresse e-mail avec<\/p>\n<p>WebwinkelKeur utilise ces informations uniquement pour vous inviter \u00e0 laisser un avis.<\/p>\n<p>WebwinkelKeur a pris les mesures techniques et organisationnelles appropri\u00e9es pour prot\u00e9ger vos donn\u00e9es personnelles<\/p>\n<p>pour prot\u00e9ger. WebwinkelKeur se r\u00e9serve le droit d&#039;utiliser des cookies afin de fournir les<\/p>\n<p>pour faire appel \u00e0 des services tiers, pour lesquels nous avons autoris\u00e9 WebwinkelKeur.<\/p>\n<p>Les garanties susmentionn\u00e9es concernant la protection de vos donn\u00e9es personnelles s&#039;appliquent \u00e9galement<\/p>\n<p>application aux parties du service pour lesquelles WebwinkelKeur fait appel \u00e0 des tiers.<\/p>\n<p><b>Exp\u00e9dition et logistique<\/b><\/p>\n<p><b>PostNL<\/b><\/p>\n<p>Lorsque vous passez une commande chez nous, il est de notre responsabilit\u00e9 de vous livrer votre colis. Nous utilisons<\/p>\n<p>Services de livraison de PostNL. Pour cela, nous devons conna\u00eetre votre nom.<\/p>\n<p>Partagez votre adresse et vos coordonn\u00e9es de r\u00e9sidence avec PostNL. PostNL utilise ces donn\u00e9es uniquement \u00e0 des fins de<\/p>\n<p>l&#039;ex\u00e9cution du contrat. Si PostNL fait appel \u00e0 des sous-traitants, PostNL partagera vos donn\u00e9es.<\/p>\n<p>\u00e9galement disponible pour ces parties.<\/p>\n<p><b>Facturation et comptabilit\u00e9<\/b><\/p>\n<p><b>exactement en ligne<\/b><\/p>\n<p>Nous utilisons les services d&#039;Exact Online pour maintenir notre administration et notre comptabilit\u00e9.<\/p>\n<p>Nous partageons votre nom, votre adresse et vos coordonn\u00e9es, ainsi que les d\u00e9tails relatifs \u00e0 votre commande. Ces informations<\/p>\n<p>sont utilis\u00e9s pour g\u00e9rer les factures de vente. Vos donn\u00e9es personnelles sont prot\u00e9g\u00e9es.<\/p>\n<p>Envoy\u00e9es et stock\u00e9es. Exact Online s&#039;engage \u00e0 pr\u00e9server la confidentialit\u00e9 de vos donn\u00e9es.<\/p>\n<p>Exact Online n&#039;utilise pas vos donn\u00e9es personnelles \u00e0 d&#039;autres fins que celles d\u00e9crites ci-dessus.<\/p>\n<p><b>Canaux de vente externes<\/b><\/p>\n<p><b>Finalit\u00e9 du traitement des donn\u00e9es<\/b><\/p>\n<p><b>Finalit\u00e9 g\u00e9n\u00e9rale du traitement<\/b><\/p>\n<p>Nous utilisons vos donn\u00e9es uniquement pour fournir nos services. Cela signifie que la finalit\u00e9 de l&#039;utilisation de vos donn\u00e9es est<\/p>\n<p>Le traitement est toujours directement li\u00e9 \u00e0 la commande que vous passez. Nous n&#039;utilisons pas vos donn\u00e9es \u00e0 des fins<\/p>\n<p>(cibl\u00e9). Si vous partagez des donn\u00e9es avec nous et que nous les utilisons \u00e0 des fins autres que votre<\/p>\n<p>demande \u2013 pour vous contacter ult\u00e9rieurement, nous vous demanderons votre autorisation explicite. Votre<\/p>\n<p>les donn\u00e9es ne seront pas partag\u00e9es avec des tiers, sauf \u00e0 des fins comptables et autres fins administratives<\/p>\n<p>pour respecter leurs obligations. Ces tiers sont tous tenus \u00e0 la confidentialit\u00e9 en vertu de l&#039;accord.<\/p>\n<p>entre eux et nous ou un serment ou une obligation l\u00e9gale.<\/p>\n<p><b>Donn\u00e9es collect\u00e9es automatiquement<\/b><\/p>\n<p>Les donn\u00e9es collect\u00e9es automatiquement par notre site Web sont trait\u00e9es aux fins de notre<\/p>\n<p>pour am\u00e9liorer encore nos services. Ces donn\u00e9es (par exemple, votre adresse IP, votre navigateur web et<\/p>\n<p>syst\u00e8me d&#039;exploitation) ne sont pas des donn\u00e9es personnelles.<\/p>\n<p><b>Coop\u00e9ration avec les enqu\u00eates fiscales et p\u00e9nales<\/b><\/p>\n<p>Dans certains cas, Harris Tweed Shop peut \u00eatre tenu par la loi de<\/p>\n<p>partager vos donn\u00e9es dans le cadre d&#039;enqu\u00eates fiscales ou p\u00e9nales men\u00e9es par les autorit\u00e9s gouvernementales.<\/p>\n<p>Dans un tel cas, nous sommes oblig\u00e9s de partager vos donn\u00e9es, mais nous le ferons dans les limites des possibilit\u00e9s autoris\u00e9es par la loi.<\/p>\n<p>nous proposons de nous y opposer.<\/p>\n<p><b>P\u00e9riodes de conservation<\/b><\/p>\n<p>Nous conservons vos donn\u00e9es aussi longtemps que vous \u00eates notre client. Cela signifie que nous conservons votre profil client jusqu&#039;\u00e0 ce que vous<\/p>\n<p>Indiquez que vous ne souhaitez plus utiliser nos services. Si vous nous en informez, nous<\/p>\n<p>peut \u00e9galement \u00eatre consid\u00e9r\u00e9e comme une demande d&#039;oubli. Conform\u00e9ment aux obligations administratives applicables, nous devons<\/p>\n<p>pour stocker les factures avec vos donn\u00e9es (personnelles), nous conserverons donc ces donn\u00e9es aussi longtemps que la dur\u00e9e applicable<\/p>\n<p>Le mandat est en cours. Cependant, les employ\u00e9s n&#039;ont plus acc\u00e8s \u00e0 votre profil client ni aux documents qui y sont li\u00e9s.<\/p>\n<p>nous avons produit sur la base de votre commande.<\/p>\n<p><b>Vos droits<\/b><\/p>\n<p>En vertu de la l\u00e9gislation n\u00e9erlandaise et europ\u00e9enne applicable, vous, en tant que personne concern\u00e9e, disposez de certains droits concernant<\/p>\n<p>concernant les donn\u00e9es personnelles trait\u00e9es par nous ou en notre nom. Nous expliquons ci-dessous lesquelles<\/p>\n<p>Quels sont ces droits et comment les exercer\u00a0? En principe, nous les envoyons pour pr\u00e9venir les abus.<\/p>\n<p>transcriptions et copies de vos donn\u00e9es uniquement \u00e0 l&#039;adresse e-mail que nous connaissons d\u00e9j\u00e0. Dans le cas o\u00f9 vous<\/p>\n<p>Si vous souhaitez recevoir des donn\u00e9es \u00e0 une adresse e-mail diff\u00e9rente ou, par exemple, par courrier postal, nous vous demanderons de<\/p>\n<p>l\u00e9gitimer. Nous conservons un enregistrement des demandes trait\u00e9es, en cas de demande d&#039;oubli.<\/p>\n<p>Nous g\u00e9rons des donn\u00e9es anonymis\u00e9es. Vous recevrez toutes les transcriptions et copies des donn\u00e9es dans le<\/p>\n<p>format de donn\u00e9es lisible par machine que nous utilisons dans nos syst\u00e8mes. Vous avez le droit de demander \u00e0 tout moment<\/p>\n<p>de d\u00e9poser une plainte aupr\u00e8s de l&#039;Autorit\u00e9 n\u00e9erlandaise de protection des donn\u00e9es si vous soup\u00e7onnez que nous avons trait\u00e9 vos donn\u00e9es personnelles dans un<\/p>\n<p>utiliser dans le mauvais sens.<\/p>\n<p><b>Droit d&#039;inspection<\/b><\/p>\n<p>Vous avez toujours le droit d&#039;acc\u00e9der aux donn\u00e9es que nous traitons (avons) et qui concernent votre personne ou<\/p>\n<p>peut \u00eatre li\u00e9e \u00e0 cela. Vous pouvez soumettre une demande \u00e0 cet effet \u00e0 notre personne de contact pour<\/p>\n<p>La confidentialit\u00e9 est importante. Vous recevrez une r\u00e9ponse \u00e0 votre demande sous 30 jours. Si votre demande est accept\u00e9e,<\/p>\n<p>Nous vous enverrons une copie de toutes les donn\u00e9es avec un aper\u00e7u des processeurs \u00e0 l&#039;adresse e-mail que nous connaissons.<\/p>\n<p>qui disposent de ces donn\u00e9es, en pr\u00e9cisant la cat\u00e9gorie sous laquelle nous d\u00e9tenons ces donn\u00e9es<\/p>\n<p>stock\u00e9.<\/p>\n<p><b>Droit de rectification<\/b><\/p>\n<p>Vous avez toujours le droit d&#039;acc\u00e9der aux donn\u00e9es que nous traitons (avons) et qui concernent votre personne ou<\/p>\n<p>Si vous constatez des erreurs ou des erreurs pouvant \u00eatre li\u00e9es \u00e0 ce probl\u00e8me, veuillez les corriger. Vous pouvez adresser une demande \u00e0 cet effet \u00e0 notre personne de contact.<\/p>\n<p>Pour des questions de confidentialit\u00e9, nous vous r\u00e9pondrons dans les 30 jours. Si votre demande est accept\u00e9e,<\/p>\n<p>Nous vous enverrons une confirmation que les donn\u00e9es ont \u00e9t\u00e9 modifi\u00e9es \u00e0 l&#039;adresse e-mail que nous avons dans nos dossiers pour vous.<\/p>\n<p><b>Droit \u00e0 la limitation du traitement<\/b><\/p>\n<p>Vous avez toujours le droit de demander les donn\u00e9es que nous traitons (avons) et qui concernent votre personne ou qui sont utilis\u00e9es \u00e0 cette fin.<\/p>\n<p>tra\u00e7able, pour limiter. Vous pouvez soumettre une demande \u00e0 cet effet \u00e0 notre personne de contact pour<\/p>\n<p>La confidentialit\u00e9 est importante. Vous recevrez une r\u00e9ponse \u00e0 votre demande sous 30 jours. Si votre demande est accept\u00e9e,<\/p>\n<p>Nous vous enverrons une confirmation \u00e0 l&#039;adresse e-mail que nous avons dans nos dossiers indiquant que les donn\u00e9es ne seront pas trait\u00e9es tant que vous n&#039;aurez pas lev\u00e9 la restriction.<\/p>\n<p>prendre plus de temps \u00e0 traiter.<\/p>\n<p><b>Droit \u00e0 la portabilit\u00e9<\/b><\/p>\n<p>Vous avez toujours le droit d&#039;acc\u00e9der aux donn\u00e9es que nous traitons (avons) et qui concernent votre personne ou<\/p>\n<p>tra\u00e7able, de le faire ex\u00e9cuter par un tiers. Vous pouvez adresser une demande \u00e0 cet effet \u00e0<\/p>\n<p>notre interlocuteur pour les questions de confidentialit\u00e9. Vous recevrez ensuite une r\u00e9ponse \u00e0 votre demande sous 30 jours. Si votre<\/p>\n<p>Si votre demande est accept\u00e9e, nous vous enverrons des copies de toutes les donn\u00e9es \u00e0 l&#039;adresse e-mail que nous avons dans nos dossiers.<\/p>\n<p>les donn\u00e9es vous concernant que nous avons trait\u00e9es ou qui ont \u00e9t\u00e9 trait\u00e9es pour notre compte par d&#039;autres sous-traitants ou des tiers.<\/p>\n<p>Dans un tel cas, nous ne serons probablement plus en mesure de continuer \u00e0 fournir des services en raison des probl\u00e8mes de s\u00e9curit\u00e9.<\/p>\n<p>la liaison des fichiers de donn\u00e9es ne peut alors plus \u00eatre garantie.<\/p>\n<p><b>Droit d&#039;opposition et autres droits<\/b><\/p>\n<p>Dans certains cas, vous avez le droit de vous opposer au traitement de vos donn\u00e9es personnelles.<\/p>\n<p>Par ou au nom de Harris Tweed Shop. Si vous vous y opposez, nous cesserons imm\u00e9diatement de traiter vos donn\u00e9es.<\/p>\n<p>en attendant le traitement de votre objection. Si votre objection est justifi\u00e9e, nous vous enverrons des copies et\/ou<\/p>\n<p>mettre \u00e0 votre disposition des copies des donn\u00e9es que nous traitons (ou avons trait\u00e9es) et poursuivre ensuite le traitement<\/p>\n<p>Vous avez \u00e9galement le droit de ne pas faire l\u2019objet d\u2019une prise de d\u00e9cision individuelle automatis\u00e9e ou d\u2019un profilage.<\/p>\n<p>sont soumis \u00e0. Nous ne traitons pas vos donn\u00e9es de mani\u00e8re \u00e0 ce que ce droit s&#039;applique. \u00cates-vous<\/p>\n<p>Si vous pensez que tel est le cas, veuillez contacter notre responsable de la confidentialit\u00e9.<\/p>\n<p><b>Cookies<\/b><\/p>\n<p><b>Google Analytics<\/b><\/p>\n<p>Des cookies de la soci\u00e9t\u00e9 am\u00e9ricaine Google sont plac\u00e9s via notre site Web dans le cadre du service \u00ab Analytics \u00bb.<\/p>\n<p>Nous utilisons ce service pour suivre et recevoir des rapports sur la fa\u00e7on dont les visiteurs utilisent le site Web.<\/p>\n<p>Ce processeur peut \u00eatre tenu par les lois et r\u00e9glementations applicables de fournir l&#039;acc\u00e8s \u00e0 ce<\/p>\n<p>donn\u00e9es. Nous n&#039;avons pas autoris\u00e9 Google \u00e0 utiliser les informations d&#039;analyse obtenues \u00e0 d&#039;autres fins.<\/p>\n<p>services.<\/p>\n<p><b>Cookies tiers<\/b><\/p>\n<p>Dans le cas o\u00f9 des solutions logicielles tierces utilisent des cookies, cela est indiqu\u00e9 dans le pr\u00e9sent document.<\/p>\n<p>d\u00e9claration de confidentialit\u00e9.<\/p>\n<p><b>Modifications de la politique de confidentialit\u00e9<\/b><\/p>\n<p>Nous nous r\u00e9servons le droit de modifier notre politique de confidentialit\u00e9 \u00e0 tout moment. Cependant, vous trouverez toujours les informations les plus r\u00e9centes sur cette page.<\/p>\n<p>version r\u00e9cente. Si la nouvelle politique de confidentialit\u00e9 a des cons\u00e9quences sur la mani\u00e8re dont nous collectons d\u00e9j\u00e0 les donn\u00e9es,<\/p>\n<p>en ce qui concerne votre traitement, nous vous en informerons par courrier \u00e9lectronique.<\/p>\n<p><b>Coordonn\u00e9es<\/b><\/p>\n<p><b>Boutique Harris Tweed<\/b><\/p>\n<p>Hinthamerstraat 170 5211mv &#039;s-Hertogenbosch Pays-Bas <b>T <\/b>(073) 613-0131 <b>E <\/b>info@harristweed-shop.be<\/p>\n<p><b>Personne \u00e0 contacter pour les questions de confidentialit\u00e9<\/b><\/p>\n<p>Hans Meeuwis<\/p>\n<\/div>","protected":false},"excerpt":{"rendered":"<p>Privacybeleid Harris Tweed Shop https:\/\/harristweed-shop.be Over ons privacybeleid Harris Tweed Shop geeft veel om uw privacy. Wij verwerken daarom uitsluitend gegevens die wij nodig hebben voor (het verbeteren van) onze dienstverlening en gaan zorgvuldig om met de informatie die wij over u en uw gebruik van onze diensten hebben verzameld. Wij stellen uw gegevens nooit [&hellip;]<\/p>\n","protected":false},"author":1,"featured_media":441,"parent":0,"menu_order":0,"comment_status":"closed","ping_status":"closed","template":"","meta":{"footnotes":""},"class_list":["post-3","page","type-page","status-publish","has-post-thumbnail","hentry"],"_links":{"self":[{"href":"https:\/\/harristweed-shop.be\/fr\/wp-json\/wp\/v2\/pages\/3","targetHints":{"allow":["GET"]}}],"collection":[{"href":"https:\/\/harristweed-shop.be\/fr\/wp-json\/wp\/v2\/pages"}],"about":[{"href":"https:\/\/harristweed-shop.be\/fr\/wp-json\/wp\/v2\/types\/page"}],"author":[{"embeddable":true,"href":"https:\/\/harristweed-shop.be\/fr\/wp-json\/wp\/v2\/users\/1"}],"replies":[{"embeddable":true,"href":"https:\/\/harristweed-shop.be\/fr\/wp-json\/wp\/v2\/comments?post=3"}],"version-history":[{"count":4,"href":"https:\/\/harristweed-shop.be\/fr\/wp-json\/wp\/v2\/pages\/3\/revisions"}],"predecessor-version":[{"id":4031,"href":"https:\/\/harristweed-shop.be\/fr\/wp-json\/wp\/v2\/pages\/3\/revisions\/4031"}],"wp:featuredmedia":[{"embeddable":true,"href":"https:\/\/harristweed-shop.be\/fr\/wp-json\/wp\/v2\/media\/441"}],"wp:attachment":[{"href":"https:\/\/harristweed-shop.be\/fr\/wp-json\/wp\/v2\/media?parent=3"}],"curies":[{"name":"wp","href":"https:\/\/api.w.org\/{rel}","templated":true}]}}