{"id":2507,"date":"2020-04-17T11:35:06","date_gmt":"2020-04-17T11:35:06","guid":{"rendered":"https:\/\/harristweed-shop.be\/?page_id=2507"},"modified":"2020-08-19T17:19:53","modified_gmt":"2020-08-19T17:19:53","slug":"harris-tweed","status":"publish","type":"page","link":"https:\/\/harristweed-shop.be\/fr\/harris-tweed\/","title":{"rendered":"Harris Tweed"},"content":{"rendered":"<div data-elementor-type=\"wp-page\" data-elementor-id=\"2507\" class=\"elementor elementor-2507\" data-elementor-post-type=\"page\">\n\t\t\t\t\t\t<section class=\"elementor-section elementor-top-section elementor-element elementor-element-250b52f5 elementor-section-boxed elementor-section-height-default elementor-section-height-default\" data-id=\"250b52f5\" data-element_type=\"section\" data-e-type=\"section\">\n\t\t\t\t\t\t<div class=\"elementor-container elementor-column-gap-default\">\n\t\t\t\t\t<div class=\"elementor-column elementor-col-100 elementor-top-column elementor-element elementor-element-7ccde70e\" data-id=\"7ccde70e\" data-element_type=\"column\" data-e-type=\"column\">\n\t\t\t<div class=\"elementor-widget-wrap elementor-element-populated\">\n\t\t\t\t\t\t<div class=\"elementor-element elementor-element-508baea elementor-widget elementor-widget-text-editor\" data-id=\"508baea\" data-element_type=\"widget\" data-e-type=\"widget\" data-widget_type=\"text-editor.default\">\n\t\t\t\t<div class=\"elementor-widget-container\">\n\t\t\t\t\t\t\t\t\t\n<div class=\"wp-block-themeisle-blocks-advanced-columns has-undefined-columns has-desktop-undefined-layout has-tablet-equal-layout has-mobile-equal-layout has-default-gap has-vertical-unset\" id=\"wp-block-themeisle-blocks-advanced-columns-939a86c8\"><div class=\"wp-block-themeisle-blocks-advanced-columns-overlay\"><\/div><div class=\"innerblocks-wrap\"><\/div><\/div>\n\t\t\t\t\t\t\t\t<\/div>\n\t\t\t\t<\/div>\n\t\t\t\t\t<\/div>\n\t\t<\/div>\n\t\t\t\t\t<\/div>\n\t\t<\/section>\n\t\t\t\t<section class=\"elementor-section elementor-top-section elementor-element elementor-element-79ef3fd elementor-section-content-middle elementor-section-height-min-height elementor-section-boxed elementor-section-height-default elementor-section-items-middle\" data-id=\"79ef3fd\" data-element_type=\"section\" data-e-type=\"section\" data-settings=\"{&quot;background_background&quot;:&quot;classic&quot;}\">\n\t\t\t\t\t\t<div class=\"elementor-container elementor-column-gap-no\">\n\t\t\t\t\t<div class=\"elementor-column elementor-col-100 elementor-top-column elementor-element elementor-element-5608b8b8\" data-id=\"5608b8b8\" data-element_type=\"column\" data-e-type=\"column\">\n\t\t\t<div class=\"elementor-widget-wrap elementor-element-populated\">\n\t\t\t\t\t\t<div class=\"elementor-element elementor-element-4d272e11 elementor-widget elementor-widget-image\" data-id=\"4d272e11\" data-element_type=\"widget\" data-e-type=\"widget\" data-widget_type=\"image.default\">\n\t\t\t\t<div class=\"elementor-widget-container\">\n\t\t\t\t\t\t\t\t\t\t\t\t\t\t\t<img decoding=\"async\" width=\"300\" height=\"132\" src=\"https:\/\/harristweed-shop.be\/wp-content\/uploads\/2020\/04\/imageskopie-copy-300x132.png\" class=\"attachment-medium size-medium wp-image-2669\" alt=\"\" srcset=\"https:\/\/harristweed-shop.be\/wp-content\/uploads\/2020\/04\/imageskopie-copy-300x132.png 300w, https:\/\/harristweed-shop.be\/wp-content\/uploads\/2020\/04\/imageskopie-copy-262x115.png 262w, https:\/\/harristweed-shop.be\/wp-content\/uploads\/2020\/04\/imageskopie-copy.png 338w\" sizes=\"(max-width: 300px) 100vw, 300px\" \/>\t\t\t\t\t\t\t\t\t\t\t\t\t\t\t<\/div>\n\t\t\t\t<\/div>\n\t\t\t\t<div class=\"elementor-element elementor-element-2c5f572a elementor-align-center elementor-button-success elementor-widget elementor-widget-button\" data-id=\"2c5f572a\" data-element_type=\"widget\" data-e-type=\"widget\" data-widget_type=\"button.default\">\n\t\t\t\t<div class=\"elementor-widget-container\">\n\t\t\t\t\t\t\t\t\t<div class=\"elementor-button-wrapper\">\n\t\t\t\t\t<a class=\"elementor-button elementor-button-link elementor-size-md elementor-animation-grow\" href=\"https:\/\/harristweed-shop.be\/fr\/shop\/?filter_merk=harristweed\">\n\t\t\t\t\t\t<span class=\"elementor-button-content-wrapper\">\n\t\t\t\t\t\t\t\t\t<span class=\"elementor-button-text\">Produits Harris Tweed<\/span>\n\t\t\t\t\t<\/span>\n\t\t\t\t\t<\/a>\n\t\t\t\t<\/div>\n\t\t\t\t\t\t\t\t<\/div>\n\t\t\t\t<\/div>\n\t\t\t\t\t<\/div>\n\t\t<\/div>\n\t\t\t\t\t<\/div>\n\t\t<\/section>\n\t\t\t\t<section class=\"elementor-section elementor-top-section elementor-element elementor-element-e2b176e elementor-section-content-middle elementor-section-boxed elementor-section-height-default elementor-section-height-default\" data-id=\"e2b176e\" data-element_type=\"section\" data-e-type=\"section\">\n\t\t\t\t\t\t<div class=\"elementor-container elementor-column-gap-no\">\n\t\t\t\t\t<div class=\"elementor-column elementor-col-50 elementor-top-column elementor-element elementor-element-477ca12\" data-id=\"477ca12\" data-element_type=\"column\" data-e-type=\"column\">\n\t\t\t<div class=\"elementor-widget-wrap elementor-element-populated\">\n\t\t\t\t\t\t<div class=\"elementor-element elementor-element-63e72272 elementor-widget elementor-widget-image\" data-id=\"63e72272\" data-element_type=\"widget\" data-e-type=\"widget\" data-widget_type=\"image.default\">\n\t\t\t\t<div class=\"elementor-widget-container\">\n\t\t\t\t\t\t\t\t\t\t\t\t\t\t\t<img fetchpriority=\"high\" decoding=\"async\" width=\"2560\" height=\"1707\" src=\"https:\/\/harristweed-shop.be\/wp-content\/uploads\/2020\/04\/IMG_1455-kopie-scaled.jpg\" class=\"attachment-full size-full wp-image-1477\" alt=\"\" srcset=\"https:\/\/harristweed-shop.be\/wp-content\/uploads\/2020\/04\/IMG_1455-kopie-scaled.jpg 2560w, https:\/\/harristweed-shop.be\/wp-content\/uploads\/2020\/04\/IMG_1455-kopie-262x175.jpg 262w, https:\/\/harristweed-shop.be\/wp-content\/uploads\/2020\/04\/IMG_1455-kopie-555x370.jpg 555w, https:\/\/harristweed-shop.be\/wp-content\/uploads\/2020\/04\/IMG_1455-kopie-300x200.jpg 300w, https:\/\/harristweed-shop.be\/wp-content\/uploads\/2020\/04\/IMG_1455-kopie-1024x683.jpg 1024w, https:\/\/harristweed-shop.be\/wp-content\/uploads\/2020\/04\/IMG_1455-kopie-768x512.jpg 768w, https:\/\/harristweed-shop.be\/wp-content\/uploads\/2020\/04\/IMG_1455-kopie-1536x1024.jpg 1536w, https:\/\/harristweed-shop.be\/wp-content\/uploads\/2020\/04\/IMG_1455-kopie-2048x1365.jpg 2048w, https:\/\/harristweed-shop.be\/wp-content\/uploads\/2020\/04\/IMG_1455-kopie-750x500.jpg 750w\" sizes=\"(max-width: 2560px) 100vw, 2560px\" \/>\t\t\t\t\t\t\t\t\t\t\t\t\t\t\t<\/div>\n\t\t\t\t<\/div>\n\t\t\t\t\t<\/div>\n\t\t<\/div>\n\t\t\t\t<div class=\"elementor-column elementor-col-50 elementor-top-column elementor-element elementor-element-1d23917f\" data-id=\"1d23917f\" data-element_type=\"column\" data-e-type=\"column\">\n\t\t\t<div class=\"elementor-widget-wrap elementor-element-populated\">\n\t\t\t\t\t\t<div class=\"elementor-element elementor-element-431dded1 elementor-widget elementor-widget-heading\" data-id=\"431dded1\" data-element_type=\"widget\" data-e-type=\"widget\" data-widget_type=\"heading.default\">\n\t\t\t\t<div class=\"elementor-widget-container\">\n\t\t\t\t\t<h4 class=\"elementor-heading-title elementor-size-default\">Harris Tweed<\/h4>\t\t\t\t<\/div>\n\t\t\t\t<\/div>\n\t\t\t\t<div class=\"elementor-element elementor-element-1a8c6a4b elementor-widget elementor-widget-text-editor\" data-id=\"1a8c6a4b\" data-element_type=\"widget\" data-e-type=\"widget\" data-widget_type=\"text-editor.default\">\n\t\t\t\t<div class=\"elementor-widget-container\">\n\t\t\t\t\t\t\t\t\t<p>Vous cherchez un blazer en Harris Tweed\u00a0? Alors, vous \u00eates au bon endroit sur harristweed-shop.nl. Nous vendons de nombreux articles en Harris Tweed sur notre site web.<\/p>\n<p>Envie d&#039;acheter une veste en tweed Harris\u00a0? Cliquez ici. <a href=\"https:\/\/harristweed-shop.be\/fr\/shop\/?filter_merk=harristweed\">ici<\/a>.<\/p>\n<p>Vous h\u00e9sitez sur la taille\u00a0? Utilisez notre vaste s\u00e9lection <a href=\"https:\/\/harristweed-shop.be\/fr\/instructions-de-mesure\/\">instructions de mesure<\/a>Vous n&#039;y parvenez toujours pas\u00a0? N&#039;h\u00e9sitez pas \u00e0 venir en magasin ou \u00e0 prendre rendez-vous. <a href=\"https:\/\/harristweed-shop.be\/fr\/prendre-rendez-vous\/\">rendez-vous<\/a>.<\/p>\t\t\t\t\t\t\t\t<\/div>\n\t\t\t\t<\/div>\n\t\t\t\t<div class=\"elementor-element elementor-element-7f7a1a98 elementor-align-center elementor-button-success elementor-widget elementor-widget-button\" data-id=\"7f7a1a98\" data-element_type=\"widget\" data-e-type=\"widget\" data-widget_type=\"button.default\">\n\t\t\t\t<div class=\"elementor-widget-container\">\n\t\t\t\t\t\t\t\t\t<div class=\"elementor-button-wrapper\">\n\t\t\t\t\t<a class=\"elementor-button elementor-button-link elementor-size-md elementor-animation-grow\" href=\"https:\/\/harristweed-shop.be\/fr\/shop\/?filter_merk=harristweed\">\n\t\t\t\t\t\t<span class=\"elementor-button-content-wrapper\">\n\t\t\t\t\t\t\t\t\t<span class=\"elementor-button-text\">Produits Harris Tweed<\/span>\n\t\t\t\t\t<\/span>\n\t\t\t\t\t<\/a>\n\t\t\t\t<\/div>\n\t\t\t\t\t\t\t\t<\/div>\n\t\t\t\t<\/div>\n\t\t\t\t\t<\/div>\n\t\t<\/div>\n\t\t\t\t\t<\/div>\n\t\t<\/section>\n\t\t\t\t<section class=\"elementor-section elementor-top-section elementor-element elementor-element-4c404781 elementor-section-boxed elementor-section-height-default elementor-section-height-default\" data-id=\"4c404781\" data-element_type=\"section\" data-e-type=\"section\">\n\t\t\t\t\t\t<div class=\"elementor-container elementor-column-gap-default\">\n\t\t\t\t\t<div class=\"elementor-column elementor-col-100 elementor-top-column elementor-element elementor-element-7ea08d1e\" data-id=\"7ea08d1e\" data-element_type=\"column\" data-e-type=\"column\">\n\t\t\t<div class=\"elementor-widget-wrap elementor-element-populated\">\n\t\t\t\t\t\t<div class=\"elementor-element elementor-element-465bf682 elementor-widget elementor-widget-spacer\" data-id=\"465bf682\" data-element_type=\"widget\" data-e-type=\"widget\" data-widget_type=\"spacer.default\">\n\t\t\t\t<div class=\"elementor-widget-container\">\n\t\t\t\t\t\t\t<div class=\"elementor-spacer\">\n\t\t\t<div class=\"elementor-spacer-inner\"><\/div>\n\t\t<\/div>\n\t\t\t\t\t\t<\/div>\n\t\t\t\t<\/div>\n\t\t\t\t<div class=\"elementor-element elementor-element-59c718b1 elementor-widget elementor-widget-heading\" data-id=\"59c718b1\" data-element_type=\"widget\" data-e-type=\"widget\" data-settings=\"{&quot;_animation&quot;:&quot;none&quot;}\" data-widget_type=\"heading.default\">\n\t\t\t\t<div class=\"elementor-widget-container\">\n\t\t\t\t\t<h3 class=\"elementor-heading-title elementor-size-default\">En vedette<\/h3>\t\t\t\t<\/div>\n\t\t\t\t<\/div>\n\t\t\t\t<div class=\"elementor-element elementor-element-4b5dcd2a elementor-widget elementor-widget-spacer\" data-id=\"4b5dcd2a\" data-element_type=\"widget\" data-e-type=\"widget\" data-widget_type=\"spacer.default\">\n\t\t\t\t<div class=\"elementor-widget-container\">\n\t\t\t\t\t\t\t<div class=\"elementor-spacer\">\n\t\t\t<div class=\"elementor-spacer-inner\"><\/div>\n\t\t<\/div>\n\t\t\t\t\t\t<\/div>\n\t\t\t\t<\/div>\n\t\t\t\t\t<\/div>\n\t\t<\/div>\n\t\t\t\t\t<\/div>\n\t\t<\/section>\n\t\t\t\t<section class=\"elementor-section elementor-top-section elementor-element elementor-element-3fd8fdb7 elementor-section-boxed elementor-section-height-default elementor-section-height-default\" data-id=\"3fd8fdb7\" data-element_type=\"section\" data-e-type=\"section\">\n\t\t\t\t\t\t<div class=\"elementor-container elementor-column-gap-default\">\n\t\t\t\t\t<div class=\"elementor-column elementor-col-100 elementor-top-column elementor-element elementor-element-496e951d\" data-id=\"496e951d\" data-element_type=\"column\" data-e-type=\"column\">\n\t\t\t<div class=\"elementor-widget-wrap elementor-element-populated\">\n\t\t\t\t\t\t<div class=\"elementor-element elementor-element-6184c560 elementor-arrows-position-inside elementor-widget elementor-widget-image-carousel\" data-id=\"6184c560\" data-element_type=\"widget\" data-e-type=\"widget\" data-settings=\"{&quot;navigation&quot;:&quot;arrows&quot;,&quot;autoplay&quot;:&quot;yes&quot;,&quot;pause_on_hover&quot;:&quot;yes&quot;,&quot;pause_on_interaction&quot;:&quot;yes&quot;,&quot;autoplay_speed&quot;:5000,&quot;infinite&quot;:&quot;yes&quot;,&quot;speed&quot;:500}\" data-widget_type=\"image-carousel.default\">\n\t\t\t\t<div class=\"elementor-widget-container\">\n\t\t\t\t\t\t\t<div class=\"elementor-image-carousel-wrapper swiper\" role=\"region\" aria-roledescription=\"carousel\" aria-label=\"Carrousel d&#039;images\" dir=\"ltr\">\n\t\t\t<div class=\"elementor-image-carousel swiper-wrapper\" aria-live=\"off\">\n\t\t\t\t\t\t\t\t<div class=\"swiper-slide\" role=\"group\" aria-roledescription=\"slide\" aria-label=\"1 sur 6\"><a data-elementor-open-lightbox=\"yes\" data-elementor-lightbox-slideshow=\"6184c560\" data-elementor-lightbox-title=\"image\" data-e-action-hash=\"#elementor-action%3Aaction%3Dlightbox%26settings%3DeyJpZCI6ODQxLCJ1cmwiOiJodHRwczpcL1wvaGFycmlzdHdlZWQtc2hvcC5iZVwvd3AtY29udGVudFwvdXBsb2Fkc1wvMjAyMFwvMDRcL2ltYWdlLTIxLWUxNTg1OTIzMzA1MTUwLmpwZWciLCJzbGlkZXNob3ciOiI2MTg0YzU2MCJ9\" href=\"https:\/\/harristweed-shop.be\/fr\/product\/harris-tweed-jacket-670\/, https:\/\/harristweed-shop.be\/product\/harris-tweed-jacket-601\/, https:\/\/harristweed-shop.be\/product\/harris-tweed-jacket-618\/, https:\/\/harristweed-shop.be\/product\/harris-tweed-jacket-612\/, https:\/\/harristweed-shop.be\/product\/harris-tweed-jacket-619\/, https:\/\/harristweed-shop.be\/product\/harris-tweed-jacket-kopie\/, \/\"><figure class=\"swiper-slide-inner\"><img decoding=\"async\" class=\"swiper-slide-image\" src=\"https:\/\/harristweed-shop.be\/wp-content\/uploads\/elementor\/thumbs\/image-21-e1585923305150-onj0ioiymtan0z320pnbouuxr9w3yrwly765nlqmc4.jpeg\" alt=\"acheter une veste Wellington ou Bilmore en ligne\" \/><\/figure><\/a><\/div><div class=\"swiper-slide\" role=\"group\" aria-roledescription=\"slide\" aria-label=\"2 sur 6\"><a data-elementor-open-lightbox=\"yes\" data-elementor-lightbox-slideshow=\"6184c560\" data-e-action-hash=\"#elementor-action%3Aaction%3Dlightbox%26settings%3DeyJpZCI6ODMxLCJ1cmwiOmZhbHNlLCJzbGlkZXNob3ciOiI2MTg0YzU2MCJ9\" href=\"https:\/\/harristweed-shop.be\/fr\/product\/harris-tweed-jacket-670\/, https:\/\/harristweed-shop.be\/product\/harris-tweed-jacket-601\/, https:\/\/harristweed-shop.be\/product\/harris-tweed-jacket-618\/, https:\/\/harristweed-shop.be\/product\/harris-tweed-jacket-612\/, https:\/\/harristweed-shop.be\/product\/harris-tweed-jacket-619\/, https:\/\/harristweed-shop.be\/product\/harris-tweed-jacket-kopie\/, \/\"><figure class=\"swiper-slide-inner\"><img decoding=\"async\" class=\"swiper-slide-image\" src=\"https:\/\/harristweed-shop.be\/wp-content\/uploads\/2020\/04\/image-17.png\" alt=\"\" \/><\/figure><\/a><\/div><div class=\"swiper-slide\" role=\"group\" aria-roledescription=\"slide\" aria-label=\"3 sur 6\"><a data-elementor-open-lightbox=\"yes\" data-elementor-lightbox-slideshow=\"6184c560\" data-e-action-hash=\"#elementor-action%3Aaction%3Dlightbox%26settings%3DeyJpZCI6ODE5LCJ1cmwiOmZhbHNlLCJzbGlkZXNob3ciOiI2MTg0YzU2MCJ9\" href=\"https:\/\/harristweed-shop.be\/fr\/product\/harris-tweed-jacket-670\/, https:\/\/harristweed-shop.be\/product\/harris-tweed-jacket-601\/, https:\/\/harristweed-shop.be\/product\/harris-tweed-jacket-618\/, https:\/\/harristweed-shop.be\/product\/harris-tweed-jacket-612\/, https:\/\/harristweed-shop.be\/product\/harris-tweed-jacket-619\/, https:\/\/harristweed-shop.be\/product\/harris-tweed-jacket-kopie\/, \/\"><figure class=\"swiper-slide-inner\"><img decoding=\"async\" class=\"swiper-slide-image\" src=\"https:\/\/harristweed-shop.be\/wp-content\/uploads\/2020\/04\/image-13-scaled-e1585922866529.jpeg\" alt=\"\" \/><\/figure><\/a><\/div><div class=\"swiper-slide\" role=\"group\" aria-roledescription=\"slide\" aria-label=\"4 sur 6\"><a data-elementor-open-lightbox=\"yes\" data-elementor-lightbox-slideshow=\"6184c560\" data-e-action-hash=\"#elementor-action%3Aaction%3Dlightbox%26settings%3DeyJpZCI6NzkxLCJ1cmwiOmZhbHNlLCJzbGlkZXNob3ciOiI2MTg0YzU2MCJ9\" href=\"https:\/\/harristweed-shop.be\/fr\/product\/harris-tweed-jacket-670\/, https:\/\/harristweed-shop.be\/product\/harris-tweed-jacket-601\/, https:\/\/harristweed-shop.be\/product\/harris-tweed-jacket-618\/, https:\/\/harristweed-shop.be\/product\/harris-tweed-jacket-612\/, https:\/\/harristweed-shop.be\/product\/harris-tweed-jacket-619\/, https:\/\/harristweed-shop.be\/product\/harris-tweed-jacket-kopie\/, \/\"><figure class=\"swiper-slide-inner\"><img decoding=\"async\" class=\"swiper-slide-image\" src=\"https:\/\/harristweed-shop.be\/wp-content\/uploads\/2020\/04\/image-5.jpeg\" alt=\"\" \/><\/figure><\/a><\/div><div class=\"swiper-slide\" role=\"group\" aria-roledescription=\"slide\" aria-label=\"5 sur 6\"><a data-elementor-open-lightbox=\"yes\" data-elementor-lightbox-slideshow=\"6184c560\" data-elementor-lightbox-title=\"image\" data-e-action-hash=\"#elementor-action%3Aaction%3Dlightbox%26settings%3DeyJpZCI6ODA2LCJ1cmwiOiJodHRwczpcL1wvaGFycmlzdHdlZWQtc2hvcC5iZVwvd3AtY29udGVudFwvdXBsb2Fkc1wvMjAyMFwvMDRcL2ltYWdlLTgtc2NhbGVkLWUxNTg1OTIyMzgxNzQwLmpwZWciLCJzbGlkZXNob3ciOiI2MTg0YzU2MCJ9\" href=\"https:\/\/harristweed-shop.be\/fr\/product\/harris-tweed-jacket-670\/, https:\/\/harristweed-shop.be\/product\/harris-tweed-jacket-601\/, https:\/\/harristweed-shop.be\/product\/harris-tweed-jacket-618\/, https:\/\/harristweed-shop.be\/product\/harris-tweed-jacket-612\/, https:\/\/harristweed-shop.be\/product\/harris-tweed-jacket-619\/, https:\/\/harristweed-shop.be\/product\/harris-tweed-jacket-kopie\/, \/\"><figure class=\"swiper-slide-inner\"><img decoding=\"async\" class=\"swiper-slide-image\" src=\"https:\/\/harristweed-shop.be\/wp-content\/uploads\/elementor\/thumbs\/image-8-scaled-e1585922381740-onizuk037w9p1a4mwa81oy10v8syeg4mmsdi7xie1g.jpeg\" alt=\"Achetez des blazers Wellington ou Bilmore en ligne\" \/><\/figure><\/a><\/div><div class=\"swiper-slide\" role=\"group\" aria-roledescription=\"slide\" aria-label=\"6 sur 6\"><a data-elementor-open-lightbox=\"yes\" data-elementor-lightbox-slideshow=\"6184c560\" data-elementor-lightbox-title=\"image\" data-e-action-hash=\"#elementor-action%3Aaction%3Dlightbox%26settings%3DeyJpZCI6NzgxLCJ1cmwiOiJodHRwczpcL1wvaGFycmlzdHdlZWQtc2hvcC5iZVwvd3AtY29udGVudFwvdXBsb2Fkc1wvMjAyMFwvMDRcL2ltYWdlLTEtZTE1ODU5MjExMjE4NDYuanBlZyIsInNsaWRlc2hvdyI6IjYxODRjNTYwIn0%3D\" href=\"https:\/\/harristweed-shop.be\/fr\/product\/harris-tweed-jacket-670\/, https:\/\/harristweed-shop.be\/product\/harris-tweed-jacket-601\/, https:\/\/harristweed-shop.be\/product\/harris-tweed-jacket-618\/, https:\/\/harristweed-shop.be\/product\/harris-tweed-jacket-612\/, https:\/\/harristweed-shop.be\/product\/harris-tweed-jacket-619\/, https:\/\/harristweed-shop.be\/product\/harris-tweed-jacket-kopie\/, \/\"><figure class=\"swiper-slide-inner\"><img decoding=\"async\" class=\"swiper-slide-image\" src=\"https:\/\/harristweed-shop.be\/wp-content\/uploads\/elementor\/thumbs\/image-1-e1585921121846-oniyxnng0n8eolwz02a4f8w8dqygztiu3ydpjaaftg.jpeg\" alt=\"Achetez des blazers Wellington ou Bilmore en ligne\" \/><\/figure><\/a><\/div>\t\t\t<\/div>\n\t\t\t\t\t\t\t\t\t\t\t\t<div class=\"elementor-swiper-button elementor-swiper-button-prev\" role=\"button\" tabindex=\"0\">\n\t\t\t\t\t\t<i aria-hidden=\"true\" class=\"eicon-chevron-left\"><\/i>\t\t\t\t\t<\/div>\n\t\t\t\t\t<div class=\"elementor-swiper-button elementor-swiper-button-next\" role=\"button\" tabindex=\"0\">\n\t\t\t\t\t\t<i aria-hidden=\"true\" class=\"eicon-chevron-right\"><\/i>\t\t\t\t\t<\/div>\n\t\t\t\t\n\t\t\t\t\t\t\t\t\t<\/div>\n\t\t\t\t\t\t<\/div>\n\t\t\t\t<\/div>\n\t\t\t\t\t<\/div>\n\t\t<\/div>\n\t\t\t\t\t<\/div>\n\t\t<\/section>\n\t\t\t\t<section class=\"elementor-section elementor-top-section elementor-element elementor-element-7a7170b elementor-section-boxed elementor-section-height-default elementor-section-height-default\" data-id=\"7a7170b\" data-element_type=\"section\" data-e-type=\"section\">\n\t\t\t\t\t\t<div class=\"elementor-container elementor-column-gap-default\">\n\t\t\t\t\t<div class=\"elementor-column elementor-col-100 elementor-top-column elementor-element elementor-element-22bae1d\" data-id=\"22bae1d\" data-element_type=\"column\" data-e-type=\"column\">\n\t\t\t<div class=\"elementor-widget-wrap elementor-element-populated\">\n\t\t\t\t\t\t<div class=\"elementor-element elementor-element-f82ab8d elementor-widget elementor-widget-spacer\" data-id=\"f82ab8d\" data-element_type=\"widget\" data-e-type=\"widget\" data-widget_type=\"spacer.default\">\n\t\t\t\t<div class=\"elementor-widget-container\">\n\t\t\t\t\t\t\t<div class=\"elementor-spacer\">\n\t\t\t<div class=\"elementor-spacer-inner\"><\/div>\n\t\t<\/div>\n\t\t\t\t\t\t<\/div>\n\t\t\t\t<\/div>\n\t\t\t\t\t<\/div>\n\t\t<\/div>\n\t\t\t\t\t<\/div>\n\t\t<\/section>\n\t\t\t\t<\/div>","protected":false},"excerpt":{"rendered":"<p>Harris Tweed producten Harris Tweed Bent u opzoek naar een colbert van Harris Tweed? Dan bent u bij harristweed-shop.nl aan het goede adres. Op onze website verkopen wij veel producten van Harris Tweed. Wilt u een van de Harris Tweed colberts kopen? Klik dan hier. Twijfelt u over de maat? Maak dan gebruik van onze [&hellip;]<\/p>\n","protected":false},"author":7,"featured_media":0,"parent":0,"menu_order":0,"comment_status":"closed","ping_status":"closed","template":"elementor_header_footer","meta":{"footnotes":""},"class_list":["post-2507","page","type-page","status-publish","hentry"],"_links":{"self":[{"href":"https:\/\/harristweed-shop.be\/fr\/wp-json\/wp\/v2\/pages\/2507","targetHints":{"allow":["GET"]}}],"collection":[{"href":"https:\/\/harristweed-shop.be\/fr\/wp-json\/wp\/v2\/pages"}],"about":[{"href":"https:\/\/harristweed-shop.be\/fr\/wp-json\/wp\/v2\/types\/page"}],"author":[{"embeddable":true,"href":"https:\/\/harristweed-shop.be\/fr\/wp-json\/wp\/v2\/users\/7"}],"replies":[{"embeddable":true,"href":"https:\/\/harristweed-shop.be\/fr\/wp-json\/wp\/v2\/comments?post=2507"}],"version-history":[{"count":14,"href":"https:\/\/harristweed-shop.be\/fr\/wp-json\/wp\/v2\/pages\/2507\/revisions"}],"predecessor-version":[{"id":3280,"href":"https:\/\/harristweed-shop.be\/fr\/wp-json\/wp\/v2\/pages\/2507\/revisions\/3280"}],"wp:attachment":[{"href":"https:\/\/harristweed-shop.be\/fr\/wp-json\/wp\/v2\/media?parent=2507"}],"curies":[{"name":"wp","href":"https:\/\/api.w.org\/{rel}","templated":true}]}}