{"id":176,"date":"2018-09-27T12:07:09","date_gmt":"2018-09-27T12:07:09","guid":{"rendered":"https:\/\/harristweed-shop.be\/?page_id=176"},"modified":"2020-04-17T14:48:31","modified_gmt":"2020-04-17T14:48:31","slug":"meet-instructies","status":"publish","type":"page","link":"https:\/\/harristweed-shop.be\/fr\/instructions-de-mesure-2\/","title":{"rendered":"Instructions de mesure1"},"content":{"rendered":"<div data-elementor-type=\"wp-post\" data-elementor-id=\"176\" class=\"elementor elementor-176\" data-elementor-post-type=\"page\">\n\t\t\t\t\t\t<section class=\"elementor-section elementor-top-section elementor-element elementor-element-c199847 elementor-section-boxed elementor-section-height-default elementor-section-height-default\" data-id=\"c199847\" data-element_type=\"section\" data-e-type=\"section\">\n\t\t\t\t\t\t<div class=\"elementor-container elementor-column-gap-default\">\n\t\t\t\t\t<div class=\"elementor-column elementor-col-100 elementor-top-column elementor-element elementor-element-fdd36fc\" data-id=\"fdd36fc\" data-element_type=\"column\" data-e-type=\"column\">\n\t\t\t<div class=\"elementor-widget-wrap elementor-element-populated\">\n\t\t\t\t\t\t<div class=\"elementor-element elementor-element-fa9535b elementor-widget elementor-widget-text-editor\" data-id=\"fa9535b\" data-element_type=\"widget\" data-e-type=\"widget\" data-widget_type=\"text-editor.default\">\n\t\t\t\t<div class=\"elementor-widget-container\">\n\t\t\t\t\t\t\t\t\t<p>Sur cette page, vous trouverez des instructions de mesure pour d\u00e9terminer la taille appropri\u00e9e des v\u00eatements que vous souhaitez louer.<\/p><p><strong>\u00a0<\/strong><\/p>\t\t\t\t\t\t\t\t<\/div>\n\t\t\t\t<\/div>\n\t\t\t\t\t<\/div>\n\t\t<\/div>\n\t\t\t\t\t<\/div>\n\t\t<\/section>\n\t\t\t\t<section class=\"elementor-section elementor-top-section elementor-element elementor-element-3d33f10 elementor-section-boxed elementor-section-height-default elementor-section-height-default\" data-id=\"3d33f10\" data-element_type=\"section\" data-e-type=\"section\">\n\t\t\t\t\t\t<div class=\"elementor-container elementor-column-gap-default\">\n\t\t\t\t\t<div class=\"elementor-column elementor-col-100 elementor-top-column elementor-element elementor-element-0f4d09d\" data-id=\"0f4d09d\" data-element_type=\"column\" data-e-type=\"column\">\n\t\t\t<div class=\"elementor-widget-wrap elementor-element-populated\">\n\t\t\t\t\t\t<div class=\"elementor-element elementor-element-6feeb00 elementor-widget elementor-widget-text-editor\" data-id=\"6feeb00\" data-element_type=\"widget\" data-e-type=\"widget\" data-widget_type=\"text-editor.default\">\n\t\t\t\t<div class=\"elementor-widget-container\">\n\t\t\t\t\t\t\t\t\t<p><strong>Longueur du corps :<\/strong>\u00a0 Cela parle de soi-m\u00eame, indiquez ici votre taille en centim\u00e8tres.<\/p>\t\t\t\t\t\t\t\t<\/div>\n\t\t\t\t<\/div>\n\t\t\t\t<section class=\"elementor-section elementor-inner-section elementor-element elementor-element-4d3e7aa elementor-section-boxed elementor-section-height-default elementor-section-height-default\" data-id=\"4d3e7aa\" data-element_type=\"section\" data-e-type=\"section\">\n\t\t\t\t\t\t<div class=\"elementor-container elementor-column-gap-default\">\n\t\t\t\t\t<div class=\"elementor-column elementor-col-50 elementor-inner-column elementor-element elementor-element-719d8c8\" data-id=\"719d8c8\" data-element_type=\"column\" data-e-type=\"column\">\n\t\t\t<div class=\"elementor-widget-wrap elementor-element-populated\">\n\t\t\t\t\t\t<div class=\"elementor-element elementor-element-e71f5cb elementor-widget elementor-widget-text-editor\" data-id=\"e71f5cb\" data-element_type=\"widget\" data-e-type=\"widget\" data-widget_type=\"text-editor.default\">\n\t\t\t\t<div class=\"elementor-widget-container\">\n\t\t\t\t\t\t\t\t\t<p><strong>Dimensions du plateau :<\/strong><\/p><p>Il s&#039;agit de la taille de la chemise, mesur\u00e9e autour de votre cou en centim\u00e8tres, avec une tol\u00e9rance de 1 cm.<\/p>\t\t\t\t\t\t\t\t<\/div>\n\t\t\t\t<\/div>\n\t\t\t\t\t<\/div>\n\t\t<\/div>\n\t\t\t\t<div class=\"elementor-column elementor-col-50 elementor-inner-column elementor-element elementor-element-6690d42\" data-id=\"6690d42\" data-element_type=\"column\" data-e-type=\"column\">\n\t\t\t<div class=\"elementor-widget-wrap elementor-element-populated\">\n\t\t\t\t\t\t<div class=\"elementor-element elementor-element-3e057ea elementor-widget elementor-widget-image\" data-id=\"3e057ea\" data-element_type=\"widget\" data-e-type=\"widget\" data-widget_type=\"image.default\">\n\t\t\t\t<div class=\"elementor-widget-container\">\n\t\t\t\t\t\t\t\t\t\t\t\t\t\t\t<img fetchpriority=\"high\" decoding=\"async\" width=\"980\" height=\"735\" src=\"https:\/\/harristweed-shop.be\/wp-content\/uploads\/2018\/09\/15380498446244135287018382413987-1024x768.jpg\" class=\"attachment-large size-large wp-image-177\" alt=\"\" srcset=\"https:\/\/harristweed-shop.be\/wp-content\/uploads\/2018\/09\/15380498446244135287018382413987-1024x768.jpg 1024w, https:\/\/harristweed-shop.be\/wp-content\/uploads\/2018\/09\/15380498446244135287018382413987-262x197.jpg 262w, https:\/\/harristweed-shop.be\/wp-content\/uploads\/2018\/09\/15380498446244135287018382413987-555x416.jpg 555w, https:\/\/harristweed-shop.be\/wp-content\/uploads\/2018\/09\/15380498446244135287018382413987-300x225.jpg 300w, https:\/\/harristweed-shop.be\/wp-content\/uploads\/2018\/09\/15380498446244135287018382413987-768x576.jpg 768w, https:\/\/harristweed-shop.be\/wp-content\/uploads\/2018\/09\/15380498446244135287018382413987.jpg 1600w\" sizes=\"(max-width: 980px) 100vw, 980px\" \/>\t\t\t\t\t\t\t\t\t\t\t\t\t\t\t<\/div>\n\t\t\t\t<\/div>\n\t\t\t\t\t<\/div>\n\t\t<\/div>\n\t\t\t\t\t<\/div>\n\t\t<\/section>\n\t\t\t\t<section class=\"elementor-section elementor-inner-section elementor-element elementor-element-e36841f elementor-section-boxed elementor-section-height-default elementor-section-height-default\" data-id=\"e36841f\" data-element_type=\"section\" data-e-type=\"section\">\n\t\t\t\t\t\t<div class=\"elementor-container elementor-column-gap-default\">\n\t\t\t\t\t<div class=\"elementor-column elementor-col-50 elementor-inner-column elementor-element elementor-element-f782634\" data-id=\"f782634\" data-element_type=\"column\" data-e-type=\"column\">\n\t\t\t<div class=\"elementor-widget-wrap elementor-element-populated\">\n\t\t\t\t\t\t<div class=\"elementor-element elementor-element-084fc8c elementor-widget elementor-widget-text-editor\" data-id=\"084fc8c\" data-element_type=\"widget\" data-e-type=\"widget\" data-widget_type=\"text-editor.default\">\n\t\t\t\t<div class=\"elementor-widget-container\">\n\t\t\t\t\t\t\t\t\t<p><strong>Tour de poitrine :<\/strong><\/p><p>Voici votre tour de poitrine, mesur\u00e9 en centim\u00e8tres au point le plus large. Tenez le m\u00e8tre ruban sans serrer autour de votre poitrine, mais assurez-vous qu&#039;il soit bien ajust\u00e9. Tenez-vous debout, d\u00e9tendu.<\/p>\t\t\t\t\t\t\t\t<\/div>\n\t\t\t\t<\/div>\n\t\t\t\t\t<\/div>\n\t\t<\/div>\n\t\t\t\t<div class=\"elementor-column elementor-col-50 elementor-inner-column elementor-element elementor-element-05b356b\" data-id=\"05b356b\" data-element_type=\"column\" data-e-type=\"column\">\n\t\t\t<div class=\"elementor-widget-wrap elementor-element-populated\">\n\t\t\t\t\t\t<div class=\"elementor-element elementor-element-958500c elementor-widget elementor-widget-image\" data-id=\"958500c\" data-element_type=\"widget\" data-e-type=\"widget\" data-widget_type=\"image.default\">\n\t\t\t\t<div class=\"elementor-widget-container\">\n\t\t\t\t\t\t\t\t\t\t\t\t\t\t\t<img decoding=\"async\" width=\"980\" height=\"735\" src=\"https:\/\/harristweed-shop.be\/wp-content\/uploads\/2018\/09\/15380498534322872214232157565577-1024x768.jpg\" class=\"attachment-large size-large wp-image-178\" alt=\"\" srcset=\"https:\/\/harristweed-shop.be\/wp-content\/uploads\/2018\/09\/15380498534322872214232157565577-1024x768.jpg 1024w, https:\/\/harristweed-shop.be\/wp-content\/uploads\/2018\/09\/15380498534322872214232157565577-262x197.jpg 262w, https:\/\/harristweed-shop.be\/wp-content\/uploads\/2018\/09\/15380498534322872214232157565577-555x416.jpg 555w, https:\/\/harristweed-shop.be\/wp-content\/uploads\/2018\/09\/15380498534322872214232157565577-300x225.jpg 300w, https:\/\/harristweed-shop.be\/wp-content\/uploads\/2018\/09\/15380498534322872214232157565577-768x576.jpg 768w, https:\/\/harristweed-shop.be\/wp-content\/uploads\/2018\/09\/15380498534322872214232157565577.jpg 1600w\" sizes=\"(max-width: 980px) 100vw, 980px\" \/>\t\t\t\t\t\t\t\t\t\t\t\t\t\t\t<\/div>\n\t\t\t\t<\/div>\n\t\t\t\t\t<\/div>\n\t\t<\/div>\n\t\t\t\t\t<\/div>\n\t\t<\/section>\n\t\t\t\t<section class=\"elementor-section elementor-inner-section elementor-element elementor-element-3fb7eb9 elementor-section-boxed elementor-section-height-default elementor-section-height-default\" data-id=\"3fb7eb9\" data-element_type=\"section\" data-e-type=\"section\">\n\t\t\t\t\t\t<div class=\"elementor-container elementor-column-gap-default\">\n\t\t\t\t\t<div class=\"elementor-column elementor-col-50 elementor-inner-column elementor-element elementor-element-5ad8139\" data-id=\"5ad8139\" data-element_type=\"column\" data-e-type=\"column\">\n\t\t\t<div class=\"elementor-widget-wrap elementor-element-populated\">\n\t\t\t\t\t\t<div class=\"elementor-element elementor-element-3e846f7 elementor-widget elementor-widget-text-editor\" data-id=\"3e846f7\" data-element_type=\"widget\" data-e-type=\"widget\" data-widget_type=\"text-editor.default\">\n\t\t\t\t<div class=\"elementor-widget-container\">\n\t\t\t\t\t\t\t\t\t<p><strong>Circonf\u00e9rence abdominale :<\/strong><\/p><p>Il s&#039;agit de la circonf\u00e9rence de votre abdomen, \u00e0 son point le plus large, en incluant les ischio-jambiers. Gardez votre abdomen d\u00e9tendu, ne le rentrez pas\u00a0! Mesur\u00e9 en centim\u00e8tres.<\/p>\t\t\t\t\t\t\t\t<\/div>\n\t\t\t\t<\/div>\n\t\t\t\t\t<\/div>\n\t\t<\/div>\n\t\t\t\t<div class=\"elementor-column elementor-col-50 elementor-inner-column elementor-element elementor-element-4a247ef\" data-id=\"4a247ef\" data-element_type=\"column\" data-e-type=\"column\">\n\t\t\t<div class=\"elementor-widget-wrap elementor-element-populated\">\n\t\t\t\t\t\t<div class=\"elementor-element elementor-element-76aac64 elementor-widget elementor-widget-image\" data-id=\"76aac64\" data-element_type=\"widget\" data-e-type=\"widget\" data-widget_type=\"image.default\">\n\t\t\t\t<div class=\"elementor-widget-container\">\n\t\t\t\t\t\t\t\t\t\t\t\t\t\t\t<img decoding=\"async\" width=\"980\" height=\"735\" src=\"https:\/\/harristweed-shop.be\/wp-content\/uploads\/2018\/09\/15380498611438681906403701085341-1024x768.jpg\" class=\"attachment-large size-large wp-image-179\" alt=\"\" srcset=\"https:\/\/harristweed-shop.be\/wp-content\/uploads\/2018\/09\/15380498611438681906403701085341-1024x768.jpg 1024w, https:\/\/harristweed-shop.be\/wp-content\/uploads\/2018\/09\/15380498611438681906403701085341-262x197.jpg 262w, https:\/\/harristweed-shop.be\/wp-content\/uploads\/2018\/09\/15380498611438681906403701085341-555x416.jpg 555w, https:\/\/harristweed-shop.be\/wp-content\/uploads\/2018\/09\/15380498611438681906403701085341-300x225.jpg 300w, https:\/\/harristweed-shop.be\/wp-content\/uploads\/2018\/09\/15380498611438681906403701085341-768x576.jpg 768w, https:\/\/harristweed-shop.be\/wp-content\/uploads\/2018\/09\/15380498611438681906403701085341.jpg 1600w\" sizes=\"(max-width: 980px) 100vw, 980px\" \/>\t\t\t\t\t\t\t\t\t\t\t\t\t\t\t<\/div>\n\t\t\t\t<\/div>\n\t\t\t\t\t<\/div>\n\t\t<\/div>\n\t\t\t\t\t<\/div>\n\t\t<\/section>\n\t\t\t\t<section class=\"elementor-section elementor-inner-section elementor-element elementor-element-0c91077 elementor-section-boxed elementor-section-height-default elementor-section-height-default\" data-id=\"0c91077\" data-element_type=\"section\" data-e-type=\"section\">\n\t\t\t\t\t\t<div class=\"elementor-container elementor-column-gap-default\">\n\t\t\t\t\t<div class=\"elementor-column elementor-col-50 elementor-inner-column elementor-element elementor-element-51498c0\" data-id=\"51498c0\" data-element_type=\"column\" data-e-type=\"column\">\n\t\t\t<div class=\"elementor-widget-wrap elementor-element-populated\">\n\t\t\t\t\t\t<div class=\"elementor-element elementor-element-bb0d613 elementor-widget elementor-widget-text-editor\" data-id=\"bb0d613\" data-element_type=\"widget\" data-e-type=\"widget\" data-widget_type=\"text-editor.default\">\n\t\t\t\t<div class=\"elementor-widget-container\">\n\t\t\t\t\t\t\t\t\t<p><strong>Ceinture du pantalon :<\/strong><\/p><p>Il s&#039;agit de la circonf\u00e9rence de la ceinture du pantalon, mesur\u00e9e \u00e0 l&#039;endroit o\u00f9 le pantalon sera ajust\u00e9 autour de la taille, en centim\u00e8tres. Vous pouvez \u00e9galement mesurer la ceinture d&#039;un pantalon d\u00e9j\u00e0 bien ajust\u00e9, d&#039;un bouton \u00e0 l&#039;autre.<\/p>\t\t\t\t\t\t\t\t<\/div>\n\t\t\t\t<\/div>\n\t\t\t\t\t<\/div>\n\t\t<\/div>\n\t\t\t\t<div class=\"elementor-column elementor-col-50 elementor-inner-column elementor-element elementor-element-09856ee\" data-id=\"09856ee\" data-element_type=\"column\" data-e-type=\"column\">\n\t\t\t<div class=\"elementor-widget-wrap elementor-element-populated\">\n\t\t\t\t\t\t<div class=\"elementor-element elementor-element-40e4b9f elementor-widget elementor-widget-image\" data-id=\"40e4b9f\" data-element_type=\"widget\" data-e-type=\"widget\" data-widget_type=\"image.default\">\n\t\t\t\t<div class=\"elementor-widget-container\">\n\t\t\t\t\t\t\t\t\t\t\t\t\t\t\t<img loading=\"lazy\" decoding=\"async\" width=\"980\" height=\"735\" src=\"https:\/\/harristweed-shop.be\/wp-content\/uploads\/2018\/09\/15380498685218419668288571026247-1024x768.jpg\" class=\"attachment-large size-large wp-image-180\" alt=\"\" srcset=\"https:\/\/harristweed-shop.be\/wp-content\/uploads\/2018\/09\/15380498685218419668288571026247-1024x768.jpg 1024w, https:\/\/harristweed-shop.be\/wp-content\/uploads\/2018\/09\/15380498685218419668288571026247-262x197.jpg 262w, https:\/\/harristweed-shop.be\/wp-content\/uploads\/2018\/09\/15380498685218419668288571026247-555x416.jpg 555w, https:\/\/harristweed-shop.be\/wp-content\/uploads\/2018\/09\/15380498685218419668288571026247-300x225.jpg 300w, https:\/\/harristweed-shop.be\/wp-content\/uploads\/2018\/09\/15380498685218419668288571026247-768x576.jpg 768w, https:\/\/harristweed-shop.be\/wp-content\/uploads\/2018\/09\/15380498685218419668288571026247.jpg 1600w\" sizes=\"(max-width: 980px) 100vw, 980px\" \/>\t\t\t\t\t\t\t\t\t\t\t\t\t\t\t<\/div>\n\t\t\t\t<\/div>\n\t\t\t\t\t<\/div>\n\t\t<\/div>\n\t\t\t\t\t<\/div>\n\t\t<\/section>\n\t\t\t\t<section class=\"elementor-section elementor-inner-section elementor-element elementor-element-6e88f25 elementor-section-boxed elementor-section-height-default elementor-section-height-default\" data-id=\"6e88f25\" data-element_type=\"section\" data-e-type=\"section\">\n\t\t\t\t\t\t<div class=\"elementor-container elementor-column-gap-default\">\n\t\t\t\t\t<div class=\"elementor-column elementor-col-50 elementor-inner-column elementor-element elementor-element-60a8b69\" data-id=\"60a8b69\" data-element_type=\"column\" data-e-type=\"column\">\n\t\t\t<div class=\"elementor-widget-wrap elementor-element-populated\">\n\t\t\t\t\t\t<div class=\"elementor-element elementor-element-6ea72fd elementor-widget elementor-widget-text-editor\" data-id=\"6ea72fd\" data-element_type=\"widget\" data-e-type=\"widget\" data-widget_type=\"text-editor.default\">\n\t\t\t\t<div class=\"elementor-widget-container\">\n\t\t\t\t\t\t\t\t\t<p><strong>Longueur d&#039;entrejambe :<\/strong><\/p><p>Il s&#039;agit de la longueur de la couture int\u00e9rieure de la jambe d&#039;un pantalon bien ajust\u00e9. Assurez-vous de mesurer un pantalon ajust\u00e9 \u00e0 l&#039;entrejambe, et non un pantalon taille basse. Mesurez de l&#039;entrejambe jusqu&#039;au bas de la jambe.<\/p>\t\t\t\t\t\t\t\t<\/div>\n\t\t\t\t<\/div>\n\t\t\t\t\t<\/div>\n\t\t<\/div>\n\t\t\t\t<div class=\"elementor-column elementor-col-50 elementor-inner-column elementor-element elementor-element-1cb3db3\" data-id=\"1cb3db3\" data-element_type=\"column\" data-e-type=\"column\">\n\t\t\t<div class=\"elementor-widget-wrap elementor-element-populated\">\n\t\t\t\t\t\t<div class=\"elementor-element elementor-element-d96c784 elementor-widget elementor-widget-image\" data-id=\"d96c784\" data-element_type=\"widget\" data-e-type=\"widget\" data-widget_type=\"image.default\">\n\t\t\t\t<div class=\"elementor-widget-container\">\n\t\t\t\t\t\t\t\t\t\t\t\t\t\t\t<img loading=\"lazy\" decoding=\"async\" width=\"768\" height=\"1024\" src=\"https:\/\/harristweed-shop.be\/wp-content\/uploads\/2018\/09\/15380498768158382855833994308833-768x1024.jpg\" class=\"attachment-large size-large wp-image-181\" alt=\"\" srcset=\"https:\/\/harristweed-shop.be\/wp-content\/uploads\/2018\/09\/15380498768158382855833994308833-768x1024.jpg 768w, https:\/\/harristweed-shop.be\/wp-content\/uploads\/2018\/09\/15380498768158382855833994308833-262x349.jpg 262w, https:\/\/harristweed-shop.be\/wp-content\/uploads\/2018\/09\/15380498768158382855833994308833-555x740.jpg 555w, https:\/\/harristweed-shop.be\/wp-content\/uploads\/2018\/09\/15380498768158382855833994308833-225x300.jpg 225w, https:\/\/harristweed-shop.be\/wp-content\/uploads\/2018\/09\/15380498768158382855833994308833.jpg 900w\" sizes=\"(max-width: 768px) 100vw, 768px\" \/>\t\t\t\t\t\t\t\t\t\t\t\t\t\t\t<\/div>\n\t\t\t\t<\/div>\n\t\t\t\t\t<\/div>\n\t\t<\/div>\n\t\t\t\t\t<\/div>\n\t\t<\/section>\n\t\t\t\t\t<\/div>\n\t\t<\/div>\n\t\t\t\t\t<\/div>\n\t\t<\/section>\n\t\t\t\t<\/div>","protected":false},"excerpt":{"rendered":"<p>Op deze pagina vindt u de meetinstructies om de juiste maat te bepalen voor de te huren kleding. &nbsp; Lichaamslengte:&nbsp; dit spreekt voor zich, geef hier op hoe lang u bent in centimeters. Boordmaat: Dat is de maat voor het overhemd, gemeten wordt de omvang van uw hals in centimeters, met 1 cm speling. Borst [&hellip;]<\/p>\n","protected":false},"author":1,"featured_media":441,"parent":0,"menu_order":0,"comment_status":"closed","ping_status":"closed","template":"","meta":{"footnotes":""},"class_list":["post-176","page","type-page","status-publish","has-post-thumbnail","hentry"],"_links":{"self":[{"href":"https:\/\/harristweed-shop.be\/fr\/wp-json\/wp\/v2\/pages\/176","targetHints":{"allow":["GET"]}}],"collection":[{"href":"https:\/\/harristweed-shop.be\/fr\/wp-json\/wp\/v2\/pages"}],"about":[{"href":"https:\/\/harristweed-shop.be\/fr\/wp-json\/wp\/v2\/types\/page"}],"author":[{"embeddable":true,"href":"https:\/\/harristweed-shop.be\/fr\/wp-json\/wp\/v2\/users\/1"}],"replies":[{"embeddable":true,"href":"https:\/\/harristweed-shop.be\/fr\/wp-json\/wp\/v2\/comments?post=176"}],"version-history":[{"count":5,"href":"https:\/\/harristweed-shop.be\/fr\/wp-json\/wp\/v2\/pages\/176\/revisions"}],"predecessor-version":[{"id":2647,"href":"https:\/\/harristweed-shop.be\/fr\/wp-json\/wp\/v2\/pages\/176\/revisions\/2647"}],"wp:featuredmedia":[{"embeddable":true,"href":"https:\/\/harristweed-shop.be\/fr\/wp-json\/wp\/v2\/media\/441"}],"wp:attachment":[{"href":"https:\/\/harristweed-shop.be\/fr\/wp-json\/wp\/v2\/media?parent=176"}],"curies":[{"name":"wp","href":"https:\/\/api.w.org\/{rel}","templated":true}]}}