{"id":1554,"date":"2020-04-10T14:39:12","date_gmt":"2020-04-10T14:39:12","guid":{"rendered":"https:\/\/harristweed-shop.be\/?page_id=1554"},"modified":"2020-04-24T10:29:19","modified_gmt":"2020-04-24T10:29:19","slug":"meetinstructies","status":"publish","type":"page","link":"https:\/\/harristweed-shop.be\/fr\/instructions-de-mesure\/","title":{"rendered":"Instructions de mesure"},"content":{"rendered":"<div data-elementor-type=\"wp-page\" data-elementor-id=\"1554\" class=\"elementor elementor-1554\" data-elementor-post-type=\"page\">\n\t\t\t\t\t\t<section class=\"elementor-section elementor-top-section elementor-element elementor-element-36a72c48 elementor-section-content-middle elementor-section-height-min-height elementor-section-boxed elementor-section-height-default elementor-section-items-middle\" data-id=\"36a72c48\" data-element_type=\"section\" data-e-type=\"section\">\n\t\t\t\t\t\t\t<div class=\"elementor-background-overlay\"><\/div>\n\t\t\t\t\t\t\t<div class=\"elementor-container elementor-column-gap-no\">\n\t\t\t\t\t<div class=\"elementor-column elementor-col-100 elementor-top-column elementor-element elementor-element-35556a2d\" data-id=\"35556a2d\" data-element_type=\"column\" data-e-type=\"column\">\n\t\t\t<div class=\"elementor-widget-wrap elementor-element-populated\">\n\t\t\t\t\t\t<div class=\"elementor-element elementor-element-54d132c7 elementor-widget elementor-widget-heading\" data-id=\"54d132c7\" data-element_type=\"widget\" data-e-type=\"widget\" data-widget_type=\"heading.default\">\n\t\t\t\t<div class=\"elementor-widget-container\">\n\t\t\t\t\t<h4 class=\"elementor-heading-title elementor-size-default\">Instructions de mesure<\/h4>\t\t\t\t<\/div>\n\t\t\t\t<\/div>\n\t\t\t\t\t<\/div>\n\t\t<\/div>\n\t\t\t\t\t<\/div>\n\t\t<\/section>\n\t\t\t\t<section class=\"elementor-section elementor-top-section elementor-element elementor-element-54ff6aae elementor-section-content-middle elementor-section-boxed elementor-section-height-default elementor-section-height-default\" data-id=\"54ff6aae\" data-element_type=\"section\" data-e-type=\"section\">\n\t\t\t\t\t\t<div class=\"elementor-container elementor-column-gap-no\">\n\t\t\t\t\t<div class=\"elementor-column elementor-col-50 elementor-top-column elementor-element elementor-element-5ece158a\" data-id=\"5ece158a\" data-element_type=\"column\" data-e-type=\"column\">\n\t\t\t<div class=\"elementor-widget-wrap elementor-element-populated\">\n\t\t\t\t\t\t<div class=\"elementor-element elementor-element-5477a612 elementor-invisible elementor-widget elementor-widget-heading\" data-id=\"5477a612\" data-element_type=\"widget\" data-e-type=\"widget\" data-settings=\"{&quot;_animation&quot;:&quot;fadeInLeft&quot;}\" data-widget_type=\"heading.default\">\n\t\t\t\t<div class=\"elementor-widget-container\">\n\t\t\t\t\t<h3 class=\"elementor-heading-title elementor-size-default\">Instructions de mesure<\/h3>\t\t\t\t<\/div>\n\t\t\t\t<\/div>\n\t\t\t\t<div class=\"elementor-element elementor-element-4b504d1f elementor-invisible elementor-widget elementor-widget-heading\" data-id=\"4b504d1f\" data-element_type=\"widget\" data-e-type=\"widget\" data-settings=\"{&quot;_animation&quot;:&quot;fadeInLeft&quot;}\" data-widget_type=\"heading.default\">\n\t\t\t\t<div class=\"elementor-widget-container\">\n\t\t\t\t\t<h4 class=\"elementor-heading-title elementor-size-default\">Boutique Harris Tweed<\/h4>\t\t\t\t<\/div>\n\t\t\t\t<\/div>\n\t\t\t\t<div class=\"elementor-element elementor-element-6082fab7 elementor-widget elementor-widget-image\" data-id=\"6082fab7\" data-element_type=\"widget\" data-e-type=\"widget\" data-widget_type=\"image.default\">\n\t\t\t\t<div class=\"elementor-widget-container\">\n\t\t\t\t\t\t\t\t\t\t\t\t\t\t\t<img fetchpriority=\"high\" decoding=\"async\" width=\"980\" height=\"735\" src=\"https:\/\/harristweed-shop.be\/wp-content\/uploads\/2018\/09\/15380498446244135287018382413987-1024x768.jpg\" class=\"elementor-animation-grow attachment-large size-large wp-image-177\" alt=\"\" srcset=\"https:\/\/harristweed-shop.be\/wp-content\/uploads\/2018\/09\/15380498446244135287018382413987-1024x768.jpg 1024w, https:\/\/harristweed-shop.be\/wp-content\/uploads\/2018\/09\/15380498446244135287018382413987-262x197.jpg 262w, https:\/\/harristweed-shop.be\/wp-content\/uploads\/2018\/09\/15380498446244135287018382413987-555x416.jpg 555w, https:\/\/harristweed-shop.be\/wp-content\/uploads\/2018\/09\/15380498446244135287018382413987-300x225.jpg 300w, https:\/\/harristweed-shop.be\/wp-content\/uploads\/2018\/09\/15380498446244135287018382413987-768x576.jpg 768w, https:\/\/harristweed-shop.be\/wp-content\/uploads\/2018\/09\/15380498446244135287018382413987.jpg 1600w\" sizes=\"(max-width: 980px) 100vw, 980px\" \/>\t\t\t\t\t\t\t\t\t\t\t\t\t\t\t<\/div>\n\t\t\t\t<\/div>\n\t\t\t\t<div class=\"elementor-element elementor-element-52e3e344 elementor-widget elementor-widget-heading\" data-id=\"52e3e344\" data-element_type=\"widget\" data-e-type=\"widget\" data-widget_type=\"heading.default\">\n\t\t\t\t<div class=\"elementor-widget-container\">\n\t\t\t\t\t<h4 class=\"elementor-heading-title elementor-size-default\">taille du col<\/h4>\t\t\t\t<\/div>\n\t\t\t\t<\/div>\n\t\t\t\t<div class=\"elementor-element elementor-element-307542f0 elementor-widget elementor-widget-text-editor\" data-id=\"307542f0\" data-element_type=\"widget\" data-e-type=\"widget\" data-widget_type=\"text-editor.default\">\n\t\t\t\t<div class=\"elementor-widget-container\">\n\t\t\t\t\t\t\t\t\t<p>Il s&#039;agit de la taille de la chemise, mesur\u00e9e autour de votre cou en centim\u00e8tres, avec une tol\u00e9rance de 1 cm.<\/p>\t\t\t\t\t\t\t\t<\/div>\n\t\t\t\t<\/div>\n\t\t\t\t<div class=\"elementor-element elementor-element-6b4f0c27 elementor-widget elementor-widget-image\" data-id=\"6b4f0c27\" data-element_type=\"widget\" data-e-type=\"widget\" data-widget_type=\"image.default\">\n\t\t\t\t<div class=\"elementor-widget-container\">\n\t\t\t\t\t\t\t\t\t\t\t\t\t\t\t<img decoding=\"async\" width=\"980\" height=\"735\" src=\"https:\/\/harristweed-shop.be\/wp-content\/uploads\/2018\/09\/15380498685218419668288571026247-1024x768.jpg\" class=\"elementor-animation-grow attachment-large size-large wp-image-180\" alt=\"\" srcset=\"https:\/\/harristweed-shop.be\/wp-content\/uploads\/2018\/09\/15380498685218419668288571026247-1024x768.jpg 1024w, https:\/\/harristweed-shop.be\/wp-content\/uploads\/2018\/09\/15380498685218419668288571026247-262x197.jpg 262w, https:\/\/harristweed-shop.be\/wp-content\/uploads\/2018\/09\/15380498685218419668288571026247-555x416.jpg 555w, https:\/\/harristweed-shop.be\/wp-content\/uploads\/2018\/09\/15380498685218419668288571026247-300x225.jpg 300w, https:\/\/harristweed-shop.be\/wp-content\/uploads\/2018\/09\/15380498685218419668288571026247-768x576.jpg 768w, https:\/\/harristweed-shop.be\/wp-content\/uploads\/2018\/09\/15380498685218419668288571026247.jpg 1600w\" sizes=\"(max-width: 980px) 100vw, 980px\" \/>\t\t\t\t\t\t\t\t\t\t\t\t\t\t\t<\/div>\n\t\t\t\t<\/div>\n\t\t\t\t<div class=\"elementor-element elementor-element-14a3c3ac elementor-widget elementor-widget-heading\" data-id=\"14a3c3ac\" data-element_type=\"widget\" data-e-type=\"widget\" data-widget_type=\"heading.default\">\n\t\t\t\t<div class=\"elementor-widget-container\">\n\t\t\t\t\t<h4 class=\"elementor-heading-title elementor-size-default\">ceinture du pantalon<\/h4>\t\t\t\t<\/div>\n\t\t\t\t<\/div>\n\t\t\t\t<div class=\"elementor-element elementor-element-9a02284 elementor-widget elementor-widget-text-editor\" data-id=\"9a02284\" data-element_type=\"widget\" data-e-type=\"widget\" data-widget_type=\"text-editor.default\">\n\t\t\t\t<div class=\"elementor-widget-container\">\n\t\t\t\t\t\t\t\t\t<p>Il s&#039;agit de la circonf\u00e9rence de la ceinture du pantalon, mesur\u00e9e \u00e0 l&#039;endroit o\u00f9 le pantalon sera ajust\u00e9 autour de la taille, en centim\u00e8tres. Vous pouvez \u00e9galement mesurer la ceinture d&#039;un pantalon d\u00e9j\u00e0 bien ajust\u00e9, d&#039;un bouton \u00e0 l&#039;autre.<\/p>\t\t\t\t\t\t\t\t<\/div>\n\t\t\t\t<\/div>\n\t\t\t\t\t<\/div>\n\t\t<\/div>\n\t\t\t\t<div class=\"elementor-column elementor-col-50 elementor-top-column elementor-element elementor-element-76fbe6f6\" data-id=\"76fbe6f6\" data-element_type=\"column\" data-e-type=\"column\">\n\t\t\t<div class=\"elementor-widget-wrap elementor-element-populated\">\n\t\t\t\t\t\t<div class=\"elementor-element elementor-element-7cf3fd89 elementor-widget elementor-widget-image\" data-id=\"7cf3fd89\" data-element_type=\"widget\" data-e-type=\"widget\" data-widget_type=\"image.default\">\n\t\t\t\t<div class=\"elementor-widget-container\">\n\t\t\t\t\t\t\t\t\t\t\t\t\t\t\t<img decoding=\"async\" width=\"980\" height=\"735\" src=\"https:\/\/harristweed-shop.be\/wp-content\/uploads\/2018\/09\/15380498534322872214232157565577-1024x768.jpg\" class=\"elementor-animation-grow attachment-large size-large wp-image-178\" alt=\"\" srcset=\"https:\/\/harristweed-shop.be\/wp-content\/uploads\/2018\/09\/15380498534322872214232157565577-1024x768.jpg 1024w, https:\/\/harristweed-shop.be\/wp-content\/uploads\/2018\/09\/15380498534322872214232157565577-262x197.jpg 262w, https:\/\/harristweed-shop.be\/wp-content\/uploads\/2018\/09\/15380498534322872214232157565577-555x416.jpg 555w, https:\/\/harristweed-shop.be\/wp-content\/uploads\/2018\/09\/15380498534322872214232157565577-300x225.jpg 300w, https:\/\/harristweed-shop.be\/wp-content\/uploads\/2018\/09\/15380498534322872214232157565577-768x576.jpg 768w, https:\/\/harristweed-shop.be\/wp-content\/uploads\/2018\/09\/15380498534322872214232157565577.jpg 1600w\" sizes=\"(max-width: 980px) 100vw, 980px\" \/>\t\t\t\t\t\t\t\t\t\t\t\t\t\t\t<\/div>\n\t\t\t\t<\/div>\n\t\t\t\t<div class=\"elementor-element elementor-element-b24ef3e elementor-widget elementor-widget-heading\" data-id=\"b24ef3e\" data-element_type=\"widget\" data-e-type=\"widget\" data-widget_type=\"heading.default\">\n\t\t\t\t<div class=\"elementor-widget-container\">\n\t\t\t\t\t<h4 class=\"elementor-heading-title elementor-size-default\">taille de buste<\/h4>\t\t\t\t<\/div>\n\t\t\t\t<\/div>\n\t\t\t\t<div class=\"elementor-element elementor-element-2a6ed13e elementor-widget elementor-widget-text-editor\" data-id=\"2a6ed13e\" data-element_type=\"widget\" data-e-type=\"widget\" data-widget_type=\"text-editor.default\">\n\t\t\t\t<div class=\"elementor-widget-container\">\n\t\t\t\t\t\t\t\t\t<p>Voici votre tour de poitrine, mesur\u00e9 en centim\u00e8tres au point le plus large. Tenez le m\u00e8tre ruban sans serrer autour de votre poitrine, mais assurez-vous qu&#039;il soit bien ajust\u00e9. Tenez-vous debout, d\u00e9tendu.<\/p>\t\t\t\t\t\t\t\t<\/div>\n\t\t\t\t<\/div>\n\t\t\t\t<div class=\"elementor-element elementor-element-2886ae4b elementor-widget elementor-widget-image\" data-id=\"2886ae4b\" data-element_type=\"widget\" data-e-type=\"widget\" data-widget_type=\"image.default\">\n\t\t\t\t<div class=\"elementor-widget-container\">\n\t\t\t\t\t\t\t\t\t\t\t\t\t\t\t<img loading=\"lazy\" decoding=\"async\" width=\"980\" height=\"735\" src=\"https:\/\/harristweed-shop.be\/wp-content\/uploads\/2018\/09\/15380498611438681906403701085341-1024x768.jpg\" class=\"elementor-animation-grow attachment-large size-large wp-image-179\" alt=\"\" srcset=\"https:\/\/harristweed-shop.be\/wp-content\/uploads\/2018\/09\/15380498611438681906403701085341-1024x768.jpg 1024w, https:\/\/harristweed-shop.be\/wp-content\/uploads\/2018\/09\/15380498611438681906403701085341-262x197.jpg 262w, https:\/\/harristweed-shop.be\/wp-content\/uploads\/2018\/09\/15380498611438681906403701085341-555x416.jpg 555w, https:\/\/harristweed-shop.be\/wp-content\/uploads\/2018\/09\/15380498611438681906403701085341-300x225.jpg 300w, https:\/\/harristweed-shop.be\/wp-content\/uploads\/2018\/09\/15380498611438681906403701085341-768x576.jpg 768w, https:\/\/harristweed-shop.be\/wp-content\/uploads\/2018\/09\/15380498611438681906403701085341.jpg 1600w\" sizes=\"(max-width: 980px) 100vw, 980px\" \/>\t\t\t\t\t\t\t\t\t\t\t\t\t\t\t<\/div>\n\t\t\t\t<\/div>\n\t\t\t\t<div class=\"elementor-element elementor-element-b9ec143 elementor-widget elementor-widget-heading\" data-id=\"b9ec143\" data-element_type=\"widget\" data-e-type=\"widget\" data-widget_type=\"heading.default\">\n\t\t\t\t<div class=\"elementor-widget-container\">\n\t\t\t\t\t<h4 class=\"elementor-heading-title elementor-size-default\">tour de taille<\/h4>\t\t\t\t<\/div>\n\t\t\t\t<\/div>\n\t\t\t\t<div class=\"elementor-element elementor-element-50ed5301 elementor-widget elementor-widget-text-editor\" data-id=\"50ed5301\" data-element_type=\"widget\" data-e-type=\"widget\" data-widget_type=\"text-editor.default\">\n\t\t\t\t<div class=\"elementor-widget-container\">\n\t\t\t\t\t\t\t\t\t<p>Il s&#039;agit de la circonf\u00e9rence de votre abdomen, \u00e0 son point le plus large, y compris les ischio-jambiers sur les c\u00f4t\u00e9s. Gardez votre abdomen d\u00e9tendu, ne le contractez pas\u00a0! Mesur\u00e9 en centim\u00e8tres.<\/p>\t\t\t\t\t\t\t\t<\/div>\n\t\t\t\t<\/div>\n\t\t\t\t<div class=\"elementor-element elementor-element-7ecf6cdd elementor-widget elementor-widget-image\" data-id=\"7ecf6cdd\" data-element_type=\"widget\" data-e-type=\"widget\" data-widget_type=\"image.default\">\n\t\t\t\t<div class=\"elementor-widget-container\">\n\t\t\t\t\t\t\t\t\t\t\t\t\t\t\t<img loading=\"lazy\" decoding=\"async\" width=\"768\" height=\"1024\" src=\"https:\/\/harristweed-shop.be\/wp-content\/uploads\/2018\/09\/15380498768158382855833994308833-768x1024.jpg\" class=\"elementor-animation-grow attachment-large size-large wp-image-181\" alt=\"\" srcset=\"https:\/\/harristweed-shop.be\/wp-content\/uploads\/2018\/09\/15380498768158382855833994308833-768x1024.jpg 768w, https:\/\/harristweed-shop.be\/wp-content\/uploads\/2018\/09\/15380498768158382855833994308833-262x349.jpg 262w, https:\/\/harristweed-shop.be\/wp-content\/uploads\/2018\/09\/15380498768158382855833994308833-555x740.jpg 555w, https:\/\/harristweed-shop.be\/wp-content\/uploads\/2018\/09\/15380498768158382855833994308833-225x300.jpg 225w, https:\/\/harristweed-shop.be\/wp-content\/uploads\/2018\/09\/15380498768158382855833994308833.jpg 900w\" sizes=\"(max-width: 768px) 100vw, 768px\" \/>\t\t\t\t\t\t\t\t\t\t\t\t\t\t\t<\/div>\n\t\t\t\t<\/div>\n\t\t\t\t<div class=\"elementor-element elementor-element-42fcee26 elementor-widget elementor-widget-heading\" data-id=\"42fcee26\" data-element_type=\"widget\" data-e-type=\"widget\" data-widget_type=\"heading.default\">\n\t\t\t\t<div class=\"elementor-widget-container\">\n\t\t\t\t\t<h4 class=\"elementor-heading-title elementor-size-default\">longueur de l&#039;entrejambe<\/h4>\t\t\t\t<\/div>\n\t\t\t\t<\/div>\n\t\t\t\t<div class=\"elementor-element elementor-element-30207a95 elementor-widget elementor-widget-text-editor\" data-id=\"30207a95\" data-element_type=\"widget\" data-e-type=\"widget\" data-widget_type=\"text-editor.default\">\n\t\t\t\t<div class=\"elementor-widget-container\">\n\t\t\t\t\t\t\t\t\t<p>Il s&#039;agit de la longueur de la couture int\u00e9rieure de la jambe d&#039;un pantalon bien ajust\u00e9. Assurez-vous de mesurer un pantalon ajust\u00e9 \u00e0 l&#039;entrejambe, et non un pantalon taille basse. Mesurez de l&#039;entrejambe jusqu&#039;au bas de la jambe.<\/p>\t\t\t\t\t\t\t\t<\/div>\n\t\t\t\t<\/div>\n\t\t\t\t\t<\/div>\n\t\t<\/div>\n\t\t\t\t\t<\/div>\n\t\t<\/section>\n\t\t\t\t<section class=\"elementor-section elementor-top-section elementor-element elementor-element-e9e378f elementor-section-content-middle elementor-section-boxed elementor-section-height-default elementor-section-height-default\" data-id=\"e9e378f\" data-element_type=\"section\" data-e-type=\"section\" data-settings=\"{&quot;animation&quot;:&quot;none&quot;}\">\n\t\t\t\t\t\t\t<div class=\"elementor-background-overlay\"><\/div>\n\t\t\t\t\t\t\t<div class=\"elementor-container elementor-column-gap-no\">\n\t\t\t\t\t<div class=\"elementor-column elementor-col-50 elementor-top-column elementor-element elementor-element-27dbc9ae\" data-id=\"27dbc9ae\" data-element_type=\"column\" data-e-type=\"column\">\n\t\t\t<div class=\"elementor-widget-wrap elementor-element-populated\">\n\t\t\t\t\t\t<div class=\"elementor-element elementor-element-5ff2e2e elementor-widget elementor-widget-text-editor\" data-id=\"5ff2e2e\" data-element_type=\"widget\" data-e-type=\"widget\" data-widget_type=\"text-editor.default\">\n\t\t\t\t<div class=\"elementor-widget-container\">\n\t\t\t\t\t\t\t\t\t<p>Avez-vous pris toutes les mesures n\u00e9cessaires\u00a0? Consultez ensuite le tableau des tailles pour d\u00e9terminer la taille qui vous convient le mieux.<\/p>\t\t\t\t\t\t\t\t<\/div>\n\t\t\t\t<\/div>\n\t\t\t\t<div class=\"elementor-element elementor-element-4f1ee4d elementor-align-center elementor-button-success elementor-mobile-align-left elementor-widget elementor-widget-button\" data-id=\"4f1ee4d\" data-element_type=\"widget\" data-e-type=\"widget\" data-widget_type=\"button.default\">\n\t\t\t\t<div class=\"elementor-widget-container\">\n\t\t\t\t\t\t\t\t\t<div class=\"elementor-button-wrapper\">\n\t\t\t\t\t<a class=\"elementor-button elementor-button-link elementor-size-sm elementor-animation-grow\" href=\"#\">\n\t\t\t\t\t\t<span class=\"elementor-button-content-wrapper\">\n\t\t\t\t\t\t\t\t\t<span class=\"elementor-button-text\">tableaux des tailles<\/span>\n\t\t\t\t\t<\/span>\n\t\t\t\t\t<\/a>\n\t\t\t\t<\/div>\n\t\t\t\t\t\t\t\t<\/div>\n\t\t\t\t<\/div>\n\t\t\t\t\t<\/div>\n\t\t<\/div>\n\t\t\t\t<div class=\"elementor-column elementor-col-50 elementor-top-column elementor-element elementor-element-e157456\" data-id=\"e157456\" data-element_type=\"column\" data-e-type=\"column\">\n\t\t\t<div class=\"elementor-widget-wrap\">\n\t\t\t\t\t\t\t<\/div>\n\t\t<\/div>\n\t\t\t\t\t<\/div>\n\t\t<\/section>\n\t\t\t\t<section class=\"elementor-section elementor-top-section elementor-element elementor-element-37a6c5c elementor-section-boxed elementor-section-height-default elementor-section-height-default\" data-id=\"37a6c5c\" data-element_type=\"section\" data-e-type=\"section\">\n\t\t\t\t\t\t<div class=\"elementor-container elementor-column-gap-default\">\n\t\t\t\t\t<div class=\"elementor-column elementor-col-100 elementor-top-column elementor-element elementor-element-283a05f\" data-id=\"283a05f\" data-element_type=\"column\" data-e-type=\"column\">\n\t\t\t<div class=\"elementor-widget-wrap elementor-element-populated\">\n\t\t\t\t\t\t<div class=\"elementor-element elementor-element-1a0a4ce elementor-widget elementor-widget-spacer\" data-id=\"1a0a4ce\" data-element_type=\"widget\" data-e-type=\"widget\" data-widget_type=\"spacer.default\">\n\t\t\t\t<div class=\"elementor-widget-container\">\n\t\t\t\t\t\t\t<div class=\"elementor-spacer\">\n\t\t\t<div class=\"elementor-spacer-inner\"><\/div>\n\t\t<\/div>\n\t\t\t\t\t\t<\/div>\n\t\t\t\t<\/div>\n\t\t\t\t\t<\/div>\n\t\t<\/div>\n\t\t\t\t\t<\/div>\n\t\t<\/section>\n\t\t\t\t<\/div>","protected":false},"excerpt":{"rendered":"<p>Meetinstructies Meet instructies harris tweed shop boordmaat Dat is de maat voor het overhemd, gemeten wordt de omvang van uw hals in centimeters, met 1 cm speling. band van de broek Dit is de omvang van de broekband, gemeten op de plaats waar de broek komt te zitten, strak rondom gemeten in centimeters. U kunt [&hellip;]<\/p>\n","protected":false},"author":7,"featured_media":0,"parent":0,"menu_order":0,"comment_status":"closed","ping_status":"closed","template":"elementor_header_footer","meta":{"footnotes":""},"class_list":["post-1554","page","type-page","status-publish","hentry"],"_links":{"self":[{"href":"https:\/\/harristweed-shop.be\/fr\/wp-json\/wp\/v2\/pages\/1554","targetHints":{"allow":["GET"]}}],"collection":[{"href":"https:\/\/harristweed-shop.be\/fr\/wp-json\/wp\/v2\/pages"}],"about":[{"href":"https:\/\/harristweed-shop.be\/fr\/wp-json\/wp\/v2\/types\/page"}],"author":[{"embeddable":true,"href":"https:\/\/harristweed-shop.be\/fr\/wp-json\/wp\/v2\/users\/7"}],"replies":[{"embeddable":true,"href":"https:\/\/harristweed-shop.be\/fr\/wp-json\/wp\/v2\/comments?post=1554"}],"version-history":[{"count":9,"href":"https:\/\/harristweed-shop.be\/fr\/wp-json\/wp\/v2\/pages\/1554\/revisions"}],"predecessor-version":[{"id":2704,"href":"https:\/\/harristweed-shop.be\/fr\/wp-json\/wp\/v2\/pages\/1554\/revisions\/2704"}],"wp:attachment":[{"href":"https:\/\/harristweed-shop.be\/fr\/wp-json\/wp\/v2\/media?parent=1554"}],"curies":[{"name":"wp","href":"https:\/\/api.w.org\/{rel}","templated":true}]}}