{"id":154,"date":"2018-09-27T11:50:27","date_gmt":"2018-09-27T11:50:27","guid":{"rendered":"https:\/\/harristweed-shop.be\/?page_id=154"},"modified":"2020-04-17T14:45:00","modified_gmt":"2020-04-17T14:45:00","slug":"bedrijfsgegevens","status":"publish","type":"page","link":"https:\/\/harristweed-shop.be\/fr\/details-de-lentreprise\/","title":{"rendered":"D\u00e9tails de l&#039;entreprise"},"content":{"rendered":"<div data-elementor-type=\"wp-page\" data-elementor-id=\"154\" class=\"elementor elementor-154\" data-elementor-post-type=\"page\">\n\t\t\t\t\t\t<section class=\"elementor-section elementor-top-section elementor-element elementor-element-2e01223 elementor-section-content-middle elementor-section-height-min-height elementor-section-boxed elementor-section-height-default elementor-section-items-middle\" data-id=\"2e01223\" data-element_type=\"section\" data-e-type=\"section\" data-settings=\"{&quot;background_background&quot;:&quot;classic&quot;}\">\n\t\t\t\t\t\t\t<div class=\"elementor-background-overlay\"><\/div>\n\t\t\t\t\t\t\t<div class=\"elementor-container elementor-column-gap-no\">\n\t\t\t\t\t<div class=\"elementor-column elementor-col-100 elementor-top-column elementor-element elementor-element-4bf6796b\" data-id=\"4bf6796b\" data-element_type=\"column\" data-e-type=\"column\">\n\t\t\t<div class=\"elementor-widget-wrap elementor-element-populated\">\n\t\t\t\t\t\t<div class=\"elementor-element elementor-element-42da85e4 elementor-widget elementor-widget-heading\" data-id=\"42da85e4\" data-element_type=\"widget\" data-e-type=\"widget\" data-widget_type=\"heading.default\">\n\t\t\t\t<div class=\"elementor-widget-container\">\n\t\t\t\t\t<h4 class=\"elementor-heading-title elementor-size-default\">D\u00e9tails de l&#039;entreprise<\/h4>\t\t\t\t<\/div>\n\t\t\t\t<\/div>\n\t\t\t\t\t<\/div>\n\t\t<\/div>\n\t\t\t\t\t<\/div>\n\t\t<\/section>\n\t\t\t\t<section class=\"elementor-section elementor-top-section elementor-element elementor-element-3376ba6 elementor-section-boxed elementor-section-height-default elementor-section-height-default\" data-id=\"3376ba6\" data-element_type=\"section\" data-e-type=\"section\">\n\t\t\t\t\t\t<div class=\"elementor-container elementor-column-gap-default\">\n\t\t\t\t\t<div class=\"elementor-column elementor-col-100 elementor-top-column elementor-element elementor-element-b61057c\" data-id=\"b61057c\" data-element_type=\"column\" data-e-type=\"column\">\n\t\t\t<div class=\"elementor-widget-wrap elementor-element-populated\">\n\t\t\t\t\t\t<div class=\"elementor-element elementor-element-2cb1019 elementor-widget elementor-widget-spacer\" data-id=\"2cb1019\" data-element_type=\"widget\" data-e-type=\"widget\" data-widget_type=\"spacer.default\">\n\t\t\t\t<div class=\"elementor-widget-container\">\n\t\t\t\t\t\t\t<div class=\"elementor-spacer\">\n\t\t\t<div class=\"elementor-spacer-inner\"><\/div>\n\t\t<\/div>\n\t\t\t\t\t\t<\/div>\n\t\t\t\t<\/div>\n\t\t\t\t\t<\/div>\n\t\t<\/div>\n\t\t\t\t\t<\/div>\n\t\t<\/section>\n\t\t\t\t<section class=\"elementor-section elementor-top-section elementor-element elementor-element-58641b23 elementor-section-boxed elementor-section-height-default elementor-section-height-default\" data-id=\"58641b23\" data-element_type=\"section\" data-e-type=\"section\">\n\t\t\t\t\t\t<div class=\"elementor-container elementor-column-gap-default\">\n\t\t\t\t\t<div class=\"elementor-column elementor-col-100 elementor-top-column elementor-element elementor-element-505d4e10\" data-id=\"505d4e10\" data-element_type=\"column\" data-e-type=\"column\">\n\t\t\t<div class=\"elementor-widget-wrap elementor-element-populated\">\n\t\t\t\t\t\t<div class=\"elementor-element elementor-element-2a18e307 elementor-widget elementor-widget-text-editor\" data-id=\"2a18e307\" data-element_type=\"widget\" data-e-type=\"widget\" data-widget_type=\"text-editor.default\">\n\t\t\t\t<div class=\"elementor-widget-container\">\n\t\t\t\t\t\t\t\t\t<p>Harristweed-shop.nl fait partie de Meeuwis Herenmode. Implant\u00e9s \u00e0 Bois-le-Duc depuis 1949, nous sommes sp\u00e9cialis\u00e9s dans les v\u00eatements de c\u00e9r\u00e9monie.<\/p><p>Dans notre boutique de Bois-le-Duc, vous trouverez des smokings et des queues-de-pie, ainsi qu&#039;un large choix de costumes de mariage. Nous disposons \u00e9galement d&#039;un espace d\u00e9di\u00e9 aux costumes et chemises sur mesure.<\/p><p>Nous avons fait une s\u00e9lection de v\u00eatements et d&#039;accessoires que nous proposons via notre boutique en ligne, mais dans notre magasin, la gamme est beaucoup plus large et plus \u00e9tendue.<br \/>Nous pouvons \u00e9galement vous conseiller sur la taille et le style. Nous serions ravis de vous accueillir en magasin, mais vous pouvez \u00e9galement faire votre choix sur notre boutique en ligne.<\/p><p><img fetchpriority=\"high\" decoding=\"async\" class=\"alignnone size-full wp-image-436\" src=\"https:\/\/harristweed-shop.be\/wp-content\/uploads\/2019\/10\/harristweed-shop-e1571853925629.jpg\" alt=\"\" width=\"300\" height=\"343\" srcset=\"https:\/\/harristweed-shop.be\/wp-content\/uploads\/2019\/10\/harristweed-shop-e1571853925629.jpg 300w, https:\/\/harristweed-shop.be\/wp-content\/uploads\/2019\/10\/harristweed-shop-e1571853925629-262x300.jpg 262w\" sizes=\"(max-width: 300px) 100vw, 300px\" \/><\/p><p>\u00a0<\/p><p>Harristweed-shop.nl<br \/>Rue Hinthamer 170<br \/>5211 mv Bois-le-Duc<br \/>073-6130131<br \/>www.harristweed-shop.nl<\/p><p>Horaires d&#039;ouverture :<br \/>ferm\u00e9 le lundi<br \/>Mar-9h-18h<br \/>Mer - 9h00 - 18h00<br \/>Jeu-9h-18h<br \/>Ven - 9h - 18h<br \/>Sam - 9h - 17h<\/p><p>Enregistr\u00e9 \u00e0 la Chambre de Commerce sous le num\u00e9ro 64769631<\/p>\t\t\t\t\t\t\t\t<\/div>\n\t\t\t\t<\/div>\n\t\t\t\t\t<\/div>\n\t\t<\/div>\n\t\t\t\t\t<\/div>\n\t\t<\/section>\n\t\t\t\t<\/div>","protected":false},"excerpt":{"rendered":"<p>Bedrijfsgegevens Harristweed-shop.nl is onderdeel van Meeuwis Herenmode. Wij zijn gevestigd in &#8216;s-Hertogenbosch, sinds 1949, en volledig gespecialiseerd in gelegenheidskleding. In onze winkel in &#8216;s-Hertogenbosch vindt u naast smokings en jacquets ook een ruime collectie trouwkostuums en hebben wij een speciaal ingerichte corner voor maatkostuums en overhemden. Wij hebben een selectie gemaakt van kleding en accessoires [&hellip;]<\/p>\n","protected":false},"author":1,"featured_media":441,"parent":0,"menu_order":0,"comment_status":"closed","ping_status":"closed","template":"elementor_header_footer","meta":{"footnotes":""},"class_list":["post-154","page","type-page","status-publish","has-post-thumbnail","hentry"],"_links":{"self":[{"href":"https:\/\/harristweed-shop.be\/fr\/wp-json\/wp\/v2\/pages\/154","targetHints":{"allow":["GET"]}}],"collection":[{"href":"https:\/\/harristweed-shop.be\/fr\/wp-json\/wp\/v2\/pages"}],"about":[{"href":"https:\/\/harristweed-shop.be\/fr\/wp-json\/wp\/v2\/types\/page"}],"author":[{"embeddable":true,"href":"https:\/\/harristweed-shop.be\/fr\/wp-json\/wp\/v2\/users\/1"}],"replies":[{"embeddable":true,"href":"https:\/\/harristweed-shop.be\/fr\/wp-json\/wp\/v2\/comments?post=154"}],"version-history":[{"count":7,"href":"https:\/\/harristweed-shop.be\/fr\/wp-json\/wp\/v2\/pages\/154\/revisions"}],"predecessor-version":[{"id":2644,"href":"https:\/\/harristweed-shop.be\/fr\/wp-json\/wp\/v2\/pages\/154\/revisions\/2644"}],"wp:featuredmedia":[{"embeddable":true,"href":"https:\/\/harristweed-shop.be\/fr\/wp-json\/wp\/v2\/media\/441"}],"wp:attachment":[{"href":"https:\/\/harristweed-shop.be\/fr\/wp-json\/wp\/v2\/media?parent=154"}],"curies":[{"name":"wp","href":"https:\/\/api.w.org\/{rel}","templated":true}]}}