{"id":150,"date":"2018-09-27T11:45:58","date_gmt":"2018-09-27T11:45:58","guid":{"rendered":"https:\/\/harristweed-shop.be\/?page_id=150"},"modified":"2019-10-23T19:21:15","modified_gmt":"2019-10-23T19:21:15","slug":"welkom","status":"publish","type":"page","link":"https:\/\/harristweed-shop.be\/fr\/accueillir\/","title":{"rendered":"Accueillir"},"content":{"rendered":"<p><img fetchpriority=\"high\" decoding=\"async\" class=\"alignnone size-full wp-image-436\" src=\"https:\/\/harristweed-shop.be\/wp-content\/uploads\/2019\/10\/harristweed-shop-e1571853925629.jpg\" alt=\"\" width=\"300\" height=\"343\" srcset=\"https:\/\/harristweed-shop.be\/wp-content\/uploads\/2019\/10\/harristweed-shop-e1571853925629.jpg 300w, https:\/\/harristweed-shop.be\/wp-content\/uploads\/2019\/10\/harristweed-shop-e1571853925629-262x300.jpg 262w\" sizes=\"(max-width: 300px) 100vw, 300px\" \/><\/p>\n<p>Harristweed-shop.nl<\/p>\n<p>Une boutique en ligne de mode masculine Meeuwis.<br \/>\nNous avons fait une s\u00e9lection de notre gamme, que nous proposons dans cette boutique en ligne.<br \/>\nNous sommes sp\u00e9cialis\u00e9s dans les costumes sur mesure, les tissus en tweed, les tenues de soir\u00e9e, les smokings et les queues-de-pie depuis 1949. Cela nous conf\u00e8re une vaste expertise dans ce domaine et nous permet de nous qualifier \u00e0 juste titre de sp\u00e9cialistes.<\/p>\n<p>Nous pr\u00e9parerons votre commande avec le plus grand soin.<\/p>\n<p>Vous \u00eates bien s\u00fbr toujours les bienvenus dans notre magasin \u00e0 &#039;s-Hertogenbosch.<\/p>\n<p><strong>Accueillir!!<\/strong><\/p>","protected":false},"excerpt":{"rendered":"<p>Harristweed-shop.nl Een webwinkel van Meeuwis herenmode. Wij hebben een selectie gemaakt uit ons assortiment ,wat wij aanbieden op deze webshop. Wij zijn al sinds 1949 gespecialiseerd in maatkostuums, tweedstoffen, gelegenheidskleding, smokings en jacquets. Hierdoor\u00a0hebben wij een grote know how op dit gebied en kunnen wij ons met recht specialist noemen. Wij zullen uw bestelling met [&hellip;]<\/p>\n","protected":false},"author":1,"featured_media":441,"parent":0,"menu_order":0,"comment_status":"closed","ping_status":"closed","template":"","meta":{"footnotes":""},"class_list":["post-150","page","type-page","status-publish","has-post-thumbnail","hentry"],"_links":{"self":[{"href":"https:\/\/harristweed-shop.be\/fr\/wp-json\/wp\/v2\/pages\/150","targetHints":{"allow":["GET"]}}],"collection":[{"href":"https:\/\/harristweed-shop.be\/fr\/wp-json\/wp\/v2\/pages"}],"about":[{"href":"https:\/\/harristweed-shop.be\/fr\/wp-json\/wp\/v2\/types\/page"}],"author":[{"embeddable":true,"href":"https:\/\/harristweed-shop.be\/fr\/wp-json\/wp\/v2\/users\/1"}],"replies":[{"embeddable":true,"href":"https:\/\/harristweed-shop.be\/fr\/wp-json\/wp\/v2\/comments?post=150"}],"version-history":[{"count":3,"href":"https:\/\/harristweed-shop.be\/fr\/wp-json\/wp\/v2\/pages\/150\/revisions"}],"predecessor-version":[{"id":471,"href":"https:\/\/harristweed-shop.be\/fr\/wp-json\/wp\/v2\/pages\/150\/revisions\/471"}],"wp:featuredmedia":[{"embeddable":true,"href":"https:\/\/harristweed-shop.be\/fr\/wp-json\/wp\/v2\/media\/441"}],"wp:attachment":[{"href":"https:\/\/harristweed-shop.be\/fr\/wp-json\/wp\/v2\/media?parent=150"}],"curies":[{"name":"wp","href":"https:\/\/api.w.org\/{rel}","templated":true}]}}