{"id":539344,"date":"2025-08-02T12:17:58","date_gmt":"2025-08-02T12:17:58","guid":{"rendered":"https:\/\/harristweed-shop.be\/product\/bodywarmer-vestje-austin-beige\/"},"modified":"2026-04-07T18:27:16","modified_gmt":"2026-04-07T18:27:16","slug":"bodywarmer-vestje-austin-beige","status":"publish","type":"product","link":"https:\/\/harristweed-shop.be\/be\/product\/bodywarmer-vestje-austin-beige\/","title":{"rendered":"Bodywarmer Katoen &#8220;Austin&#8221; In Beige"},"content":{"rendered":"<p>Het &#8220;Austin&#8221;-vest is een doordacht ontworpen metgezel voor iedereen die waarde hecht aan functionaliteit, comfort en tijdloze stijl. Of u nu op reis bent, gaat wandelen of de stad verkent, dit lichtgewicht, veelzijdige vest is perfect voor elke gelegenheid. Gemaakt van hoogwaardig, wind- en waterafstotend katoenen canvas, biedt het een comfortabel gevoel, zelfs op warmere dagen. De traploos verstelbare tailleband met trekkoord zorgt voor een optimale pasvorm, terwijl de opstaande\/omgeslagen kraag, in combinatie met een robuuste ritssluiting en drukknopen, extra bescherming biedt tegen de wind. Het goed ontworpen zakkensysteem is bijzonder praktisch: twee borstzakken, twee tweewegs klepzakken en twee binnenzakken, waarvan \u00e9\u00e9n met een veilige ritssluiting, bieden voldoende ruimte voor essenti\u00eble spullen. Ondanks zijn functionele eigenschappen blijft het &#8220;Austin&#8221;-vest aangenaam licht en kan het compact worden opgerold \u2013 ideaal voor op reis. Een betrouwbare alleskunner voor elk avontuur.<\/p>\n<p>&#8211; Verstelbaar trekkoord in de taille<br \/>\n<br \/>&#8211; Opstaande kraag<br \/>\n<br \/>&#8211; Stevige YKK-ritssluiting<br \/>\n<br \/>&#8211; Machinewasbaar en gemakkelijk te onderhouden<br \/>\n<br \/>&#8211; Twee opgestikte zakken (tweewegs)<br \/>\n<br \/>&#8211; Twee binnenzakken<br \/>\n<br \/>&#8211; Twee afsluitbare borstzakken<\/p>\n<p>Modelafmetingen: Het model is 182 cm lang en draagt \u200b\u200bmaat 50.<br \/>Pasvorm: Dit praktische katoenen vest heeft een comfortabele pasvorm en is zeer prettig om te dragen.<br \/>Productafmetingen: Voor maat 50 zijn de afmetingen: Ruglengte: 68 cm &#8211; Borstbreedte (halve breedte): 55 cm<\/p>\n<p>Buitenstof: 100% katoen<\/p>","protected":false},"excerpt":{"rendered":"<p>Bodywarmer Katoen &#8220;Austin&#8221; In Beige 29.<\/p>\n<p>Het &#8220;Austin&#8221;-vest is een doordacht ontworpen metgezel voor iedereen die waarde hecht aan functionaliteit, comfort en tijdloze stijl. Of u nu op reis bent, gaat wandelen of de stad verkent, dit lichtgewicht, veelzijdige vest is perfect voor elke gelegenheid.<\/p>","protected":false},"featured_media":539353,"template":"","meta":[],"product_brand":[],"product_cat":[1060,87,482,531],"product_tag":[],"class_list":{"0":"post-539344","1":"product","2":"type-product","3":"status-publish","4":"has-post-thumbnail","6":"product_cat-bodywarmer","7":"product_cat-jassen-en-jacks","8":"product_cat-mantel-und-jacken","9":"product_cat-mantel-und-jacken-fur-herren","10":"pa_merk-wellington","12":"first","13":"instock","14":"taxable","15":"shipping-taxable","16":"purchasable","17":"product-type-variable"},"df_price":99.95,"df_sale_price":"","df_regular_price":99.95,"df_image_link":"https:\/\/harristweed-shop.be\/wp-content\/uploads\/2025\/08\/1743650b32abd194aad8dbd52a546bee_Bodywarmer___vestje_Austin_Beige-225x300.jpeg","_links":{"self":[{"href":"https:\/\/harristweed-shop.be\/be\/wp-json\/wp\/v2\/product\/539344","targetHints":{"allow":["GET"]}}],"collection":[{"href":"https:\/\/harristweed-shop.be\/be\/wp-json\/wp\/v2\/product"}],"about":[{"href":"https:\/\/harristweed-shop.be\/be\/wp-json\/wp\/v2\/types\/product"}],"wp:featuredmedia":[{"embeddable":true,"href":"https:\/\/harristweed-shop.be\/be\/wp-json\/wp\/v2\/media\/539353"}],"wp:attachment":[{"href":"https:\/\/harristweed-shop.be\/be\/wp-json\/wp\/v2\/media?parent=539344"}],"wp:term":[{"taxonomy":"product_brand","embeddable":true,"href":"https:\/\/harristweed-shop.be\/be\/wp-json\/wp\/v2\/product_brand?post=539344"},{"taxonomy":"product_cat","embeddable":true,"href":"https:\/\/harristweed-shop.be\/be\/wp-json\/wp\/v2\/product_cat?post=539344"},{"taxonomy":"product_tag","embeddable":true,"href":"https:\/\/harristweed-shop.be\/be\/wp-json\/wp\/v2\/product_tag?post=539344"}],"curies":[{"name":"wp","href":"https:\/\/api.w.org\/{rel}","templated":true}]}}